{"id":54212,"date":"2022-12-01T19:19:05","date_gmt":"2022-12-01T19:19:05","guid":{"rendered":"https:\/\/donaulife-new.ogrisdigital.at\/produkt\/hoj-kol-2-0-grinder\/"},"modified":"2024-07-01T01:03:23","modified_gmt":"2024-07-01T01:03:23","slug":"hoj-kol-2-0-grinder","status":"publish","type":"product","link":"https:\/\/donaulife-new.ogrisdigital.at\/da\/hoj-kol-2-0-grinder\/","title":{"rendered":"H\u00d8J K\u00d8L 2.0 magnetische Pfeife"},"content":{"rendered":"<h1 class=\"title\">H\u00d8J K\u00d8L 2.0 magnetische Pfeife<\/h1>\n<div>\n<p>Dies ist eine Pfeife, wie Sie sie noch nie zuvor gesehen haben, komplett von innen nach au\u00dfen umgebaut, um jedes Mal ein sanfteres Erlebnis zu bieten.<\/p>\n<h3>Was ist neu bei der K\u00d8L 2.0 (mini)?<\/h3>\n<p>Unser bahnbrechendes, zum Patent angemeldetes Mikrokanaldesign macht die Hits sanfter denn je.<\/p>\n<p><img fetchpriority=\"high\" decoding=\"async\" class=\"alignnone wp-image-43390\" src=\"https:\/\/www.donaulife.com\/wp-content\/uploads\/2022\/12\/HOJ-KOL-300x211.webp\" alt=\"\" width=\"539\" height=\"379\" \/><\/p>\n<h3>Wie der Hai<\/h3>\n<p>Inspiriert von den Schuppen des Makohais, zwingt die Form des K\u00d8L die einstr\u00f6mende Luft in einen Wirbel, der einen weitaus h\u00f6heren Anteil an pflanzlichen Verunreinigungen auff\u00e4ngt als bisher f\u00fcr m\u00f6glich gehalten. Betrachten Sie K\u00d8L als Ihre eigenen Kiemen, die jedes Mal f\u00fcr ein sauberes Erlebnis sorgen.<\/p>\n<\/div>\n<div style=\"width: 1024px;\" class=\"wp-video\"><!--[if lt IE 9]><script>document.createElement('video');<\/script><![endif]-->\n<video class=\"wp-video-shortcode\" id=\"video-54212-1\" width=\"1024\" height=\"720\" loop=\"1\" autoplay=\"1\" preload=\"metadata\" controls=\"controls\"><source type=\"video\/mp4\" src=\"https:\/\/www.donaulife.com\/wp-content\/uploads\/2022\/12\/KOL540.mp4?_=1\" \/><a href=\"https:\/\/www.donaulife.com\/wp-content\/uploads\/2022\/12\/KOL540.mp4\" target=\"_blank\" rel=\"noopener\">https:\/\/www.donaulife.com\/wp-content\/uploads\/2022\/12\/KOL540.mp4<\/a><\/video><\/div>\n<h3>Magnetische Magie<\/h3>\n<p>Noch besser: Das Innere der Pfeife ist durch einfaches Aufklappen zug\u00e4nglich und l\u00e4sst sich dadurch extrem einfach reinigen. Versteckte Magnete halten den Kern zusammen, halten ihn w\u00e4hrend des Gebrauchs fest und erm\u00f6glichen eine perfekte Reinigung.<\/p>\n<p><strong>Magic.<\/strong><\/p>\n<p><img decoding=\"async\" class=\"alignnone wp-image-43392\" src=\"https:\/\/www.donaulife.com\/wp-content\/uploads\/2022\/12\/K-L-Snap-1-300x211.gif\" alt=\"\" width=\"539\" height=\"379\" \/><\/p>\n<h2>Aufklappen, auswaschen, fertig<\/h2>\n<p>Die meisten Pfeifen sind m\u00fchsam zu reinigen und m\u00fcssen regelm\u00e4\u00dfig ausgetauscht werden, aber das ist nicht unser Stil. Wir entwickeln Produkte, die man ein Leben lang benutzen kann. Also: K\u00d8L einfach aufklappen und abwischen oder in der Sp\u00fcle mit Ihren T\u00f6pfen und Pfannen waschen. Dies ist die einzige Pfeife, die du jemals brauchen wirst.<\/p>\n<p><img decoding=\"async\" class=\"alignnone wp-image-43393\" src=\"https:\/\/www.donaulife.com\/wp-content\/uploads\/2022\/12\/kol-5-300x211.webp\" alt=\"\" width=\"539\" height=\"379\" \/><\/p>\n<div><strong>Abmessungen<\/strong><\/div>\n<div><\/div>\n<div>Durchmesser: 113\/150 mm<\/div>\n<p><strong>Informationen<\/strong><\/p>\n<ul>\n<li>magnetische Montage<\/li>\n<li>Ergonomisches zum Patent angemeldetes Design<\/li>\n<li>Einfache Reinigung<\/li>\n<li>Lebenslange Garantie<\/li>\n<li>Thermisch-leitende K\u00fchlung<\/li>\n<li>Filterungstechnologie<\/li>\n<li>Modularer Aufbau<\/li>\n<li>Vortex-K\u00fchlung<\/li>\n<\/ul>\n<p><strong>Werkstoff<\/strong><\/p>\n<ul>\n<li>Rostfreier Stahl<\/li>\n<li>Magnete<\/li>\n<li>Eloxiertes, recycelbares Aluminium<\/li>\n<\/ul>\n<div>\n<div style=\"width: 556px;\" class=\"wp-video\"><video class=\"wp-video-shortcode\" id=\"video-54212-2\" width=\"556\" height=\"556\" loop=\"1\" autoplay=\"1\" preload=\"metadata\" controls=\"controls\"><source type=\"video\/mp4\" src=\"https:\/\/www.donaulife.com\/wp-content\/uploads\/2022\/12\/KOL-exploded.mp4?_=2\" \/><a href=\"https:\/\/www.donaulife.com\/wp-content\/uploads\/2022\/12\/KOL-exploded.mp4\" target=\"_blank\" rel=\"noopener\">https:\/\/www.donaulife.com\/wp-content\/uploads\/2022\/12\/KOL-exploded.mp4<\/a><\/video><\/div>\n<\/div>\n<h3>Was ist dabei?<\/h3>\n<p><strong>Mit jedem K\u00d8L erhalten Sie immer:<\/strong><\/p>\n<ul>\n<li>K\u00d8L<\/li>\n<li>3 Filter<\/li>\n<\/ul>\n<div style=\"width: 1110px;\" class=\"wp-video\"><video class=\"wp-video-shortcode\" id=\"video-54212-3\" width=\"1110\" height=\"540\" loop=\"1\" autoplay=\"1\" preload=\"metadata\" controls=\"controls\"><source type=\"video\/mp4\" src=\"https:\/\/www.donaulife.com\/wp-content\/uploads\/2022\/12\/KOL_WITB.mp4?_=3\" \/><a href=\"https:\/\/www.donaulife.com\/wp-content\/uploads\/2022\/12\/KOL_WITB.mp4\" target=\"_blank\" rel=\"noopener\">https:\/\/www.donaulife.com\/wp-content\/uploads\/2022\/12\/KOL_WITB.mp4<\/a><\/video><\/div>\n<p>&nbsp;<\/p>\n<h3>How to:<\/h3>\n<p><strong>Zusammenbauen:<\/strong><\/p>\n<div style=\"width: 1280px;\" class=\"wp-video\"><video class=\"wp-video-shortcode\" id=\"video-54212-4\" width=\"1280\" height=\"720\" preload=\"metadata\" controls=\"controls\"><source type=\"video\/mp4\" src=\"https:\/\/www.donaulife.com\/wp-content\/uploads\/2022\/12\/assamble_kol.mp4?_=4\" \/><a href=\"https:\/\/www.donaulife.com\/wp-content\/uploads\/2022\/12\/assamble_kol.mp4\" target=\"_blank\" rel=\"noopener\">https:\/\/www.donaulife.com\/wp-content\/uploads\/2022\/12\/assamble_kol.mp4<\/a><\/video><\/div>\n<p><strong>Reinigen:<\/strong><\/p>\n<div style=\"width: 1280px;\" class=\"wp-video\"><video class=\"wp-video-shortcode\" id=\"video-54212-5\" width=\"1280\" height=\"720\" preload=\"metadata\" controls=\"controls\"><source type=\"video\/mp4\" src=\"https:\/\/www.donaulife.com\/wp-content\/uploads\/2022\/12\/clean-kol.mp4?_=5\" \/><a href=\"https:\/\/www.donaulife.com\/wp-content\/uploads\/2022\/12\/clean-kol.mp4\" target=\"_blank\" rel=\"noopener\">https:\/\/www.donaulife.com\/wp-content\/uploads\/2022\/12\/clean-kol.mp4<\/a><\/video><\/div>\n<h3>\u00dcber H\u00d8J:<\/h3>\n<div>\n<p>H\u00d8J hat sich zum Ziel gesetzt, die Art und Weise zu ver\u00e4ndern, wie wir Cannabis erleben, indem Sie magische Produkte schaffen, die die Erfahrung des Nutzers in jeder Phase perfektionieren. Im Laufe unserer Geschichte werden sich zweifelsohne viele Dinge \u00e4ndern. Was sich jedoch niemals \u00e4ndern wird, sind unsere Werte.<\/p>\n<p>Diese wirst du sp\u00fcren, wenn du unsere Produkte verwendest.<\/p>\n<\/div>\n<p><iframe id=\"251b1365-fd3a-41fd-8118-05f7e7b201fd\" src=\"https:\/\/www.vectary.com\/viewer\/v1\/?model=251b1365-fd3a-41fd-8118-05f7e7b201fd&amp;env=teufelsbergground2&amp;autoplay=0&amp;turntable=3\" width=\"100%\" height=\"480\" frameborder=\"0\"><\/iframe><\/p>\n","protected":false},"excerpt":{"rendered":"<p>H\u00d8J K\u00d8L 2.0 magnetische Pfeife Dies ist eine Pfeife, wie Sie sie noch nie zuvor gesehen haben, komplett von innen<\/p>\n","protected":false},"featured_media":37658,"comment_status":"open","ping_status":"open","template":"","meta":{"_acf_changed":false},"product_cat":[2451,2900,2501],"product_tag":[3635],"acf":[],"_links":{"self":[{"href":"https:\/\/donaulife-new.ogrisdigital.at\/da\/wp-json\/wp\/v2\/product\/54212"}],"collection":[{"href":"https:\/\/donaulife-new.ogrisdigital.at\/da\/wp-json\/wp\/v2\/product"}],"about":[{"href":"https:\/\/donaulife-new.ogrisdigital.at\/da\/wp-json\/wp\/v2\/types\/product"}],"replies":[{"embeddable":true,"href":"https:\/\/donaulife-new.ogrisdigital.at\/da\/wp-json\/wp\/v2\/comments?post=54212"}],"wp:featuredmedia":[{"embeddable":true,"href":"https:\/\/donaulife-new.ogrisdigital.at\/da\/wp-json\/wp\/v2\/media\/37658"}],"wp:attachment":[{"href":"https:\/\/donaulife-new.ogrisdigital.at\/da\/wp-json\/wp\/v2\/media?parent=54212"}],"wp:term":[{"taxonomy":"product_cat","embeddable":true,"href":"https:\/\/donaulife-new.ogrisdigital.at\/da\/wp-json\/wp\/v2\/product_cat?post=54212"},{"taxonomy":"product_tag","embeddable":true,"href":"https:\/\/donaulife-new.ogrisdigital.at\/da\/wp-json\/wp\/v2\/product_tag?post=54212"}],"curies":[{"name":"wp","href":"https:\/\/api.w.org\/{rel}","templated":true}]}}