{"id":54185,"date":"2022-11-25T10:00:33","date_gmt":"2022-11-25T10:00:33","guid":{"rendered":"https:\/\/donaulife-new.ogrisdigital.at\/produkt\/dexso-silikonmatte-s-m\/"},"modified":"2024-07-01T01:03:12","modified_gmt":"2024-07-01T01:03:12","slug":"dexso-silikonmatte-s-m","status":"publish","type":"product","link":"https:\/\/donaulife-new.ogrisdigital.at\/da\/dexso-silikonmatte-s-m\/","title":{"rendered":"DEXSO Silikonmatte | S\/M"},"content":{"rendered":"<h2>Dexso Silikonmatte S oder M<\/h2>\n<p>Auf dieser\u00a0<strong>Dexso<\/strong>-Silikonmatte k\u00f6nnen die klebrigen Extrakte hervorragend verarbeitet werden, da sie antihaftend ist. Selbstverst\u00e4ndlich ist das Silikon lebensmittelecht. Die S Matte misst 255 x 153 mm und die M misst 460 x 380 mm.<\/p>\n<h3>\u00dcber Dexso:<\/h3>\n<p>Die Vision von Dexso ist es, &#8220;Swissness&#8221; auf den weltweiten Markt der Pflanzenextrakte zu bringen. Auf diese Weise fungiert Dexso als Br\u00fccke zwischen dem Kleinen und dem Grossen, zwischen dem privaten Anwender und der Industrie. Deshalb produziert Dexso mehrere Produktlinien, angepasst an die Bed\u00fcrfnisse der verschiedenen Kundengruppen, immer mit dem allgemeinen Ziel, Qualit\u00e4tsf\u00fchrer zu sein.<\/p>\n","protected":false},"excerpt":{"rendered":"<p>Dexso Silikonmatte S oder M Auf dieser\u00a0Dexso-Silikonmatte k\u00f6nnen die klebrigen Extrakte hervorragend verarbeitet werden, da sie antihaftend ist. Selbstverst\u00e4ndlich ist<\/p>\n","protected":false},"featured_media":37549,"comment_status":"open","ping_status":"closed","template":"","meta":{"_acf_changed":false},"product_cat":[2609,2549],"product_tag":[],"acf":[],"_links":{"self":[{"href":"https:\/\/donaulife-new.ogrisdigital.at\/da\/wp-json\/wp\/v2\/product\/54185"}],"collection":[{"href":"https:\/\/donaulife-new.ogrisdigital.at\/da\/wp-json\/wp\/v2\/product"}],"about":[{"href":"https:\/\/donaulife-new.ogrisdigital.at\/da\/wp-json\/wp\/v2\/types\/product"}],"replies":[{"embeddable":true,"href":"https:\/\/donaulife-new.ogrisdigital.at\/da\/wp-json\/wp\/v2\/comments?post=54185"}],"wp:featuredmedia":[{"embeddable":true,"href":"https:\/\/donaulife-new.ogrisdigital.at\/da\/wp-json\/wp\/v2\/media\/37549"}],"wp:attachment":[{"href":"https:\/\/donaulife-new.ogrisdigital.at\/da\/wp-json\/wp\/v2\/media?parent=54185"}],"wp:term":[{"taxonomy":"product_cat","embeddable":true,"href":"https:\/\/donaulife-new.ogrisdigital.at\/da\/wp-json\/wp\/v2\/product_cat?post=54185"},{"taxonomy":"product_tag","embeddable":true,"href":"https:\/\/donaulife-new.ogrisdigital.at\/da\/wp-json\/wp\/v2\/product_tag?post=54185"}],"curies":[{"name":"wp","href":"https:\/\/api.w.org\/{rel}","templated":true}]}}