{"id":54179,"date":"2022-11-16T15:18:33","date_gmt":"2022-11-16T15:18:33","guid":{"rendered":"https:\/\/donaulife-new.ogrisdigital.at\/produkt\/the-weezy-stash-tube-schluesselanhaenger\/"},"modified":"2024-07-01T01:03:07","modified_gmt":"2024-07-01T01:03:07","slug":"the-weezy-stash-tube-schluesselanhaenger","status":"publish","type":"product","link":"https:\/\/donaulife-new.ogrisdigital.at\/da\/the-weezy-stash-tube-schluesselanhaenger\/","title":{"rendered":"THE WEEZY Stash Tube Schl\u00fcsselanh\u00e4nger"},"content":{"rendered":"<h2>The Weezy Stash Tube<\/h2>\n<p><strong>Pure Smoking. Re-imagined.<\/strong><\/p>\n<p>Der STASH-4 ist ein Schl\u00fcsselanh\u00e4nger f\u00fcr bis zu 4 Jack-Pods. Die Kapseln werden luftdicht transportiert und vor neugierigen Blicken gesch\u00fctzt. Ein Must-have f\u00fcr das n\u00e4chste Festival oder den n\u00e4chsten Ausflug. Du hast keine Ahnung wovon wir reden? Entdecke jetzt The Weezy exklusiv bei uns!<\/p>\n<p><iframe title=\"The Weezy Explained - Jack-Pod System\" width=\"500\" height=\"281\" src=\"https:\/\/www.youtube.com\/embed\/LKOmfwREXXE?feature=oembed\" frameborder=\"0\" allow=\"accelerometer; autoplay; clipboard-write; encrypted-media; gyroscope; picture-in-picture; web-share\" referrerpolicy=\"strict-origin-when-cross-origin\" allowfullscreen><\/iframe><\/p>\n<h3>\u00dcber The Weezy:<\/h3>\n<p>Die Grundlage dieser Idee ist das Jack-Pods\u2122-System: einfach zu bef\u00fcllende Jack-Pods (0,2 g) f\u00fcr Ihr Material. Denken Sie an Nespresso\u2122 f\u00fcr Cannabis. Der gef\u00fcllte Jack-Pod gleitet in die Weezy\u2122-Pfeife. Sie enth\u00e4lt auch einen Filter (Tip), den CTIP\u2122. Dieser konisch geformte CTIP\u2122 enth\u00e4lt Aktivkohle. Er filtert das Schlechte, nicht das Gute.<\/p>\n","protected":false},"excerpt":{"rendered":"<p>The Weezy Stash Tube Pure Smoking. Re-imagined. Der STASH-4 ist ein Schl\u00fcsselanh\u00e4nger f\u00fcr bis zu 4 Jack-Pods. Die Kapseln werden<\/p>\n","protected":false},"featured_media":37531,"comment_status":"open","ping_status":"open","template":"","meta":{"_acf_changed":false},"product_cat":[2451,2900,2501],"product_tag":[3634],"acf":[],"_links":{"self":[{"href":"https:\/\/donaulife-new.ogrisdigital.at\/da\/wp-json\/wp\/v2\/product\/54179"}],"collection":[{"href":"https:\/\/donaulife-new.ogrisdigital.at\/da\/wp-json\/wp\/v2\/product"}],"about":[{"href":"https:\/\/donaulife-new.ogrisdigital.at\/da\/wp-json\/wp\/v2\/types\/product"}],"replies":[{"embeddable":true,"href":"https:\/\/donaulife-new.ogrisdigital.at\/da\/wp-json\/wp\/v2\/comments?post=54179"}],"wp:featuredmedia":[{"embeddable":true,"href":"https:\/\/donaulife-new.ogrisdigital.at\/da\/wp-json\/wp\/v2\/media\/37531"}],"wp:attachment":[{"href":"https:\/\/donaulife-new.ogrisdigital.at\/da\/wp-json\/wp\/v2\/media?parent=54179"}],"wp:term":[{"taxonomy":"product_cat","embeddable":true,"href":"https:\/\/donaulife-new.ogrisdigital.at\/da\/wp-json\/wp\/v2\/product_cat?post=54179"},{"taxonomy":"product_tag","embeddable":true,"href":"https:\/\/donaulife-new.ogrisdigital.at\/da\/wp-json\/wp\/v2\/product_tag?post=54179"}],"curies":[{"name":"wp","href":"https:\/\/api.w.org\/{rel}","templated":true}]}}