{"id":54148,"date":"2022-11-02T18:33:23","date_gmt":"2022-11-02T18:33:23","guid":{"rendered":"https:\/\/donaulife-new.ogrisdigital.at\/produkt\/black-leaf-no-rim-edelstahl-schuesselsiebe-o-15-mm\/"},"modified":"2024-07-01T01:02:48","modified_gmt":"2024-07-01T01:02:48","slug":"black-leaf-no-rim-edelstahl-schuesselsiebe-o-15-mm","status":"publish","type":"product","link":"https:\/\/donaulife-new.ogrisdigital.at\/da\/black-leaf-no-rim-edelstahl-schuesselsiebe-o-15-mm\/","title":{"rendered":"BLACK LEAF &#8216;No Rim&#8217; Edelstahl-Sch\u00fcsselsiebe | \u00d8 15 mm"},"content":{"rendered":"<h2>Black Leaf Edelstahl Sch\u00fcsselsiebe mit \u00d8 15 mm Durchmesser<\/h2>\n<p>Sch\u00fcsselsiebchen von\u00a0<strong>Black Leaf\u00ae<\/strong>\u00a0ohne Rand. Aus Edelstahl.<\/p>\n<div><span style=\"font-size: 20.16px;\">\u00dcber Black Leaf:<\/span><\/div>\n<div>\n<p>In Weed We Trust ? Smoking\u00a0<em>Paraphernalia<\/em> seit 1988: Bongs, Pfeifen, Vaporizer, Grinder, Dabbing Zubeh\u00f6r, Paper &amp; Filter, Lifestyle Produkte. Es gibt viele Innovative Produkte der Marke die auch die ein oder andere Weltneuheit erschaffen haben. Im Shop bieten wir von allen Produkten die beste Auswahl.<\/p>\n<\/div>\n","protected":false},"excerpt":{"rendered":"<p>Black Leaf Edelstahl Sch\u00fcsselsiebe mit \u00d8 15 mm Durchmesser Sch\u00fcsselsiebchen von\u00a0Black Leaf\u00ae\u00a0ohne Rand. Aus Edelstahl. \u00dcber Black Leaf: In Weed<\/p>\n","protected":false},"featured_media":37386,"comment_status":"open","ping_status":"open","template":"","meta":{"_acf_changed":false},"product_cat":[2459,2527,2460],"product_tag":[2521],"acf":[],"_links":{"self":[{"href":"https:\/\/donaulife-new.ogrisdigital.at\/da\/wp-json\/wp\/v2\/product\/54148"}],"collection":[{"href":"https:\/\/donaulife-new.ogrisdigital.at\/da\/wp-json\/wp\/v2\/product"}],"about":[{"href":"https:\/\/donaulife-new.ogrisdigital.at\/da\/wp-json\/wp\/v2\/types\/product"}],"replies":[{"embeddable":true,"href":"https:\/\/donaulife-new.ogrisdigital.at\/da\/wp-json\/wp\/v2\/comments?post=54148"}],"wp:featuredmedia":[{"embeddable":true,"href":"https:\/\/donaulife-new.ogrisdigital.at\/da\/wp-json\/wp\/v2\/media\/37386"}],"wp:attachment":[{"href":"https:\/\/donaulife-new.ogrisdigital.at\/da\/wp-json\/wp\/v2\/media?parent=54148"}],"wp:term":[{"taxonomy":"product_cat","embeddable":true,"href":"https:\/\/donaulife-new.ogrisdigital.at\/da\/wp-json\/wp\/v2\/product_cat?post=54148"},{"taxonomy":"product_tag","embeddable":true,"href":"https:\/\/donaulife-new.ogrisdigital.at\/da\/wp-json\/wp\/v2\/product_tag?post=54148"}],"curies":[{"name":"wp","href":"https:\/\/api.w.org\/{rel}","templated":true}]}}