{"id":54082,"date":"2022-10-07T14:23:42","date_gmt":"2022-10-07T14:23:42","guid":{"rendered":"https:\/\/donaulife-new.ogrisdigital.at\/produkt\/plastic-fantastic-versteck-spraydose-belton-graffiti-art\/"},"modified":"2024-07-01T01:02:07","modified_gmt":"2024-07-01T01:02:07","slug":"plastic-fantastic-versteck-spraydose-belton-graffiti-art","status":"publish","type":"product","link":"https:\/\/donaulife-new.ogrisdigital.at\/da\/plastic-fantastic-versteck-spraydose-belton-graffiti-art\/","title":{"rendered":"PLASTIC FANTASTIC Versteck Spraydose | Belton Graffiti Art"},"content":{"rendered":"<h2>Plastic Fantastic Versteckdose im Spraydosen Design<\/h2>\n<div class=\"cfmt\">Mit freundlicher Genehmigung und Kooperation<\/div>\n<div class=\"cfmt\">der\u00a0Firma Molotow Distribution Germany Feuerstein GmbH<\/div>\n<div><\/div>\n<div><img fetchpriority=\"high\" decoding=\"async\" class=\"alignnone size-medium wp-image-53823\" src=\"https:\/\/www.donaulife.com\/wp-content\/uploads\/2022\/10\/image-300x300.webp\" alt=\"\" width=\"300\" height=\"300\" \/><\/div>\n<div><\/div>\n<div class=\"cfmt\"><span style=\"color: #555555; font-size: 14.4px;\">Geldscheine, M\u00fcnzen, Schmuck, geheime Notizen, Medikamente und viele andere Wertgegenst\u00e4nde k\u00f6nnen hier untergebracht werden.<\/span><\/div>\n<div class=\"cfmt\">\n<ul>\n<li>Unscheinbar, weil aus echter Belton Dose hergestellt.<\/li>\n<li>\u00dcber einen raffiniert angebrachten Schraubverschluss l\u00e4sst sich die Dose \u00f6ffnen.<\/li>\n<li>Ma\u00dfe der Dose: ca. H\u00f6he 18 cm \/ Breite 6,5 cm<\/li>\n<li>Aus den Augen aus dem Sinn<\/li>\n<\/ul>\n<p>Sie erhalten von uns ein Qualit\u00e4tsprodukt. 100% Neuware!<b><\/b><\/p>\n<p>Plastic Fantastic Belton Molotow Dosensafe 400 ml Mobile Verstecke f\u00fcr Wertgegenst\u00e4nde greifen ein bew\u00e4hrtes Prinzip der Tarnung auf und verbergen den eigentlichen Charakter des Tresors durch das Erscheinungsbild eines herk\u00f6mmlichen Produktes.<\/p>\n<p>Der Plasticfantastic Dosensafe f\u00e4llt in einem Regal mit Dosen wie z.B. in der Garage, im Keller, in der Abstellkammer (viele Varianten erh\u00e4ltlich oder auch kombinierbar) oder im Schrank nicht als Tresor auf und wird daher auch nicht als Safe f\u00fcr Wertgegenst\u00e4nde wahrgenommen. Versteckte Tresore sind einzigartige Sicherheitsprodukte nicht nur f\u00fcr zu Hause.<\/p>\n<p>Im Gegensatz zum herk\u00f6mmlichen Tresor und Beh\u00e4ltnissen, haben sie den Vorteil, auch unterwegs einsetzbar zu sein.<\/p>\n<p>Ob Wohnung, Garten, Arbeitsplatz, Hotel, Werkstatt, Camping, Caravan, Boot, Garage, Badezimmer, K\u00fcche:<\/p>\n<p>Dieser Dosentresor hat \u00fcberall seine Einsatzm\u00f6glichkeiten und f\u00fcgt sich in die nat\u00fcrliche Umgebung ein. Geld, Kreditkarten, Schmuck, Schl\u00fcssel, vertrauliche Dokumente, Medikamente und andere Wertgegenst\u00e4nde oder Geheimnisse: alles kann diskret versteckt werden.<\/p>\n<p><img decoding=\"async\" class=\"alignnone size-medium wp-image-53824\" src=\"https:\/\/www.donaulife.com\/wp-content\/uploads\/2022\/10\/41RJ5t09NGL._AC_-300x257.jpg\" alt=\"\" width=\"300\" height=\"257\" \/><\/p>\n<\/div>\n<h3>\u00dcber Plastic Fantastic:<\/h3>\n<p>Plastic Fantastic macht die besten Dosensafes der Welt und bietet eine Variation an verschiedenen Dosen sodass f\u00fcr jeden was dabei ist. Egal ob Getr\u00e4nkedose, Universal\u00f6l oder Dosenravioli. Die Konservenverstecke bieten immer einen sicheren Space f\u00fcr deine wertvollen Gegenst\u00e4nde.<\/p>\n<p>&nbsp;<\/p>\n","protected":false},"excerpt":{"rendered":"<p>Plastic Fantastic Versteckdose im Spraydosen Design Mit freundlicher Genehmigung und Kooperation der\u00a0Firma Molotow Distribution Germany Feuerstein GmbH Geldscheine, M\u00fcnzen, Schmuck,<\/p>\n","protected":false},"featured_media":47425,"comment_status":"open","ping_status":"closed","template":"","meta":{"_acf_changed":false},"product_cat":[2607,2451,2768],"product_tag":[2792],"acf":[],"_links":{"self":[{"href":"https:\/\/donaulife-new.ogrisdigital.at\/da\/wp-json\/wp\/v2\/product\/54082"}],"collection":[{"href":"https:\/\/donaulife-new.ogrisdigital.at\/da\/wp-json\/wp\/v2\/product"}],"about":[{"href":"https:\/\/donaulife-new.ogrisdigital.at\/da\/wp-json\/wp\/v2\/types\/product"}],"replies":[{"embeddable":true,"href":"https:\/\/donaulife-new.ogrisdigital.at\/da\/wp-json\/wp\/v2\/comments?post=54082"}],"wp:featuredmedia":[{"embeddable":true,"href":"https:\/\/donaulife-new.ogrisdigital.at\/da\/wp-json\/wp\/v2\/media\/47425"}],"wp:attachment":[{"href":"https:\/\/donaulife-new.ogrisdigital.at\/da\/wp-json\/wp\/v2\/media?parent=54082"}],"wp:term":[{"taxonomy":"product_cat","embeddable":true,"href":"https:\/\/donaulife-new.ogrisdigital.at\/da\/wp-json\/wp\/v2\/product_cat?post=54082"},{"taxonomy":"product_tag","embeddable":true,"href":"https:\/\/donaulife-new.ogrisdigital.at\/da\/wp-json\/wp\/v2\/product_tag?post=54082"}],"curies":[{"name":"wp","href":"https:\/\/api.w.org\/{rel}","templated":true}]}}