{"id":54077,"date":"2022-09-28T13:59:37","date_gmt":"2022-09-28T13:59:37","guid":{"rendered":"https:\/\/donaulife-new.ogrisdigital.at\/produkt\/bonsanto-automatisiertes-bewaesserungssystem\/"},"modified":"2025-01-15T07:08:53","modified_gmt":"2025-01-15T07:08:53","slug":"bonsanto-automatisiertes-bewaesserungssystem","status":"publish","type":"product","link":"https:\/\/donaulife-new.ogrisdigital.at\/da\/bonsanto-automatisiertes-bewaesserungssystem\/","title":{"rendered":"BONSANTO automatisiertes Bew\u00e4sserungssystem"},"content":{"rendered":"<h2>Bonsanto automatisiertes Bew\u00e4sserungssystem<\/h2>\n<p>Bonsanto\u00ae Pflanzenbew\u00e4sserungssystem f\u00fcr 2-8 Wochen (je nach Gr\u00f6\u00dfe des Wasserbeh\u00e4lters) \u2013 Speziell entwickelt f\u00fcr den Grow Bereich. Extrem leicht zu bedienen.<\/p>\n<ul>\n<li>Perfekt geeignet f\u00fcr den Urlaub bzw. f\u00fcr l\u00e4ngere Abwesenheit<\/li>\n<li>Verhindern von \u00dcber- bzw. Unterbew\u00e4sserung<\/li>\n<li>Kann auch mit D\u00fcnger betrieben werden<\/li>\n<li>Stromsparende L\u00f6sung<\/li>\n<li>Sowohl f\u00fcr Au\u00dfen bzw. Innenbereich verwendbar<\/li>\n<li>Bild: (1) Timer, (2) Pumpe, (3) Schlauch, (4) Tropfer, (5) USB Stecker<\/li>\n<\/ul>\n<p>Das Bonsanto\u00ae Bew\u00e4sserungssystem eignet sich hervorragend, falls du mal l\u00e4ngere Zeit unterwegs bist. Mit dem USB Timer und der USB Pumpe kannst du individuell die Bew\u00e4sserung deiner Pflanzen \u00fcber mehrere Wochen hinweg vornehmen. Das Set beinhaltet Schl\u00e4uche f\u00fcr zwei Pflanzen. Kann aber auch auf 4 bzw. 6 Pflanzen erweitert werden. Stelle die USB Pumpe einfach in ein Wasserbeh\u00e4ltnis. Die Saugglocken der USB Pumpe erm\u00f6glichen einen festen Halt am Boden des Wasserbeh\u00e4lters. Verbinde die USB Pumpe mit der digitalen Zeitschaltuhr und lege los.<\/p>\n<p>Lieferumfang (siehe Bild):<\/p>\n<ul>\n<li>USB Timer<\/li>\n<li>USB Pumpe<\/li>\n<li>Passender Schlauch<\/li>\n<li>Wasserspender<\/li>\n<\/ul>\n<h3>\u00dcber Bonsanto:<\/h3>\n<p>Noch nie war anbauen einfacher. Mit integrierter Bel\u00fcftung und LED Pflanzenlampe. <em>All-in-One Komplettl\u00f6sung \u2013 Getarnt als Koffer<\/em><br \/>\n<em>Kompakt, unauff\u00e4llig und leise. So baut man heute an.<\/em><\/p>\n","protected":false},"excerpt":{"rendered":"<p>Bonsanto automatisiertes Bew\u00e4sserungssystem Bonsanto\u00ae Pflanzenbew\u00e4sserungssystem f\u00fcr 2-8 Wochen (je nach Gr\u00f6\u00dfe des Wasserbeh\u00e4lters) \u2013 Speziell entwickelt f\u00fcr den Grow Bereich.<\/p>\n","protected":false},"featured_media":37034,"comment_status":"open","ping_status":"open","template":"","meta":{"_acf_changed":false},"product_cat":[3078,3075],"product_tag":[3616,3135,3136,3137,3138],"acf":[],"_links":{"self":[{"href":"https:\/\/donaulife-new.ogrisdigital.at\/da\/wp-json\/wp\/v2\/product\/54077"}],"collection":[{"href":"https:\/\/donaulife-new.ogrisdigital.at\/da\/wp-json\/wp\/v2\/product"}],"about":[{"href":"https:\/\/donaulife-new.ogrisdigital.at\/da\/wp-json\/wp\/v2\/types\/product"}],"replies":[{"embeddable":true,"href":"https:\/\/donaulife-new.ogrisdigital.at\/da\/wp-json\/wp\/v2\/comments?post=54077"}],"wp:featuredmedia":[{"embeddable":true,"href":"https:\/\/donaulife-new.ogrisdigital.at\/da\/wp-json\/wp\/v2\/media\/37034"}],"wp:attachment":[{"href":"https:\/\/donaulife-new.ogrisdigital.at\/da\/wp-json\/wp\/v2\/media?parent=54077"}],"wp:term":[{"taxonomy":"product_cat","embeddable":true,"href":"https:\/\/donaulife-new.ogrisdigital.at\/da\/wp-json\/wp\/v2\/product_cat?post=54077"},{"taxonomy":"product_tag","embeddable":true,"href":"https:\/\/donaulife-new.ogrisdigital.at\/da\/wp-json\/wp\/v2\/product_tag?post=54077"}],"curies":[{"name":"wp","href":"https:\/\/api.w.org\/{rel}","templated":true}]}}