{"id":54074,"date":"2022-09-28T13:26:54","date_gmt":"2022-09-28T13:26:54","guid":{"rendered":"https:\/\/donaulife-new.ogrisdigital.at\/produkt\/bonsanto-co2-bags-3er-set\/"},"modified":"2024-02-04T18:52:47","modified_gmt":"2024-02-04T18:52:47","slug":"bonsanto-co2-bags-3er-set","status":"publish","type":"product","link":"https:\/\/donaulife-new.ogrisdigital.at\/da\/bonsanto-co2-bags-3er-set\/","title":{"rendered":"BONSANTO CO2 Bags | &#8216;3er Set&#8217;"},"content":{"rendered":"<h2>Bonsanto CO2 Bags<\/h2>\n<p><strong>Das perfekte Doping f\u00fcr Eure Pflanze: unser CO2-Bag.<\/strong><\/p>\n<ul>\n<li>f\u00fcr schnelleres Wachstum &amp; gr\u00f6\u00dferen Ertrag<\/li>\n<li>einfache Anwendung<\/li>\n<li>jeweils f\u00fcr 2 Wochen haltbar<\/li>\n<li>praktisches 3er Set<\/li>\n<\/ul>\n<p>Die CO2-Bags von Bonsanto sind extra f\u00fcr die Mini-Grow-Box entwickelt worden. Sie erm\u00f6glichen einen schnellen Anbau und erh\u00f6hten Ertrag. Insgesamt verbessern die Bags die Anbaubedingungen und stabilisieren die Pflanze bis in die Wurzeln.<\/p>\n<p>Jede Pflanze ben\u00f6tigt CO2, um zu wachsen \u2013 oder fachlich ausgedr\u00fcckt: um das Chlorophyll in den Bl\u00e4ttern umzuwandeln. Daher eignen sich die CO2-Bags hervorragend, um das Wachstum eurer Pflanze zu beschleunigen, und die Gesundheit der Pflanze zu kr\u00e4ftigen.<\/p>\n<p>Einfach Anwendung: Die CO2-Bags kommen zun\u00e4chst verschlossen bei Euch an. Diese gilt es an den oberen Ecken schr\u00e4g (wie gekennzeichnet) aufzuschneiden, warmes Wasser (wichtig!) in den Beutel zu kippen (Ein Glas 0,4L) , um die erforderliche Reaktion mit dem innenliegenden Pulver hervorzurufen, und den offenen Beutel dann in Eure Mini-Grow-Box zu h\u00e4ngen \u2013 ein entsprechender Haken\/Schraube ist vorhanden. Tipp: Vermischt das Pulver mit dem Wasser gr\u00fcndlich, indem Ihr den Beutel unten knetet, nachdem Ihr Wasser hinzugegeben habt.<\/p>\n<p>Wichtig: Die CO2 Bags sind absolut ungef\u00e4hrlich und ungiftig. Die Menge an produziertem CO2 reicht nicht aus, um eine Gef\u00e4hrdung f\u00fcr den Menschen darzustellen.<\/p>\n<h3>CO2 BAGS IN DER MINI GROW BOX, WAS BRINGEN SIE WIRKLICH?<\/h3>\n<p><strong>Photosynthese<\/strong><\/p>\n<p>Bevor wir mit dem Thema CO2 starten sollten wir einen kurzen Ausflug auf die Photosynthese machen. Photosynthese findet in Pflanzen aller Arten statt. Sie bedeutet, dass mithilfe von Sonnenlicht, Kohlendioxid (CO2) und N\u00e4hrstoffen in der Erde die Pflanze w\u00e4chst bzw. bl\u00fcht. Bei diesem Prozess entsteht Sauerstoff und Zucker. Den Sauerstoff gibt die Pflanze direkt an die Umwelt ab.<\/p>\n<p><strong>Die richtigen Rahmenbedingungen<\/strong><\/p>\n<p>Wenn alle drei Komponenten (Sonnenlicht, CO2 und N\u00e4hrstoffe) in ihrer \u201emaximalen\u201c Form zur Verf\u00fcgung stehen, wird die Pflanze den gr\u00f6\u00dftm\u00f6glichen Ertrag bringen. Bonsanto Erde und unser LED Licht, bereiten in der Mini Grow Box schon die besten Rahmenbedingungen im Bezug auf Sonnenlicht und N\u00e4hrstoffe. Luft enth\u00e4lt im Durchschnitt 400 ppm CO2 (PPM ist eine Messgr\u00f6\u00dfe um die CO2 Konzentration zu definieren). Wenn wir diesen nat\u00fcrlichen Wert in der Mini Grow Box steigern, k\u00f6nnen wir dementsprechend auch den Ertrag bzw. die Schnelligkeit des Anbaus in der Mini Grow Box steigern. Dies ist mit einer st\u00e4rkeren Photosynthese begr\u00fcndet.<\/p>\n<p><strong>Konkrete Messwerte aus der Vergangenheit<\/strong><\/p>\n<ul>\n<li>Eine Erh\u00f6hung von 400PPM auf 500PPM beschleunigt das Wachstum um 25%. Das heisst, ihr k\u00f6nnt euch 2 1\/2 Wochen Anbauzeit sparen. (Bei 10 Wochen Anbauzeit vom keimen bis zur Ernte)<\/li>\n<li>Eine Erh\u00f6hung von 400PPM auf 700PPM beschleunigt das Wachstum bis zu 40 Prozent. (Ertrag +10%)<\/li>\n<li>Eine Erh\u00f6hung von 400PPM auf 1000PPM beschleunigt das Wachstum auf bis zu 50 Prozent. (Ertrag +25%)<\/li>\n<li>Wieviel PPM bringen die CO2 Bags von Bonsanto?<\/li>\n<\/ul>\n<p>Die CO2 Bags von Bonsanto bringen in den ersten vier Tagen eine Konzentration von 900-1000 PPM in der Mini Grow Box. Ab Tag 5 sinkt die Konzentration auf 800PPM und pendelt sich dann bis Tag 10-14 auf 700 PPM ein.<\/p>\n<p><strong>Was gilt es zu beachten?<\/strong><\/p>\n<p>Bei CO2 Zugabe ben\u00f6tigt die Pflanze mehr N\u00e4hrstoffe. Bedeutet, dass ihr regelm\u00e4\u00dfig d\u00fcngen musst. Auch solltet ihr ausreichend Wasser zur Verf\u00fcgung stellen.<br \/>\nCO2 wirkt bei der Pflanze nur tags\u00fcber, aber nicht nachts. Bedeutet, dass sich Samen eher eignen, welche 18h Licht ben\u00f6tigen. Damit kann man den Effekt der CO2 Bags besser ausnutzen.<\/p>\n<p><strong>Lieferumfang:<\/strong><\/p>\n<p>CO2-Bags (3 Stk)<\/p>\n<h3>\u00dcber Bonsanto:<\/h3>\n<p>Noch nie war anbauen einfacher. Mit integrierter Bel\u00fcftung und LED Pflanzenlampe. <em>All-in-One Komplettl\u00f6sung \u2013 Getarnt als Koffer<\/em><br \/>\n<em>Kompakt, unauff\u00e4llig und leise. So baut man heute an.<\/em><\/p>\n","protected":false},"excerpt":{"rendered":"<p>Bonsanto CO2 Bags Das perfekte Doping f\u00fcr Eure Pflanze: unser CO2-Bag. f\u00fcr schnelleres Wachstum &amp; gr\u00f6\u00dferen Ertrag einfache Anwendung jeweils<\/p>\n","protected":false},"featured_media":37035,"comment_status":"open","ping_status":"open","template":"","meta":{"_acf_changed":false},"product_cat":[3078,3075],"product_tag":[3616,3135,3136,3137,3138],"acf":[],"_links":{"self":[{"href":"https:\/\/donaulife-new.ogrisdigital.at\/da\/wp-json\/wp\/v2\/product\/54074"}],"collection":[{"href":"https:\/\/donaulife-new.ogrisdigital.at\/da\/wp-json\/wp\/v2\/product"}],"about":[{"href":"https:\/\/donaulife-new.ogrisdigital.at\/da\/wp-json\/wp\/v2\/types\/product"}],"replies":[{"embeddable":true,"href":"https:\/\/donaulife-new.ogrisdigital.at\/da\/wp-json\/wp\/v2\/comments?post=54074"}],"wp:featuredmedia":[{"embeddable":true,"href":"https:\/\/donaulife-new.ogrisdigital.at\/da\/wp-json\/wp\/v2\/media\/37035"}],"wp:attachment":[{"href":"https:\/\/donaulife-new.ogrisdigital.at\/da\/wp-json\/wp\/v2\/media?parent=54074"}],"wp:term":[{"taxonomy":"product_cat","embeddable":true,"href":"https:\/\/donaulife-new.ogrisdigital.at\/da\/wp-json\/wp\/v2\/product_cat?post=54074"},{"taxonomy":"product_tag","embeddable":true,"href":"https:\/\/donaulife-new.ogrisdigital.at\/da\/wp-json\/wp\/v2\/product_tag?post=54074"}],"curies":[{"name":"wp","href":"https:\/\/api.w.org\/{rel}","templated":true}]}}