{"id":54062,"date":"2022-09-27T09:28:31","date_gmt":"2022-09-27T09:28:31","guid":{"rendered":"https:\/\/donaulife-new.ogrisdigital.at\/produkt\/bonsanto-duenger-organic-boost\/"},"modified":"2025-01-15T07:08:55","modified_gmt":"2025-01-15T07:08:55","slug":"bonsanto-duenger-organic-boost","status":"publish","type":"product","link":"https:\/\/donaulife-new.ogrisdigital.at\/da\/bonsanto-duenger-organic-boost\/","title":{"rendered":"BONSANTO D\u00fcnger | &#8216;Organic Boost&#8217;"},"content":{"rendered":"<h2>Bonsanto Organic Boost D\u00fcnger<\/h2>\n<p>Booster f\u00fcr gesundes Wachstum eurer Pflanze und noch mehr Ertrag!<\/p>\n<ul>\n<li>100% organisch, daher auch f\u00fcr verzehrbare Pflanzen<\/li>\n<li>praktisches Fl\u00e4schchen mit genauer Dosierung<\/li>\n<li>stimuliert das Wachstum und erh\u00f6ht den Ertrag<\/li>\n<li>Infos zur Dosierung findest du <a href=\"https:\/\/bonsanto-mini-grow-box.com\/de\/anbau\/\" target=\"_blank\" rel=\"noopener\">hier<\/a><\/li>\n<\/ul>\n<p>Der All-In-One D\u00fcnger von Bonsanto f\u00fcr euren Grow in der Mini-Grow-Box!<\/p>\n<p>Unser eigens entwickelter D\u00fcnger ist ein nat\u00fcrlicher Wachstumsbeschleuniger, der den Fruchtansatz sowie den Ernteertrag der Pflanze steigert. Durch die speziellen, organischen Inhaltsstoffe wird der Reifeprozess beschleunigt, Wachstums- und Bl\u00fctezeit verk\u00fcrzen sich hingegen. Unterm Strich sorgt der Organic Booster also f\u00fcr eine Steigerung des Ertrages, ohne dass eure Pflanze allzu gro\u00df w\u00e4chst und das Volumen der Mini-Grow-Box sprengt. Die Pflanzen entwickeln mit dem D\u00fcnger schnell und zuverl\u00e4ssig ein gut ausgepr\u00e4gtes Wurzelsystem, wodurch sie kr\u00e4ftiger und vitaler sind.<\/p>\n<p>Allerdings ist ein Dungmittel beim Pflanzenanbau stets mit Vorsicht zu genie\u00dfen: Zu viel D\u00fcnger kann der Pflanze schaden! D\u00fcngeanleitung findest du hier: Der Anbau<\/p>\n<p>Lieferumfang:<br \/>\nD\u00fcnger 50ml<\/p>\n<p>Mit D\u00fcnger ist stets sorgsam umzugehen. Zu viel D\u00fcnger kann der Pflanze schaden. Unsere Bio-Bonsai-Erde ist bereits ausreichend vorged\u00fcngt. Solltet Ihr dennoch D\u00fcnger verwenden wollen, empfehlen wir unseren speziellen D\u00fcnger \u201cOrganic Boost\u201d. Er kann auch bei verzehrbaren Pflanzen angewendet werden und ist perfekt f\u00fcr den Anbau im Mini-Format. Gut dosierter D\u00fcnger erh\u00f6ht zus\u00e4tzlich die Gesundheit Eurer Pflanze, und den Ertrag. Wir empfehlen 2-3 Tropfen pro Liter (ab Woche 4) beim Gie\u00dfen hinzuzugeben, damit seid Ihr auf der sicheren Seite.<\/p>\n<h3>\u00dcber Bonsanto:<\/h3>\n<p>Noch nie war anbauen einfacher. Mit integrierter Bel\u00fcftung und LED Pflanzenlampe. <em>All-in-One Komplettl\u00f6sung \u2013 Getarnt als Koffer<\/em><br \/>\n<em>Kompakt, unauff\u00e4llig und leise. So baut man heute an.<\/em><\/p>\n","protected":false},"excerpt":{"rendered":"<p>Bonsanto Organic Boost D\u00fcnger Booster f\u00fcr gesundes Wachstum eurer Pflanze und noch mehr Ertrag! 100% organisch, daher auch f\u00fcr verzehrbare<\/p>\n","protected":false},"featured_media":37038,"comment_status":"open","ping_status":"open","template":"","meta":{"_acf_changed":false},"product_cat":[3078,3075],"product_tag":[3616,3135,3136,3137,3138],"acf":[],"_links":{"self":[{"href":"https:\/\/donaulife-new.ogrisdigital.at\/da\/wp-json\/wp\/v2\/product\/54062"}],"collection":[{"href":"https:\/\/donaulife-new.ogrisdigital.at\/da\/wp-json\/wp\/v2\/product"}],"about":[{"href":"https:\/\/donaulife-new.ogrisdigital.at\/da\/wp-json\/wp\/v2\/types\/product"}],"replies":[{"embeddable":true,"href":"https:\/\/donaulife-new.ogrisdigital.at\/da\/wp-json\/wp\/v2\/comments?post=54062"}],"wp:featuredmedia":[{"embeddable":true,"href":"https:\/\/donaulife-new.ogrisdigital.at\/da\/wp-json\/wp\/v2\/media\/37038"}],"wp:attachment":[{"href":"https:\/\/donaulife-new.ogrisdigital.at\/da\/wp-json\/wp\/v2\/media?parent=54062"}],"wp:term":[{"taxonomy":"product_cat","embeddable":true,"href":"https:\/\/donaulife-new.ogrisdigital.at\/da\/wp-json\/wp\/v2\/product_cat?post=54062"},{"taxonomy":"product_tag","embeddable":true,"href":"https:\/\/donaulife-new.ogrisdigital.at\/da\/wp-json\/wp\/v2\/product_tag?post=54062"}],"curies":[{"name":"wp","href":"https:\/\/api.w.org\/{rel}","templated":true}]}}