{"id":54013,"date":"2022-09-12T15:11:29","date_gmt":"2022-09-12T15:11:29","guid":{"rendered":"https:\/\/donaulife-new.ogrisdigital.at\/produkt\/black-leaf-eisbong-flaming-skull-2x-10-arm-percolator-60-cm\/"},"modified":"2025-01-15T07:08:59","modified_gmt":"2025-01-15T07:08:59","slug":"black-leaf-eisbong-flaming-skull-2x-10-arm-percolator-60-cm","status":"publish","type":"product","link":"https:\/\/donaulife-new.ogrisdigital.at\/da\/black-leaf-eisbong-flaming-skull-2x-10-arm-percolator-60-cm\/","title":{"rendered":"BLACK LEAF Eisbong &#8216;Flaming Skull&#8217; 2x 10-Arm Percolator | 60 cm"},"content":{"rendered":"<h2>Black Leaf Eisbong mit 2x 10-Arm Percolator<\/h2>\n<p>Diese Glasbong \u00fcberzeugt mit dem vollen Programm: Gleich zwei 10-Arm-Baum-Perkolatoren nehmen dem Rauch die Sch\u00e4rfe. Deren Glasarme sind einzeln mit dem Innenrohr verschweisst, was die Perkolatoren extrem stabil macht. Stabilit\u00e4t ist bei 7 mm Wandst\u00e4rke \u00fcberhaupt eine besondere St\u00e4rke dieser Eisbong &#8211; neben ihrer Genussqualit\u00e4t, die durch das Zusammenspiel s\u00e4mtlicher Features entsteht.<\/p>\n<p>Knapp \u00fcber dem obersten Perkolator stoppt der Spritzschutz m\u00f6gliche Tr\u00f6pfchen und ganz oben sorgt das mit Glasdornen abgetrennte Eisfach f\u00fcr die richtige K\u00fchlung. Die blauen Glaskomponenten der Perkolatoren und das K\u00f6pfchen sind durchgef\u00e4rbt, letzteres verf\u00fcgt \u00fcber die bew\u00e4hrte &#8216;Roll-Stop-Funktion&#8217;. Der Adapter hat einen Schlitz-Diffuser und ein Kickloch mit Stopfen ist selbstverst\u00e4ndlich auch vorhanden.<\/p>\n<h3><span style=\"font-size: 20.16px;\">\u00dcber Black Leaf:<\/span><\/h3>\n<div>\n<p>In Weed We Trust? Smoking <em>Paraphernalia<\/em> seit 1988: Bongs, Pfeifen, Vaporizer, Grinder, Dabbing Zubeh\u00f6r, Paper &amp; Filter, Lifestyle Produkte. Es gibt viele Innovative Produkte der Marke die auch die ein oder andere Weltneuheit erschaffen haben. Im Shop bieten wir von allen Produkten die beste Auswahl.<\/p>\n<\/div>\n","protected":false},"excerpt":{"rendered":"<p>Black Leaf Eisbong mit 2x 10-Arm Percolator Diese Glasbong \u00fcberzeugt mit dem vollen Programm: Gleich zwei 10-Arm-Baum-Perkolatoren nehmen dem Rauch<\/p>\n","protected":false},"featured_media":36851,"comment_status":"open","ping_status":"open","template":"","meta":{"_acf_changed":false},"product_cat":[2514,2548,2459,2510,2523,2515,2577,2506,2463],"product_tag":[2521],"acf":[],"_links":{"self":[{"href":"https:\/\/donaulife-new.ogrisdigital.at\/da\/wp-json\/wp\/v2\/product\/54013"}],"collection":[{"href":"https:\/\/donaulife-new.ogrisdigital.at\/da\/wp-json\/wp\/v2\/product"}],"about":[{"href":"https:\/\/donaulife-new.ogrisdigital.at\/da\/wp-json\/wp\/v2\/types\/product"}],"replies":[{"embeddable":true,"href":"https:\/\/donaulife-new.ogrisdigital.at\/da\/wp-json\/wp\/v2\/comments?post=54013"}],"wp:featuredmedia":[{"embeddable":true,"href":"https:\/\/donaulife-new.ogrisdigital.at\/da\/wp-json\/wp\/v2\/media\/36851"}],"wp:attachment":[{"href":"https:\/\/donaulife-new.ogrisdigital.at\/da\/wp-json\/wp\/v2\/media?parent=54013"}],"wp:term":[{"taxonomy":"product_cat","embeddable":true,"href":"https:\/\/donaulife-new.ogrisdigital.at\/da\/wp-json\/wp\/v2\/product_cat?post=54013"},{"taxonomy":"product_tag","embeddable":true,"href":"https:\/\/donaulife-new.ogrisdigital.at\/da\/wp-json\/wp\/v2\/product_tag?post=54013"}],"curies":[{"name":"wp","href":"https:\/\/api.w.org\/{rel}","templated":true}]}}