{"id":53993,"date":"2022-09-12T11:59:54","date_gmt":"2022-09-12T11:59:54","guid":{"rendered":"https:\/\/donaulife-new.ogrisdigital.at\/produkt\/carb-cap-draft\/"},"modified":"2024-07-01T01:01:22","modified_gmt":"2024-07-01T01:01:22","slug":"carb-cap-draft","status":"publish","type":"product","link":"https:\/\/donaulife-new.ogrisdigital.at\/da\/carb-cap-draft\/","title":{"rendered":"Carb Cap Draft"},"content":{"rendered":"<h2>Carb Cap mit durchzug<\/h2>\n<p>F\u00fcr das ideale Dabbing und somit den perfekten Genuss von Konzentraten wie \u00d6l oder Wax ist es wichtig, f\u00fcr eine starke Rauchentwicklung zu sorgen.<\/p>\n<p>F\u00fcr einen \u00d6lbanger empfiehlt sich die Benutzung einer Carb Cap. Mit dieser Rauchkuppel kann man die Luftzufuhr effektiv minimieren, wodurch sich der gehaltvolle Rauch vor der Inhalation optimal entwickeln kann. Guten Appetit!<\/p>\n<p>Die Carb Cap im ist aus hitzebest\u00e4ndigem Borosilikatglas.<\/p>\n<p>&nbsp;<\/p>\n","protected":false},"excerpt":{"rendered":"<p>Carb Cap mit durchzug F\u00fcr das ideale Dabbing und somit den perfekten Genuss von Konzentraten wie \u00d6l oder Wax ist<\/p>\n","protected":false},"featured_media":36742,"comment_status":"open","ping_status":"open","template":"","meta":{"_acf_changed":false},"product_cat":[3991,2549],"product_tag":[3272],"acf":[],"_links":{"self":[{"href":"https:\/\/donaulife-new.ogrisdigital.at\/da\/wp-json\/wp\/v2\/product\/53993"}],"collection":[{"href":"https:\/\/donaulife-new.ogrisdigital.at\/da\/wp-json\/wp\/v2\/product"}],"about":[{"href":"https:\/\/donaulife-new.ogrisdigital.at\/da\/wp-json\/wp\/v2\/types\/product"}],"replies":[{"embeddable":true,"href":"https:\/\/donaulife-new.ogrisdigital.at\/da\/wp-json\/wp\/v2\/comments?post=53993"}],"wp:featuredmedia":[{"embeddable":true,"href":"https:\/\/donaulife-new.ogrisdigital.at\/da\/wp-json\/wp\/v2\/media\/36742"}],"wp:attachment":[{"href":"https:\/\/donaulife-new.ogrisdigital.at\/da\/wp-json\/wp\/v2\/media?parent=53993"}],"wp:term":[{"taxonomy":"product_cat","embeddable":true,"href":"https:\/\/donaulife-new.ogrisdigital.at\/da\/wp-json\/wp\/v2\/product_cat?post=53993"},{"taxonomy":"product_tag","embeddable":true,"href":"https:\/\/donaulife-new.ogrisdigital.at\/da\/wp-json\/wp\/v2\/product_tag?post=53993"}],"curies":[{"name":"wp","href":"https:\/\/api.w.org\/{rel}","templated":true}]}}