{"id":53971,"date":"2022-09-11T22:29:15","date_gmt":"2022-09-11T22:29:15","guid":{"rendered":"https:\/\/donaulife-new.ogrisdigital.at\/produkt\/heisenberg-glasbong-smellchecker-2-0-46-cm\/"},"modified":"2025-01-15T07:09:06","modified_gmt":"2025-01-15T07:09:06","slug":"heisenberg-glasbong-smellchecker-2-0-46-cm","status":"publish","type":"product","link":"https:\/\/donaulife-new.ogrisdigital.at\/da\/heisenberg-glasbong-smellchecker-2-0-46-cm\/","title":{"rendered":"HEISENBERG Glasbong &#8216;Smellchecker 2.0&#8217; | 46 cm"},"content":{"rendered":"<h2>Heisenberg Glasbong mit Eiskerben<\/h2>\n<div id=\"description\" class=\"data item content\" role=\"tabpanel\" data-role=\"content\" aria-labelledby=\"tab-label-description\" aria-hidden=\"false\">\n<div class=\"product attribute description\">\n<div class=\"value\">\n<p>Der Heisenberg Smellchecker ist eine schlichte stemless Bong &#8211; das bedeutet, eine Glasbong ohne Chillum. Der 18.8 Standartkopf sitzt auf einer feststehenden Schliffh\u00fclse auf. Das bedeutet nicht, dass du auf einen Schlitzloch-Diffusor verzichten musst. Auch der ist fest integriert. Ansonsten verf\u00fcgt der gerade, recht dicke Tubus (5mm Glas, 65mm Durchmesser) \u00fcber Eiskerben, deren Einsatz nat\u00fcrlich optional ist.<br \/>\nMundst\u00fcck und Rundfu\u00df sind schwarz eingef\u00e4rbt &#8211; korrespondierend mit den ganz \u00e4hnlichen Wasserpfeifen der Blue-Line unserer Marke.<\/p>\n<\/div>\n<\/div>\n<\/div>\n<div>\n<h3>\u00dcber Heisenberg:<\/h3>\n<div>\n<p>Heisenberg \u2013 nicht nur durch Breaking Bad ein Ph\u00e4nomen. Die Marke Heisenberg ist unter anderem durch ihre Glasbongs bekannt geworden. Keine Bong der Heisenberg Serie ist wie die andere. Hier werden verschiedene Gestaltungselemente geboten, wie beispielsweise poppige Farben oder mit Glow in the dark Funktion, Pl\u00e4tzen zum Einsetzen von LED Beleuchtung und anderen Extras.<\/p>\n<p>Bei dem interessanten Sortiment an Glasbongs, ist mit Sicherheit auch was f\u00fcr dich dabei!<\/p>\n<\/div>\n<\/div>\n","protected":false},"excerpt":{"rendered":"<p>Heisenberg Glasbong mit Eiskerben Der Heisenberg Smellchecker ist eine schlichte stemless Bong &#8211; das bedeutet, eine Glasbong ohne Chillum. Der<\/p>\n","protected":false},"featured_media":36601,"comment_status":"open","ping_status":"open","template":"","meta":{"_acf_changed":false},"product_cat":[2514,2459,2510,2507,3404,2523,2506,2463,2520],"product_tag":[3405,2466],"acf":[],"_links":{"self":[{"href":"https:\/\/donaulife-new.ogrisdigital.at\/da\/wp-json\/wp\/v2\/product\/53971"}],"collection":[{"href":"https:\/\/donaulife-new.ogrisdigital.at\/da\/wp-json\/wp\/v2\/product"}],"about":[{"href":"https:\/\/donaulife-new.ogrisdigital.at\/da\/wp-json\/wp\/v2\/types\/product"}],"replies":[{"embeddable":true,"href":"https:\/\/donaulife-new.ogrisdigital.at\/da\/wp-json\/wp\/v2\/comments?post=53971"}],"wp:featuredmedia":[{"embeddable":true,"href":"https:\/\/donaulife-new.ogrisdigital.at\/da\/wp-json\/wp\/v2\/media\/36601"}],"wp:attachment":[{"href":"https:\/\/donaulife-new.ogrisdigital.at\/da\/wp-json\/wp\/v2\/media?parent=53971"}],"wp:term":[{"taxonomy":"product_cat","embeddable":true,"href":"https:\/\/donaulife-new.ogrisdigital.at\/da\/wp-json\/wp\/v2\/product_cat?post=53971"},{"taxonomy":"product_tag","embeddable":true,"href":"https:\/\/donaulife-new.ogrisdigital.at\/da\/wp-json\/wp\/v2\/product_tag?post=53971"}],"curies":[{"name":"wp","href":"https:\/\/api.w.org\/{rel}","templated":true}]}}