{"id":53970,"date":"2022-09-11T22:24:43","date_gmt":"2022-09-11T22:24:43","guid":{"rendered":"https:\/\/donaulife-new.ogrisdigital.at\/produkt\/heisenberg-glasbong-gold-single-perc-47-cm\/"},"modified":"2025-01-15T07:09:07","modified_gmt":"2025-01-15T07:09:07","slug":"heisenberg-glasbong-gold-single-perc-47-cm","status":"publish","type":"product","link":"https:\/\/donaulife-new.ogrisdigital.at\/da\/heisenberg-glasbong-gold-single-perc-47-cm\/","title":{"rendered":"HEISENBERG Glasbong &#8216;Gold Single Perc&#8217; | 47 cm"},"content":{"rendered":"<h2>Heisenberg Percolatorbong<\/h2>\n<div id=\"description\" class=\"data item content\" role=\"tabpanel\" data-role=\"content\" aria-labelledby=\"tab-label-description\" aria-hidden=\"false\">\n<div class=\"product attribute description\">\n<div class=\"value\">\n<p>Die HNBG Single Perc mit dem goldfarbenen Tag besitzt sowohl ein Eisfach in der Mitte des Halses, als auch eine direkt darunter liegende Diffusor-Kammer mit f\u00fcnf Verwirbelungs-Armen, ein sogenannter 5-arm Percolator. Dieses K\u00fchlsystem erf\u00fcllt die W\u00fcnsche des anspruchsvollen, in die Glaskunst verliebten Rauchers.<br \/>\nSelbstverst\u00e4ndlich d\u00fcrfen die Eiskerben und das Kickloch nicht fehlen.<br \/>\nDie HNBG Single Perc ist so etwas wie der kleine Bruder der HNBG Doppel Perc 29,2 Bong.<\/p>\n<\/div>\n<\/div>\n<\/div>\n<div>\n<h3>\u00dcber Heisenberg:<\/h3>\n<div>\n<p>Heisenberg \u2013 nicht nur durch Breaking Bad ein Ph\u00e4nomen. Die Marke Heisenberg ist unter anderem durch ihre Glasbongs bekannt geworden. Keine Bong der Heisenberg Serie ist wie die andere. Hier werden verschiedene Gestaltungselemente geboten, wie beispielsweise poppige Farben oder mit Glow in the dark Funktion, Pl\u00e4tzen zum Einsetzen von LED Beleuchtung und anderen Extras.<\/p>\n<p>Bei dem interessanten Sortiment an Glasbongs, ist mit Sicherheit auch was f\u00fcr dich dabei!<\/p>\n<\/div>\n<\/div>\n","protected":false},"excerpt":{"rendered":"<p>Heisenberg Percolatorbong Die HNBG Single Perc mit dem goldfarbenen Tag besitzt sowohl ein Eisfach in der Mitte des Halses, als<\/p>\n","protected":false},"featured_media":36590,"comment_status":"open","ping_status":"open","template":"","meta":{"_acf_changed":false},"product_cat":[2514,2459,2510,3404,2523,2515,2577,2506,2463],"product_tag":[3405,2466],"acf":[],"_links":{"self":[{"href":"https:\/\/donaulife-new.ogrisdigital.at\/da\/wp-json\/wp\/v2\/product\/53970"}],"collection":[{"href":"https:\/\/donaulife-new.ogrisdigital.at\/da\/wp-json\/wp\/v2\/product"}],"about":[{"href":"https:\/\/donaulife-new.ogrisdigital.at\/da\/wp-json\/wp\/v2\/types\/product"}],"replies":[{"embeddable":true,"href":"https:\/\/donaulife-new.ogrisdigital.at\/da\/wp-json\/wp\/v2\/comments?post=53970"}],"wp:featuredmedia":[{"embeddable":true,"href":"https:\/\/donaulife-new.ogrisdigital.at\/da\/wp-json\/wp\/v2\/media\/36590"}],"wp:attachment":[{"href":"https:\/\/donaulife-new.ogrisdigital.at\/da\/wp-json\/wp\/v2\/media?parent=53970"}],"wp:term":[{"taxonomy":"product_cat","embeddable":true,"href":"https:\/\/donaulife-new.ogrisdigital.at\/da\/wp-json\/wp\/v2\/product_cat?post=53970"},{"taxonomy":"product_tag","embeddable":true,"href":"https:\/\/donaulife-new.ogrisdigital.at\/da\/wp-json\/wp\/v2\/product_tag?post=53970"}],"curies":[{"name":"wp","href":"https:\/\/api.w.org\/{rel}","templated":true}]}}