{"id":53961,"date":"2022-09-11T21:08:13","date_gmt":"2022-09-11T21:08:13","guid":{"rendered":"https:\/\/donaulife-new.ogrisdigital.at\/produkt\/heisenberg-bubbler-highlander-20-cm\/"},"modified":"2025-01-15T07:09:13","modified_gmt":"2025-01-15T07:09:13","slug":"heisenberg-bubbler-highlander-20-cm","status":"publish","type":"product","link":"https:\/\/donaulife-new.ogrisdigital.at\/da\/heisenberg-bubbler-highlander-20-cm\/","title":{"rendered":"HEISENBERG Bubbler &#8216;Highlander&#8217; | 20 cm"},"content":{"rendered":"<h2>Heisenberg Bubbler mit Tornado Disc<\/h2>\n<div id=\"description\" class=\"data item content\" role=\"tabpanel\" data-role=\"content\" aria-labelledby=\"tab-label-description\" aria-hidden=\"false\">\n<div class=\"product attribute description\">\n<div class=\"value\">\n<div class=\"teaser\">Highlander ist ja bekanntlich die Mehrzahl von Heiland. Von wegen es kann nur einen geben! Schicke Einhand Blubber Bong mit abgeschr\u00e4gtem Boden zur Erh\u00f6hung der Standsicherheit und einem rauchmildernden Cut Disc Diffuser am Boden des Glask\u00f6rpers.<\/div>\n<div class=\"description\">\n<p>Was n\u00edcht so alles in 14cm gro\u00dfe Pfeifen passt!<\/p>\n<p>Die Highlander kommt ohne separates Chillum aus, sondern verf\u00fcgt \u00fcber eine fest angebrachte und leicht zu reinigende Downpipe an der Seite der Bong, die \u00fcber einen tief liegenden Rauchweg in die Diffuser Kammer \u00fcbergeht.<\/p>\n<p>Das signifikante Heisenberglogo in ansprechender Gr\u00f6\u00dfe darf dabei nat\u00fcrlich keinstenfalls fehlen.<\/p>\n<\/div>\n<\/div>\n<\/div>\n<\/div>\n<div>\n<h3>\u00dcber Heisenberg:<\/h3>\n<div>\n<p>Heisenberg \u2013 nicht nur durch Breaking Bad ein Ph\u00e4nomen. Die Marke Heisenberg ist unter anderem durch ihre Glasbongs bekannt geworden. Keine Bong der Heisenberg Serie ist wie die andere. Hier werden verschiedene Gestaltungselemente geboten, wie beispielsweise poppige Farben oder mit Glow in the dark Funktion, Pl\u00e4tzen zum Einsetzen von LED Beleuchtung und anderen Extras.<\/p>\n<p>Bei dem interessanten Sortiment an Glasbongs, ist mit Sicherheit auch was f\u00fcr dich dabei!<\/p>\n<\/div>\n<\/div>\n","protected":false},"excerpt":{"rendered":"<p>Heisenberg Bubbler mit Tornado Disc Highlander ist ja bekanntlich die Mehrzahl von Heiland. Von wegen es kann nur einen geben!<\/p>\n","protected":false},"featured_media":36507,"comment_status":"open","ping_status":"open","template":"","meta":{"_acf_changed":false},"product_cat":[2514,2459,2513,2507,3404,2506,2463,2520],"product_tag":[3405,2466],"acf":[],"_links":{"self":[{"href":"https:\/\/donaulife-new.ogrisdigital.at\/da\/wp-json\/wp\/v2\/product\/53961"}],"collection":[{"href":"https:\/\/donaulife-new.ogrisdigital.at\/da\/wp-json\/wp\/v2\/product"}],"about":[{"href":"https:\/\/donaulife-new.ogrisdigital.at\/da\/wp-json\/wp\/v2\/types\/product"}],"replies":[{"embeddable":true,"href":"https:\/\/donaulife-new.ogrisdigital.at\/da\/wp-json\/wp\/v2\/comments?post=53961"}],"wp:featuredmedia":[{"embeddable":true,"href":"https:\/\/donaulife-new.ogrisdigital.at\/da\/wp-json\/wp\/v2\/media\/36507"}],"wp:attachment":[{"href":"https:\/\/donaulife-new.ogrisdigital.at\/da\/wp-json\/wp\/v2\/media?parent=53961"}],"wp:term":[{"taxonomy":"product_cat","embeddable":true,"href":"https:\/\/donaulife-new.ogrisdigital.at\/da\/wp-json\/wp\/v2\/product_cat?post=53961"},{"taxonomy":"product_tag","embeddable":true,"href":"https:\/\/donaulife-new.ogrisdigital.at\/da\/wp-json\/wp\/v2\/product_tag?post=53961"}],"curies":[{"name":"wp","href":"https:\/\/api.w.org\/{rel}","templated":true}]}}