{"id":53959,"date":"2022-09-11T20:51:58","date_gmt":"2022-09-11T20:51:58","guid":{"rendered":"https:\/\/donaulife-new.ogrisdigital.at\/produkt\/heisenberg-quartz-banger-188-mm\/"},"modified":"2025-01-15T07:09:15","modified_gmt":"2025-01-15T07:09:15","slug":"heisenberg-quartz-banger-188-mm","status":"publish","type":"product","link":"https:\/\/donaulife-new.ogrisdigital.at\/da\/heisenberg-quartz-banger-188-mm\/","title":{"rendered":"HEISENBERG Quarz Banger | 18,8 mm"},"content":{"rendered":"<h2>HNBG Banger aus Quarz<\/h2>\n<p>Der HNBG Quarz Banger ist ein hochwertig verarbeiteter Glaskopf aus Quarzglas zum Verdampfen von \u00d6l und Konzentraten. Er geh\u00f6rt zu den\u00a0<i>Domeless Quarz Nails<\/i>\u00a0&#8211; Glasn\u00e4geln, Bangern und \u00d6lpf\u00e4nnchen, die nicht \u00fcber eine zus\u00e4tzliche Kuppel verf\u00fcgen, sondern nach au\u00dfen offen gestaltet sind und im Idealfall in Kombination mit einer Carb Cap verwendet werden.<\/p>\n<p>Der Anschlusswinkel betr\u00e4gt 90\u00b0 (90 Grad). Idealerweise wird der Banger in Kombination mit einer Bong oder Dab Rig verwendet, die ebenfalls \u00fcber eine entsprechend senkrecht angebrachte Schliffh\u00fclse verf\u00fcgt.<\/p>\n<p>Die \u00d6lpfanne besitzt einen erh\u00f6hten Bodenbereich, der die Verteilung des Extrakts im Kopfinneren beg\u00fcnstigt und die Hitze des erw\u00e4rmten Glases durch die ausgepr\u00e4gte Glasdicke noch besser h\u00e4lt.<\/p>\n<p>Der Randbereich des Bangers l\u00e4uft schr\u00e4g zu. Auf der vorderen Seite des K\u00f6pfchens befindet sich ein einge\u00e4tztes HNBG Logo. Der 18 8er Schliff-Anschluss ist nicht etwa matt, wie bei gew\u00f6hnlichen Bongk\u00f6pfen, sondern poliert. Dies vereinfacht bei Bangern die Reinigung und minimiert die Ablagerung von Schmocke im Anschlussbereich.<\/p>\n<p><strong>Vorteile des HNBG Quarz Bangers<\/strong><br \/>\n&#8211; hergestellt aus stabilem Quarzglas<br \/>\n&#8211; top Qualit\u00e4t<br \/>\n&#8211; temperaturbest\u00e4ndig<br \/>\n&#8211; resistent gegen Abnutzung<br \/>\n&#8211; keine Lufteinschl\u00fcsse<br \/>\n&#8211; leicht zu reinigen\/pflegen<\/p>\n<h3>\u00dcber Heisenberg:<\/h3>\n<div>\n<p>Heisenberg \u2013 nicht nur durch Breaking Bad ein Ph\u00e4nomen. Die Marke Heisenberg ist unter anderem durch ihre Glasbongs bekannt geworden. Keine Bong der Heisenberg Serie ist wie die andere. Hier werden verschiedene Gestaltungselemente geboten, wie beispielsweise poppige Farben oder mit Glow in the dark Funktion, Pl\u00e4tzen zum Einsetzen von LED Beleuchtung und anderen Extras.<\/p>\n<p>Bei dem interessanten Sortiment an Glasbongs, ist mit Sicherheit auch was f\u00fcr dich dabei!<\/p>\n<\/div>\n","protected":false},"excerpt":{"rendered":"<p>HNBG Banger aus Quarz Der HNBG Quarz Banger ist ein hochwertig verarbeiteter Glaskopf aus Quarzglas zum Verdampfen von \u00d6l und<\/p>\n","protected":false},"featured_media":36493,"comment_status":"open","ping_status":"closed","template":"","meta":{"_acf_changed":false},"product_cat":[2459,2552,2549,3404,2463,2578],"product_tag":[2466],"acf":[],"_links":{"self":[{"href":"https:\/\/donaulife-new.ogrisdigital.at\/da\/wp-json\/wp\/v2\/product\/53959"}],"collection":[{"href":"https:\/\/donaulife-new.ogrisdigital.at\/da\/wp-json\/wp\/v2\/product"}],"about":[{"href":"https:\/\/donaulife-new.ogrisdigital.at\/da\/wp-json\/wp\/v2\/types\/product"}],"replies":[{"embeddable":true,"href":"https:\/\/donaulife-new.ogrisdigital.at\/da\/wp-json\/wp\/v2\/comments?post=53959"}],"wp:featuredmedia":[{"embeddable":true,"href":"https:\/\/donaulife-new.ogrisdigital.at\/da\/wp-json\/wp\/v2\/media\/36493"}],"wp:attachment":[{"href":"https:\/\/donaulife-new.ogrisdigital.at\/da\/wp-json\/wp\/v2\/media?parent=53959"}],"wp:term":[{"taxonomy":"product_cat","embeddable":true,"href":"https:\/\/donaulife-new.ogrisdigital.at\/da\/wp-json\/wp\/v2\/product_cat?post=53959"},{"taxonomy":"product_tag","embeddable":true,"href":"https:\/\/donaulife-new.ogrisdigital.at\/da\/wp-json\/wp\/v2\/product_tag?post=53959"}],"curies":[{"name":"wp","href":"https:\/\/api.w.org\/{rel}","templated":true}]}}