{"id":53958,"date":"2022-09-11T20:37:43","date_gmt":"2022-09-11T20:37:43","guid":{"rendered":"https:\/\/donaulife-new.ogrisdigital.at\/produkt\/heisenberg-percolatorbong-ice-block-40-cm\/"},"modified":"2024-07-01T01:00:52","modified_gmt":"2024-07-01T01:00:52","slug":"heisenberg-percolatorbong-ice-block-40-cm","status":"publish","type":"product","link":"https:\/\/donaulife-new.ogrisdigital.at\/da\/heisenberg-percolatorbong-ice-block-40-cm\/","title":{"rendered":"HEISENBERG Percolatorbong &#8216;ICE Block&#8217; | 40 cm"},"content":{"rendered":"<h2>Heisenberg Bong mit einer einzelnen, gro\u00dfen Eiskerbe<\/h2>\n<div id=\"description\" class=\"data item content\" role=\"tabpanel\" data-role=\"content\" aria-labelledby=\"tab-label-description\" aria-hidden=\"false\">\n<div class=\"product attribute description\">\n<div class=\"value\">\n<p>Die Heisenberg Iceblock ist eine Stemless Bong im Straight-Format. Stemless deshalb, da sie einen fest installierten Stem-Perkolator (hier ein Loch-Diffusor), anstelle einer Kupplung besitzt. Die Iceblock ist ungef\u00e4hr 40cm hoch und besitzt einen weiblichen 18.8er Schliff f\u00fcr m\u00e4nnliche 18.8er Bongk\u00f6pfe und Bong-Zubeh\u00f6r wie bspw. Aktivkohlefilter oder Vork\u00fchler.<\/p>\n<p>Durch ihren vertikalen Stem-Perc z\u00e4hlt die Iceblock zu den Perkolatorbongs und gleichzeitig, dank ihrer einzelnen, extragro\u00dfen Eiskerbe. auch zu den Eisbongs. Die Kerbe verringert den Innendurchmesser des Bonghalses und erm\u00f6glicht es, den Bonghals oberhalb der Kerbe mit Eisw\u00fcrfeln zu f\u00fcllen, um den Rauch radikal abzuk\u00fchlen.<\/p>\n<p>Um ihr reduziertes Designs aufzupeppen, wird die Heisenberg Iceblock durch ein paar farbige Highlights akzentuiert: Schwarze Glaspartien am Dewar\u2018s Joint, dem Mundst\u00fcck und dem Randbereich des Rundfu\u00dfes heben die Form der Bong hervor. Der vordere Bereich des Bonghalses wird von einem gro\u00dfen HNBG Schriftzug geziert. Die Buchstaben sind schwarz konturiert und von einer dunkel-goldenen Farbe.<\/p>\n<\/div>\n<\/div>\n<\/div>\n<div>\n<h3>\u00dcber Heisenberg:<\/h3>\n<div>\n<p>Heisenberg \u2013 nicht nur durch Breaking Bad ein Ph\u00e4nomen. Die Marke Heisenberg ist unter anderem durch ihre Glasbongs bekannt geworden. Keine Bong der Heisenberg Serie ist wie die andere. Hier werden verschiedene Gestaltungselemente geboten, wie beispielsweise poppige Farben oder mit Glow in the dark Funktion, Pl\u00e4tzen zum Einsetzen von LED Beleuchtung und anderen Extras.<\/p>\n<p>Bei dem interessanten Sortiment an Glasbongs, ist mit Sicherheit auch was f\u00fcr dich dabei!<\/p>\n<\/div>\n<\/div>\n","protected":false},"excerpt":{"rendered":"<p>Heisenberg Bong mit einer einzelnen, gro\u00dfen Eiskerbe Die Heisenberg Iceblock ist eine Stemless Bong im Straight-Format. Stemless deshalb, da sie<\/p>\n","protected":false},"featured_media":36484,"comment_status":"open","ping_status":"open","template":"","meta":{"_acf_changed":false},"product_cat":[2514,2459,2510,3404,2523,2577,2506,2463,2520],"product_tag":[3405,2466],"acf":[],"_links":{"self":[{"href":"https:\/\/donaulife-new.ogrisdigital.at\/da\/wp-json\/wp\/v2\/product\/53958"}],"collection":[{"href":"https:\/\/donaulife-new.ogrisdigital.at\/da\/wp-json\/wp\/v2\/product"}],"about":[{"href":"https:\/\/donaulife-new.ogrisdigital.at\/da\/wp-json\/wp\/v2\/types\/product"}],"replies":[{"embeddable":true,"href":"https:\/\/donaulife-new.ogrisdigital.at\/da\/wp-json\/wp\/v2\/comments?post=53958"}],"wp:featuredmedia":[{"embeddable":true,"href":"https:\/\/donaulife-new.ogrisdigital.at\/da\/wp-json\/wp\/v2\/media\/36484"}],"wp:attachment":[{"href":"https:\/\/donaulife-new.ogrisdigital.at\/da\/wp-json\/wp\/v2\/media?parent=53958"}],"wp:term":[{"taxonomy":"product_cat","embeddable":true,"href":"https:\/\/donaulife-new.ogrisdigital.at\/da\/wp-json\/wp\/v2\/product_cat?post=53958"},{"taxonomy":"product_tag","embeddable":true,"href":"https:\/\/donaulife-new.ogrisdigital.at\/da\/wp-json\/wp\/v2\/product_tag?post=53958"}],"curies":[{"name":"wp","href":"https:\/\/api.w.org\/{rel}","templated":true}]}}