{"id":53919,"date":"2022-09-07T13:24:08","date_gmt":"2022-09-07T13:24:08","guid":{"rendered":"https:\/\/donaulife-new.ogrisdigital.at\/produkt\/raw-snapback-black-on-black-mit-holz-poker\/"},"modified":"2024-07-01T01:00:25","modified_gmt":"2024-07-01T01:00:25","slug":"raw-snapback-black-on-black-mit-holz-poker","status":"publish","type":"product","link":"https:\/\/donaulife-new.ogrisdigital.at\/da\/raw-snapback-black-on-black-mit-holz-poker\/","title":{"rendered":"RAW Snapback Black on Black mit Holz Poker"},"content":{"rendered":"<h2>RAW Snapback Cap Black on Black<\/h2>\n<p>Die RAW Baseballkappe kommt mit einem versteckten Pokerwerkzeug unter der Krempe.<br \/>\nDie schwarze Snapback-Baseballkappe ist mit einem schwarzen RAW-Logo auf der Vorderseite bestickt.<\/p>\n<p>Eine Gr\u00f6\u00dfe passt allen.<\/p>\n<h3>\u00dcber RAW:<\/h3>\n<p>RAW \u2013 Die nat\u00fcrliche Art zu rollen.<\/p>\n<p>Seit dem 1. Tag hat RAW den Auftrag, die F\u00fchrungsrolle in der Papierrollenindustrie zu \u00fcbernehmen. RAW hat die Welt des Rauchens revolutioniert, indem sie Produkte geschaffen hat, die von Natur aus genial gestaltet sind, um das Raucherlebnis zu verbessern.<\/p>\n<p>RAW stellt nur qualitativ hochwertige und umweltfreundliche Produkte her, die Ihr Raucherlebnis verbessern, und wir werden das wof\u00fcr wir stehen niemals \u00e4ndern. Wir genie\u00dfen es, unser unraffiniertes Papier jeden Tag zu rauchen, und wir werden es immer komplett rein also \u201cRAW\u201d belassen \u2013 f\u00fcr dich und uns!<\/p>\n","protected":false},"excerpt":{"rendered":"<p>RAW Snapback Cap Black on Black Die RAW Baseballkappe kommt mit einem versteckten Pokerwerkzeug unter der Krempe. Die schwarze Snapback-Baseballkappe<\/p>\n","protected":false},"featured_media":36270,"comment_status":"open","ping_status":"open","template":"","meta":{"_acf_changed":false},"product_cat":[2489,3180,2490],"product_tag":[2493],"acf":[],"_links":{"self":[{"href":"https:\/\/donaulife-new.ogrisdigital.at\/da\/wp-json\/wp\/v2\/product\/53919"}],"collection":[{"href":"https:\/\/donaulife-new.ogrisdigital.at\/da\/wp-json\/wp\/v2\/product"}],"about":[{"href":"https:\/\/donaulife-new.ogrisdigital.at\/da\/wp-json\/wp\/v2\/types\/product"}],"replies":[{"embeddable":true,"href":"https:\/\/donaulife-new.ogrisdigital.at\/da\/wp-json\/wp\/v2\/comments?post=53919"}],"wp:featuredmedia":[{"embeddable":true,"href":"https:\/\/donaulife-new.ogrisdigital.at\/da\/wp-json\/wp\/v2\/media\/36270"}],"wp:attachment":[{"href":"https:\/\/donaulife-new.ogrisdigital.at\/da\/wp-json\/wp\/v2\/media?parent=53919"}],"wp:term":[{"taxonomy":"product_cat","embeddable":true,"href":"https:\/\/donaulife-new.ogrisdigital.at\/da\/wp-json\/wp\/v2\/product_cat?post=53919"},{"taxonomy":"product_tag","embeddable":true,"href":"https:\/\/donaulife-new.ogrisdigital.at\/da\/wp-json\/wp\/v2\/product_tag?post=53919"}],"curies":[{"name":"wp","href":"https:\/\/api.w.org\/{rel}","templated":true}]}}