{"id":53854,"date":"2022-07-01T10:21:01","date_gmt":"2022-07-01T10:21:01","guid":{"rendered":"https:\/\/donaulife-new.ogrisdigital.at\/produkt\/zenpen-hash-grinder-edelstahl\/"},"modified":"2025-01-15T07:09:32","modified_gmt":"2025-01-15T07:09:32","slug":"zenpen-hash-grinder-edelstahl","status":"publish","type":"product","link":"https:\/\/donaulife-new.ogrisdigital.at\/da\/zenpen-hash-grinder-edelstahl\/","title":{"rendered":"ZENPEN Hash Grinder | Edelstahl"},"content":{"rendered":"<h2>ZenPen &#8211; Der erste Haschischgrinder der Welt<\/h2>\n<p>ZenPen\u00ae wird mit Echtheitszertifikat geliefert.<\/p>\n<p><strong>\u00dcber den ZenPen\u00ae<\/strong><br \/>\nErhitze die Spitze des ZenPen mit einem Feuerzeug, ziehe die innere Nadel heraus, stecke den Pen in dein k\u00f6stliches Krokettengl\u00fcck, stecke die innere Nadel wieder in den Pen und dr\u00fccke eine perfekte Schnur deines Lieblingshaschs aus.<\/p>\n<p>Sie k\u00f6nnen auch die R\u00fcckseite des ZenPen verwenden, um Ihren Hash zu schneiden, und wenn Sie fertig sind, verwenden Sie den Clip an der Seite, um Ihren ZenPen in Ihre Tasche zu stecken.<\/p>\n<p><strong>Spezifikationen:<\/strong><\/p>\n<ul>\n<li>15 Gramm<\/li>\n<li>70mm lang<\/li>\n<li>8mm breit (Schneidkopf)<\/li>\n<li>2mm Loch (Hash-String)<\/li>\n<\/ul>\n<p>Innenstange und Au\u00dfenzylinder sind aus Edelstahl<br \/>\nClip ist aus rostfreiem Eisen<\/p>\n<div style=\"width: 3840px;\" class=\"wp-video\"><!--[if lt IE 9]><script>document.createElement('video');<\/script><![endif]-->\n<video class=\"wp-video-shortcode\" id=\"video-53854-1\" width=\"3840\" height=\"2160\" preload=\"metadata\" controls=\"controls\"><source type=\"video\/mp4\" src=\"https:\/\/www.donaulife.com\/wp-content\/uploads\/2022\/07\/zenpen.compressed.mp4?_=1\" \/><a href=\"https:\/\/www.donaulife.com\/wp-content\/uploads\/2022\/07\/zenpen.compressed.mp4\" target=\"_blank\" rel=\"noopener\">https:\/\/www.donaulife.com\/wp-content\/uploads\/2022\/07\/zenpen.compressed.mp4<\/a><\/video><\/div>\n<h3>\u00dcber ZenPen:<\/h3>\n<p>Alles begann mit schmutzigen Fingern\u00e4geln, einem Problem, mit dem alle Haschischkonsumenten konfrontiert sind, wenn sie kleine St\u00fcckchen von den gro\u00dfen Brocken trennen. Es ist nicht nur unhygienisch, sondern kann auch zu Verurteilungen, Vorurteilen und Stereotypen f\u00fchren. Mit dem ZenPen werden schmutzige N\u00e4gel ein Grund weniger f\u00fcr Hindernisse in Ihrem Leben sein: Der erste Haschischgrinder der Welt. Ziehen Sie die innere Nadel heraus, erhitzen Sie die Spitze des Stifts mit einem Feuerzeug, dr\u00fccken Sie den Stift in Ihren Block des schuldigen Vergn\u00fcgens, stecken Sie die innere Nadel zur\u00fcck in den Stift und dr\u00fccken Sie einen perfekten Strang Ihres Lieblings-Haschischs heraus.<\/p>\n","protected":false},"excerpt":{"rendered":"<p>ZenPen &#8211; Der erste Haschischgrinder der Welt ZenPen\u00ae wird mit Echtheitszertifikat geliefert. \u00dcber den ZenPen\u00ae Erhitze die Spitze des ZenPen<\/p>\n","protected":false},"featured_media":36075,"comment_status":"open","ping_status":"open","template":"","meta":{"_acf_changed":false},"product_cat":[3188,2480,2451,2483],"product_tag":[],"acf":[],"_links":{"self":[{"href":"https:\/\/donaulife-new.ogrisdigital.at\/da\/wp-json\/wp\/v2\/product\/53854"}],"collection":[{"href":"https:\/\/donaulife-new.ogrisdigital.at\/da\/wp-json\/wp\/v2\/product"}],"about":[{"href":"https:\/\/donaulife-new.ogrisdigital.at\/da\/wp-json\/wp\/v2\/types\/product"}],"replies":[{"embeddable":true,"href":"https:\/\/donaulife-new.ogrisdigital.at\/da\/wp-json\/wp\/v2\/comments?post=53854"}],"wp:featuredmedia":[{"embeddable":true,"href":"https:\/\/donaulife-new.ogrisdigital.at\/da\/wp-json\/wp\/v2\/media\/36075"}],"wp:attachment":[{"href":"https:\/\/donaulife-new.ogrisdigital.at\/da\/wp-json\/wp\/v2\/media?parent=53854"}],"wp:term":[{"taxonomy":"product_cat","embeddable":true,"href":"https:\/\/donaulife-new.ogrisdigital.at\/da\/wp-json\/wp\/v2\/product_cat?post=53854"},{"taxonomy":"product_tag","embeddable":true,"href":"https:\/\/donaulife-new.ogrisdigital.at\/da\/wp-json\/wp\/v2\/product_tag?post=53854"}],"curies":[{"name":"wp","href":"https:\/\/api.w.org\/{rel}","templated":true}]}}