{"id":53777,"date":"2022-05-16T13:30:11","date_gmt":"2022-05-16T13:30:11","guid":{"rendered":"https:\/\/donaulife-new.ogrisdigital.at\/produkt\/buddies-rolling-tray-aus-bambus-m\/"},"modified":"2024-07-01T00:59:10","modified_gmt":"2024-07-01T00:59:10","slug":"buddies-rolling-tray-aus-bambus-m","status":"publish","type":"product","link":"https:\/\/donaulife-new.ogrisdigital.at\/da\/buddies-rolling-tray-aus-bambus-m\/","title":{"rendered":"BUDDIES Rolling Tray aus Bambus | M"},"content":{"rendered":"<h2>Buddies Rolling Tray aus Bambus<\/h2>\n<div>Von RAW kommen diese gut durchdachten Buddies Bamboo Trays mit Platz f\u00fcr alles Wesentliche. Ausgestattet mit Haltern f\u00fcr unterschiedlich gro\u00dfe Grinder, Feuerzeug, Rolling Papers, Filter, Reiniger. Das Fach f\u00fcr Kr\u00e4uter und Tabak hat gebogene Kanten f\u00fcr eine einfache Entnahme und Reinigung.<\/div>\n<p>Ma\u00dfe: 23 x 15,4 x 2 cm<\/p>\n<h3>\u00dcber Buddies:<\/h3>\n<p>Buddies bringt konkurenzlose Qualit\u00e4t zum g\u00fcnstigen Preis.<\/p>\n","protected":false},"excerpt":{"rendered":"<p>Buddies Rolling Tray aus Bambus Von RAW kommen diese gut durchdachten Buddies Bamboo Trays mit Platz f\u00fcr alles Wesentliche. Ausgestattet<\/p>\n","protected":false},"featured_media":35723,"comment_status":"open","ping_status":"open","template":"","meta":{"_acf_changed":false},"product_cat":[2975,2451,2793],"product_tag":[],"acf":[],"_links":{"self":[{"href":"https:\/\/donaulife-new.ogrisdigital.at\/da\/wp-json\/wp\/v2\/product\/53777"}],"collection":[{"href":"https:\/\/donaulife-new.ogrisdigital.at\/da\/wp-json\/wp\/v2\/product"}],"about":[{"href":"https:\/\/donaulife-new.ogrisdigital.at\/da\/wp-json\/wp\/v2\/types\/product"}],"replies":[{"embeddable":true,"href":"https:\/\/donaulife-new.ogrisdigital.at\/da\/wp-json\/wp\/v2\/comments?post=53777"}],"wp:featuredmedia":[{"embeddable":true,"href":"https:\/\/donaulife-new.ogrisdigital.at\/da\/wp-json\/wp\/v2\/media\/35723"}],"wp:attachment":[{"href":"https:\/\/donaulife-new.ogrisdigital.at\/da\/wp-json\/wp\/v2\/media?parent=53777"}],"wp:term":[{"taxonomy":"product_cat","embeddable":true,"href":"https:\/\/donaulife-new.ogrisdigital.at\/da\/wp-json\/wp\/v2\/product_cat?post=53777"},{"taxonomy":"product_tag","embeddable":true,"href":"https:\/\/donaulife-new.ogrisdigital.at\/da\/wp-json\/wp\/v2\/product_tag?post=53777"}],"curies":[{"name":"wp","href":"https:\/\/api.w.org\/{rel}","templated":true}]}}