{"id":53695,"date":"2022-03-30T13:30:59","date_gmt":"2022-03-30T13:30:59","guid":{"rendered":"https:\/\/donaulife-new.ogrisdigital.at\/produkt\/g-rollz-baggie-banksy-100x125\/"},"modified":"2024-07-01T00:58:13","modified_gmt":"2024-07-01T00:58:13","slug":"g-rollz-baggie-banksy-100x125","status":"publish","type":"product","link":"https:\/\/donaulife-new.ogrisdigital.at\/da\/g-rollz-baggie-banksy-100x125\/","title":{"rendered":"G-ROLLZ Baggie &#8216;Banksy&#8217; | 100&#215;125"},"content":{"rendered":"<h2>G-Rollz Bag im Banksy Design<\/h2>\n<div>Der G-Rollz Bag sieht besonders auff\u00e4llig und cool aus. Der Klickverschluss ist verschlie\u00dft sicher damit keine Ger\u00fcche nach au\u00dfen dringen. Das Bag misst 10 x 12,5 cm und kann bis zu 8 Gramm Pflanzenmaterial beherbergen.<\/div>\n<h3 class=\"std\">\u00dcber G-Rollz:<\/h3>\n<p>G-Rollz ist ein junges Unternehmen das sich auf Artworks und l\u00e4ssige Produkte mit coolem Design spezialisiert hat. Du findest von Papers \u00fcber Baggies und Trays sogar Metall Boxen mit Top Designs. Preis und Leistung passen hier einfach!<\/p>\n","protected":false},"excerpt":{"rendered":"<p>G-Rollz Bag im Banksy Design Der G-Rollz Bag sieht besonders auff\u00e4llig und cool aus. Der Klickverschluss ist verschlie\u00dft sicher damit<\/p>\n","protected":false},"featured_media":35366,"comment_status":"open","ping_status":"open","template":"","meta":{"_acf_changed":false},"product_cat":[2607,2982,2451],"product_tag":[3584],"acf":[],"_links":{"self":[{"href":"https:\/\/donaulife-new.ogrisdigital.at\/da\/wp-json\/wp\/v2\/product\/53695"}],"collection":[{"href":"https:\/\/donaulife-new.ogrisdigital.at\/da\/wp-json\/wp\/v2\/product"}],"about":[{"href":"https:\/\/donaulife-new.ogrisdigital.at\/da\/wp-json\/wp\/v2\/types\/product"}],"replies":[{"embeddable":true,"href":"https:\/\/donaulife-new.ogrisdigital.at\/da\/wp-json\/wp\/v2\/comments?post=53695"}],"wp:featuredmedia":[{"embeddable":true,"href":"https:\/\/donaulife-new.ogrisdigital.at\/da\/wp-json\/wp\/v2\/media\/35366"}],"wp:attachment":[{"href":"https:\/\/donaulife-new.ogrisdigital.at\/da\/wp-json\/wp\/v2\/media?parent=53695"}],"wp:term":[{"taxonomy":"product_cat","embeddable":true,"href":"https:\/\/donaulife-new.ogrisdigital.at\/da\/wp-json\/wp\/v2\/product_cat?post=53695"},{"taxonomy":"product_tag","embeddable":true,"href":"https:\/\/donaulife-new.ogrisdigital.at\/da\/wp-json\/wp\/v2\/product_tag?post=53695"}],"curies":[{"name":"wp","href":"https:\/\/api.w.org\/{rel}","templated":true}]}}