{"id":53652,"date":"2022-03-28T13:26:00","date_gmt":"2022-03-28T13:26:00","guid":{"rendered":"https:\/\/donaulife-new.ogrisdigital.at\/produkt\/raw-black-organic-hemp-kss-papers-32-blatt\/"},"modified":"2025-01-15T07:09:46","modified_gmt":"2025-01-15T07:09:46","slug":"raw-black-organic-hemp-kss-papers-32-blatt","status":"publish","type":"product","link":"https:\/\/donaulife-new.ogrisdigital.at\/da\/raw-black-organic-hemp-kss-papers-32-blatt\/","title":{"rendered":"RAW Black Organic Hemp KSS Papers | 32 Blatt"},"content":{"rendered":"<h2>RAW Black Papers KSS extra d\u00fcnn aus Hanf<\/h2>\n<div>Besonders an dem RAW Black Green Organic Hemp ist, dass es das d\u00fcnnste Rolling Paper ist, das RAW jemals auf den Markt gebracht hat.<\/div>\n<div><\/div>\n<div>Es besteht zu 100 % aus Bio-Hanf. Hanf-Paper haben von Haus aus die besondere Eigenschaft, eine Art &#8220;nat\u00fcrliches Wasserzeichen&#8221; im Paper zu hinterlassen. Damit das das Bl\u00e4ttchen aber immer gleichm\u00e4\u00dfig und langsam abbrennt, sind nat\u00fcrlich noch extra Wasserzeichen verarbeitet. So ist ein gutes Abbrennverhalten garantiert.<\/div>\n<div><\/div>\n<div>Dadurch, dass das Paper so d\u00fcnn ist, verf\u00e4lscht es den Geschmack beim Rauchen kaum, sondern addiert eine leichte, nat\u00fcrlich erdige Note.<\/div>\n<h3>\u00dcber RAW:<\/h3>\n<p>RAW \u2013 Die nat\u00fcrliche Art zu rollen.<\/p>\n<p>Seit dem 1. Tag hat RAW den Auftrag, die F\u00fchrungsrolle in der Papierrollenindustrie zu \u00fcbernehmen. RAW hat die Welt des Rauchens revolutioniert, indem sie Produkte geschaffen hat, die von Natur aus genial gestaltet sind, um das Raucherlebnis zu verbessern.<\/p>\n<p>RAW stellt nur qualitativ hochwertige und umweltfreundliche Produkte her, die Ihr Raucherlebnis verbessern, und wir werden das wof\u00fcr wir stehen niemals \u00e4ndern. Wir genie\u00dfen es, unser unraffiniertes Papier jeden Tag zu rauchen, und wir werden es immer komplett rein also \u201cRAW\u201d belassen \u2013 f\u00fcr dich und uns!<\/p>\n<p>&nbsp;<\/p>\n","protected":false},"excerpt":{"rendered":"<p>RAW Black Papers KSS extra d\u00fcnn aus Hanf Besonders an dem RAW Black Green Organic Hemp ist, dass es das<\/p>\n","protected":false},"featured_media":35233,"comment_status":"open","ping_status":"open","template":"","meta":{"_acf_changed":false},"product_cat":[2456,2489,2451,2453,2452,2490,2492],"product_tag":[2493],"acf":[],"_links":{"self":[{"href":"https:\/\/donaulife-new.ogrisdigital.at\/da\/wp-json\/wp\/v2\/product\/53652"}],"collection":[{"href":"https:\/\/donaulife-new.ogrisdigital.at\/da\/wp-json\/wp\/v2\/product"}],"about":[{"href":"https:\/\/donaulife-new.ogrisdigital.at\/da\/wp-json\/wp\/v2\/types\/product"}],"replies":[{"embeddable":true,"href":"https:\/\/donaulife-new.ogrisdigital.at\/da\/wp-json\/wp\/v2\/comments?post=53652"}],"wp:featuredmedia":[{"embeddable":true,"href":"https:\/\/donaulife-new.ogrisdigital.at\/da\/wp-json\/wp\/v2\/media\/35233"}],"wp:attachment":[{"href":"https:\/\/donaulife-new.ogrisdigital.at\/da\/wp-json\/wp\/v2\/media?parent=53652"}],"wp:term":[{"taxonomy":"product_cat","embeddable":true,"href":"https:\/\/donaulife-new.ogrisdigital.at\/da\/wp-json\/wp\/v2\/product_cat?post=53652"},{"taxonomy":"product_tag","embeddable":true,"href":"https:\/\/donaulife-new.ogrisdigital.at\/da\/wp-json\/wp\/v2\/product_tag?post=53652"}],"curies":[{"name":"wp","href":"https:\/\/api.w.org\/{rel}","templated":true}]}}