{"id":53600,"date":"2022-02-23T09:08:07","date_gmt":"2022-02-23T09:08:07","guid":{"rendered":"https:\/\/donaulife-new.ogrisdigital.at\/produkt\/krass-design-masterpiece-490-k-leaf-49-cm\/"},"modified":"2024-07-01T00:57:11","modified_gmt":"2024-07-01T00:57:11","slug":"krass-design-masterpiece-490-k-leaf-49-cm","status":"publish","type":"product","link":"https:\/\/donaulife-new.ogrisdigital.at\/da\/krass-design-masterpiece-490-k-leaf-49-cm\/","title":{"rendered":"KRASS DESIGN Masterpiece 490 &#8216;K-Leaf&#8217; | 49 cm"},"content":{"rendered":"<h2>Krass Design Masterpiece mit eingravierten Hanfbl\u00e4ttern<\/h2>\n<p>Hier stimmt jeder Milimeter: Bei der Masterpiece Acrylbong sind die Dimensionen perfekt aufeinander abgestimmt. Die schlichte Formausf\u00fchrung dieser Wasserpfeife ist nicht per Zufall entstanden sondern wurde f\u00fcr h\u00f6chsten Rauchgenuss und Komfort entwickelt. Dank der harmonischen, schlanken Figur liegt die Bong perfekt in der Hand und l\u00e4sst sich besonders angenehm rauchen.<\/p>\n<p>Die Masterpiece gibt es in vielen verschiedenen Designs und Farben und 3 verschiedenen Gr\u00f6\u00dfen (klein 40 cm \/ mittel 49 cm \/ gro\u00df 58 cm). Da die Kupplung charakteristisch sehr weit oben sitzt fasst die Wasserpfeife trotz des geraden Bauches viel Wasser. Das Fassungsverm\u00f6gen ist bei allen Modellen gleich gro\u00df, es variiert nur das Rauchvolumen. Die gr\u00f6\u00dferen Ausf\u00fchrungen verlangen daher auch nach einem gr\u00f6\u00dferen Lungenvolumen beim Rauchen.<\/p>\n<p>Wenig Kleinteile und stabile Materialien machen die Masterpiece zur perfekten Begleiterin f\u00fcr unterwegs. Dank Aluminium-Kupplung und -Kopf ist nicht nur die Bong sondern auch das Zubeh\u00f6r bruchsicher.<\/p>\n<p>Die Familie der Masterpieces auf einen Blick:<\/p>\n<p><strong>Das K\u00fcken:<\/strong><\/p>\n<p>Die kleinste Gr\u00f6\u00dfe der Masterpiece mit 400 mm gibt es ohne Muster oder im Hanfblatt Design.<\/p>\n<p><strong>Das Sandwich-Kind:<\/strong><\/p>\n<p>Das mittelgro\u00dfe Modell mit 490 mm gibt es klar, mit Hanfbl\u00e4ttern, mit Tribal oder mit THC Molek\u00fclen eingraviert.<\/p>\n<p><strong>Die gro\u00dfe Schwester:<\/strong><\/p>\n<p>Die gr\u00f6\u00dfte Masterpiece mit 580 mm finden Sie in klarer Ausf\u00fchrung, mit Tribal-Design und mit verspielten Kringeln.<br \/>\nF\u00fcr mehr Farbe und Freude in einer grauen Welt!<\/p>\n<p>Alle Masterpiece-Modelle gibt es in 5 lebensfrohen, leuchtenden Farben:<\/p>\n<ul>\n<li>Ice Blue<\/li>\n<li>Deep Blue<\/li>\n<li>Fresh Green<\/li>\n<li>Rubin Red<\/li>\n<li>Deep Purple<\/li>\n<\/ul>\n<h3>\u00dcber Krass Design:<\/h3>\n<h4><strong>Acryl-Bongs, die Glas-Pfeifen das Wasser reichen k\u00f6nnen<\/strong><\/h4>\n<p>Die unvergleichbar hochwertigen Acryl-Pfeifen werden in Europa handgefertigt und\u00a0bedienen h\u00f6chste Qualit\u00e4ts-Standards. Krass Design sind die wohl einzigen Acrylbongs, die und sich hervorragend auch f\u00fcr langj\u00e4hrigen Gebrauch eignen.<\/p>\n<p>Krass Design produziert zwar nur zwei Modelle, diese aber in Perfektion! Die Bauweise der Jetstream lehnt sich an das Design der &#8220;Hurricane&#8221; an. Die Masterpiece mag simpel wirken, ist tats\u00e4chlich aber eine ausgekl\u00fcgelte Erfindung, um ein angenehmes Rauchen zu erm\u00f6glichen.<\/p>\n<p>Seit Sommer 2004 geh\u00f6rt die urspr\u00fcnglich aus Hamburg stammende Edelbong-Schmiede &#8220;Krass Design&#8221; als Tochterfirma untrennbar zur Bushplanet Distribution. Die unvergleichbar hochwertigen Acryl-Pfeifen werden in Europa handgefertigt und bedienen h\u00f6chste Qualit\u00e4ts-Standards. Krass Design sind die wohl einzigen Acrylbongs, die ihren Benutzer*innen zu h\u00f6chstem Rauchgenuss verhelfen und sich hervorragend auch f\u00fcr langj\u00e4hrigen Gebrauch eignen.<\/p>\n","protected":false},"excerpt":{"rendered":"<p>Krass Design Masterpiece mit eingravierten Hanfbl\u00e4ttern Hier stimmt jeder Milimeter: Bei der Masterpiece Acrylbong sind die Dimensionen perfekt aufeinander abgestimmt.<\/p>\n","protected":false},"featured_media":34681,"comment_status":"open","ping_status":"open","template":"","meta":{"_acf_changed":false},"product_cat":[3043,2459,2510,3565,2515,2506,2463],"product_tag":[3566],"acf":[],"_links":{"self":[{"href":"https:\/\/donaulife-new.ogrisdigital.at\/da\/wp-json\/wp\/v2\/product\/53600"}],"collection":[{"href":"https:\/\/donaulife-new.ogrisdigital.at\/da\/wp-json\/wp\/v2\/product"}],"about":[{"href":"https:\/\/donaulife-new.ogrisdigital.at\/da\/wp-json\/wp\/v2\/types\/product"}],"replies":[{"embeddable":true,"href":"https:\/\/donaulife-new.ogrisdigital.at\/da\/wp-json\/wp\/v2\/comments?post=53600"}],"wp:featuredmedia":[{"embeddable":true,"href":"https:\/\/donaulife-new.ogrisdigital.at\/da\/wp-json\/wp\/v2\/media\/34681"}],"wp:attachment":[{"href":"https:\/\/donaulife-new.ogrisdigital.at\/da\/wp-json\/wp\/v2\/media?parent=53600"}],"wp:term":[{"taxonomy":"product_cat","embeddable":true,"href":"https:\/\/donaulife-new.ogrisdigital.at\/da\/wp-json\/wp\/v2\/product_cat?post=53600"},{"taxonomy":"product_tag","embeddable":true,"href":"https:\/\/donaulife-new.ogrisdigital.at\/da\/wp-json\/wp\/v2\/product_tag?post=53600"}],"curies":[{"name":"wp","href":"https:\/\/api.w.org\/{rel}","templated":true}]}}