{"id":53507,"date":"2022-01-12T13:25:45","date_gmt":"2022-01-12T13:25:45","guid":{"rendered":"https:\/\/donaulife-new.ogrisdigital.at\/produkt\/raw-taschen-aschenbecher\/"},"modified":"2025-01-15T07:10:04","modified_gmt":"2025-01-15T07:10:04","slug":"raw-taschen-aschenbecher","status":"publish","type":"product","link":"https:\/\/donaulife-new.ogrisdigital.at\/da\/raw-taschen-aschenbecher\/","title":{"rendered":"RAW Taschen Aschenbecher"},"content":{"rendered":"<h2>RAW Pocket Ashtray<\/h2>\n<p>Dieser tragbare Taschenaschenbecher wurde urspr\u00fcnglich f\u00fcr Japan entwickelt (wo das Aschen auf der Stra\u00dfe verboten ist). Wir haben eine einfache, aber gro\u00dfartige L\u00f6sung entwickelt &#8211; den RAW Taschenaschenbecher! Der RAW Taschenaschenbecher ist klein genug, um in deine Tasche zu passen, damit du ihn \u00fcberallhin mitnehmen kannst. Er hat eine hitzebest\u00e4ndige Innenfolie, die deine Kippe sofort l\u00f6scht, wenn die Klappe geschlossen ist. Au\u00dferdem hat er einen Druckknopfverschluss, damit er sich nicht \u00f6ffnet und die Asche in deiner Tasche landet.<\/p>\n<p>Abmessungen: 7,5 cm x 8,5<span style=\"font-size: 14.4px;\">\u00a0cm<\/span><\/p>\n<h3>\u00dcber RAW:<\/h3>\n<p>RAW \u2013 Die nat\u00fcrliche Art zu rollen.<\/p>\n<p>Seit dem 1. Tag hat RAW den Auftrag, die F\u00fchrungsrolle in der Papierrollenindustrie zu \u00fcbernehmen. RAW hat die Welt des Rauchens revolutioniert, indem sie Produkte geschaffen hat, die von Natur aus genial gestaltet sind, um das Raucherlebnis zu verbessern.<\/p>\n<p>RAW stellt nur qualitativ hochwertige und umweltfreundliche Produkte her, die Ihr Raucherlebnis verbessern, und wir werden das wof\u00fcr wir stehen niemals \u00e4ndern. Wir genie\u00dfen es, unser unraffiniertes Papier jeden Tag zu rauchen, und wir werden es immer komplett rein also \u201cRAW\u201d belassen \u2013 f\u00fcr dich und uns!<\/p>\n","protected":false},"excerpt":{"rendered":"<p>RAW Pocket Ashtray Dieser tragbare Taschenaschenbecher wurde urspr\u00fcnglich f\u00fcr Japan entwickelt (wo das Aschen auf der Stra\u00dfe verboten ist). Wir<\/p>\n","protected":false},"featured_media":34050,"comment_status":"open","ping_status":"closed","template":"","meta":{"_acf_changed":false},"product_cat":[2744,2607,2489,2451,2490],"product_tag":[2493],"acf":[],"_links":{"self":[{"href":"https:\/\/donaulife-new.ogrisdigital.at\/da\/wp-json\/wp\/v2\/product\/53507"}],"collection":[{"href":"https:\/\/donaulife-new.ogrisdigital.at\/da\/wp-json\/wp\/v2\/product"}],"about":[{"href":"https:\/\/donaulife-new.ogrisdigital.at\/da\/wp-json\/wp\/v2\/types\/product"}],"replies":[{"embeddable":true,"href":"https:\/\/donaulife-new.ogrisdigital.at\/da\/wp-json\/wp\/v2\/comments?post=53507"}],"wp:featuredmedia":[{"embeddable":true,"href":"https:\/\/donaulife-new.ogrisdigital.at\/da\/wp-json\/wp\/v2\/media\/34050"}],"wp:attachment":[{"href":"https:\/\/donaulife-new.ogrisdigital.at\/da\/wp-json\/wp\/v2\/media?parent=53507"}],"wp:term":[{"taxonomy":"product_cat","embeddable":true,"href":"https:\/\/donaulife-new.ogrisdigital.at\/da\/wp-json\/wp\/v2\/product_cat?post=53507"},{"taxonomy":"product_tag","embeddable":true,"href":"https:\/\/donaulife-new.ogrisdigital.at\/da\/wp-json\/wp\/v2\/product_tag?post=53507"}],"curies":[{"name":"wp","href":"https:\/\/api.w.org\/{rel}","templated":true}]}}