{"id":53506,"date":"2022-01-12T12:56:50","date_gmt":"2022-01-12T12:56:50","guid":{"rendered":"https:\/\/donaulife-new.ogrisdigital.at\/produkt\/raw-cone-drehmaschine-hanf-plastik-11-cm\/"},"modified":"2025-01-15T07:10:04","modified_gmt":"2025-01-15T07:10:04","slug":"raw-cone-drehmaschine-hanf-plastik-11-cm","status":"publish","type":"product","link":"https:\/\/donaulife-new.ogrisdigital.at\/da\/raw-cone-drehmaschine-hanf-plastik-11-cm\/","title":{"rendered":"RAW Cone Drehmaschine Hanf Plastik | 11 cm"},"content":{"rendered":"<p>Im Rahmen unseres Engagements f\u00fcr den Selbstdreher-Markt und der Umwelt sind wir stolz darauf, unseren ersten Roll Maschinen aus nat\u00fcrlichem Hanf-Verbundkunststoff vorzustellen. Hergestellt in einer der \u00e4ltesten existierenden Rollmaschinenfabriken der Welt in Kudus auf der Insel Java, Indonesien. Diese Fabrik wurde vor fast 100 Jahren gegr\u00fcndet, um Handrollmaschinen f\u00fcr die \u00f6rtlichen Nelkenzigarettenfabriken herzustellen, und sie produziert auch heute noch Handrollmaschinen f\u00fcr dieselben Fabriken.<\/p>\n<p>RAW Hemp Plastic Cone Roller ist in 110mm erh\u00e4ltlich.<\/p>\n<h3>\u00dcber RAW:<\/h3>\n<p>RAW &#8211; Die nat\u00fcrliche Art zu rollen.<\/p>\n<p>Seit dem 1. Tag hat RAW den Auftrag, die F\u00fchrungsrolle in der Papierrollenindustrie zu \u00fcbernehmen. RAW hat die Welt des Rauchens revolutioniert, indem sie Produkte geschaffen hat, die von Natur aus genial gestaltet sind, um das Raucherlebnis zu verbessern.<\/p>\n<p>RAW stellt nur qualitativ hochwertige und umweltfreundliche Produkte her, die Ihr Raucherlebnis verbessern, und wir werden das wof\u00fcr wir stehen niemals \u00e4ndern. Wir genie\u00dfen es, unser unraffiniertes Papier jeden Tag zu rauchen, und wir werden es immer komplett rein also &#8220;RAW&#8221; belassen &#8211; f\u00fcr dich und uns!<\/p>\n","protected":false},"excerpt":{"rendered":"<p>Im Rahmen unseres Engagements f\u00fcr den Selbstdreher-Markt und der Umwelt sind wir stolz darauf, unseren ersten Roll Maschinen aus nat\u00fcrlichem<\/p>\n","protected":false},"featured_media":34045,"comment_status":"open","ping_status":"open","template":"","meta":{"_acf_changed":false},"product_cat":[2489,2763,2451,2452,2490],"product_tag":[2493],"acf":[],"_links":{"self":[{"href":"https:\/\/donaulife-new.ogrisdigital.at\/da\/wp-json\/wp\/v2\/product\/53506"}],"collection":[{"href":"https:\/\/donaulife-new.ogrisdigital.at\/da\/wp-json\/wp\/v2\/product"}],"about":[{"href":"https:\/\/donaulife-new.ogrisdigital.at\/da\/wp-json\/wp\/v2\/types\/product"}],"replies":[{"embeddable":true,"href":"https:\/\/donaulife-new.ogrisdigital.at\/da\/wp-json\/wp\/v2\/comments?post=53506"}],"wp:featuredmedia":[{"embeddable":true,"href":"https:\/\/donaulife-new.ogrisdigital.at\/da\/wp-json\/wp\/v2\/media\/34045"}],"wp:attachment":[{"href":"https:\/\/donaulife-new.ogrisdigital.at\/da\/wp-json\/wp\/v2\/media?parent=53506"}],"wp:term":[{"taxonomy":"product_cat","embeddable":true,"href":"https:\/\/donaulife-new.ogrisdigital.at\/da\/wp-json\/wp\/v2\/product_cat?post=53506"},{"taxonomy":"product_tag","embeddable":true,"href":"https:\/\/donaulife-new.ogrisdigital.at\/da\/wp-json\/wp\/v2\/product_tag?post=53506"}],"curies":[{"name":"wp","href":"https:\/\/api.w.org\/{rel}","templated":true}]}}