{"id":53447,"date":"2021-12-09T14:13:57","date_gmt":"2021-12-09T14:13:57","guid":{"rendered":"https:\/\/donaulife-new.ogrisdigital.at\/produkt\/revelry-geruchtsdichte-tasche-the-broker\/"},"modified":"2024-07-01T00:55:40","modified_gmt":"2024-07-01T00:55:40","slug":"revelry-geruchtsdichte-tasche-the-broker","status":"publish","type":"product","link":"https:\/\/donaulife-new.ogrisdigital.at\/da\/revelry-geruchtsdichte-tasche-the-broker\/","title":{"rendered":"REVELRY geruchtsdichte Tasche &#8216;The Broker&#8217;"},"content":{"rendered":"<h2>Revelry Tasche mit Aktivkohle Filterung und Rei\u00dfverschluss<\/h2>\n<div>\n<p>Dieser volumin\u00f6se Geldbeutel mit Rei\u00dfverschluss bietet Platz f\u00fcr mehr als nur Kleingeld. The Broker ist hergestellt aus Revelry&#8217;s geschichtetem Stoff, der Wasserbest\u00e4ndigkeit, Langlebigkeit und Geruchsschutz gew\u00e4hrleistet.<\/p>\n<h2>Revelry The Broker Eigenschaften<\/h2>\n<ul>\n<li>Geruchsabsorbierend und wasserfest<\/li>\n<li>Kohlefilter-System<\/li>\n<li>Gummiverst\u00e4rkte Au\u00dfenseite<\/li>\n<li>Ma\u00dfgeschneiderte Schutz- F\u00fcllung<\/li>\n<li>Verschlie\u00dfbarer Rei\u00dfverschluss<\/li>\n<li>Abmessungen: 25 x 15 cm<\/li>\n<li>Volumen: 0.5 L<\/li>\n<\/ul>\n<h2>Schichten<\/h2>\n<p>Die Taschen von Revelry verf\u00fcgen \u00fcber eine Au\u00dfenschicht aus Nylon oder Baumwolle, verst\u00e4rkt mit Gummi f\u00fcr intensive Nutzung. Die Gummiverst\u00e4rkung, die von au\u00dfen nicht sichtbar ist, dient au\u00dferdem als erste Schicht gegen das Austreten von Ger\u00fcchen und das Eintreten von Wasser.<\/p>\n<p>Das Kohlefilter-System besteht aus drei unterschiedlichen Schichten. Die zwei \u00e4u\u00dferen, wei\u00dfen Schichten sind synthetische Filter und in der Mitte befindet sich ein Aktivkohlefilter. Die Kombination dieser drei Schichten erzeugt ein Filtersystem, das alle unerw\u00fcnschten Ger\u00fcche aufsaugt.<\/p>\n<p>Die F\u00fcllung sch\u00fctzt das Filtersystem zus\u00e4tzlich vor Verschlei\u00df, wodurch die Lebensdauer der Tasche erh\u00f6ht wird.<\/p>\n<\/div>\n<div>\n<p><span style=\"font-size: 20.16px; color: #333333;\">\u00dcber Revelry:<\/span><\/p>\n<\/div>\n<p><strong>Wer wir sind<\/strong><br \/>\nUnsere Crew ist eine Familie von Surfern, Skatern und Outdoor-Enthusiasten, die gerne reisen und Spa\u00df haben. Wir leben in Santa Cruz, wo der Strand auf die Redwoods trifft, und wir nutzen die Landschaft und den Lebensstil voll aus. Wenn du jemals hier bist, besuche uns! Wir sind immer f\u00fcr eine gute Zeit zu haben.<\/p>\n<p><strong>Was wir herstellen<\/strong><br \/>\nUnsere Produkte sind von dem Wunsch inspiriert, Ausr\u00fcstung zu schaffen, die nahtlos in jeden Teil deines Tages \u00fcbergeht. Egal, ob du ein Outdoor-Abenteuer erlebst, auf einem Roadtrip bist oder einfach zu Hause zur\u00fccklehnst, unsere technischen und dennoch einfachen Designs bieten dir alles, was du brauchst. Wir konzentrieren uns auf die Details, um Produkte zu schaffen, die sowohl einfach als auch diskret sind, w\u00e4hrend wir gleichzeitig hochwertige Materialien verwenden damit die Produkte lange halten. Unsere klassische \u00c4sthetik, gepaart mit unserer Liebe zum Detail, machen unsere Kollektion perfekt f\u00fcr jedes Abenteuer, das du eingehst.<\/p>\n<p><strong>Warum wir das tun<\/strong><br \/>\nUm es einfach auszudr\u00fccken: weil wir es wollen. Revelry wurde mit dem selbsts\u00fcchtigen Ehrgeiz gegr\u00fcndet, Produkte zu schaffen, die wir selbst auch benutzen wollen. Unsere ersten Entw\u00fcrfe sollten die wenigen geruchsdichten Taschen am Markt verbessern. Als wir begannen gab es viele Produkte ohne Namen oder eine richtige Identit\u00e4t, und so entstand Revelry. Seitdem haben wir unseren Fokus auf Technologie und klare \u00c4sthetik auf alle unsere verschiedenen Produkte \u00fcbertragen. Probiere es selbst aus, du wirst nicht entt\u00e4uscht sein.<\/p>\n<p>&nbsp;<\/p>\n","protected":false},"excerpt":{"rendered":"<p>Revelry Tasche mit Aktivkohle Filterung und Rei\u00dfverschluss Dieser volumin\u00f6se Geldbeutel mit Rei\u00dfverschluss bietet Platz f\u00fcr mehr als nur Kleingeld. The<\/p>\n","protected":false},"featured_media":33783,"comment_status":"open","ping_status":"closed","template":"","meta":{"_acf_changed":false},"product_cat":[2607,2969,2451],"product_tag":[3478],"acf":[],"_links":{"self":[{"href":"https:\/\/donaulife-new.ogrisdigital.at\/da\/wp-json\/wp\/v2\/product\/53447"}],"collection":[{"href":"https:\/\/donaulife-new.ogrisdigital.at\/da\/wp-json\/wp\/v2\/product"}],"about":[{"href":"https:\/\/donaulife-new.ogrisdigital.at\/da\/wp-json\/wp\/v2\/types\/product"}],"replies":[{"embeddable":true,"href":"https:\/\/donaulife-new.ogrisdigital.at\/da\/wp-json\/wp\/v2\/comments?post=53447"}],"wp:featuredmedia":[{"embeddable":true,"href":"https:\/\/donaulife-new.ogrisdigital.at\/da\/wp-json\/wp\/v2\/media\/33783"}],"wp:attachment":[{"href":"https:\/\/donaulife-new.ogrisdigital.at\/da\/wp-json\/wp\/v2\/media?parent=53447"}],"wp:term":[{"taxonomy":"product_cat","embeddable":true,"href":"https:\/\/donaulife-new.ogrisdigital.at\/da\/wp-json\/wp\/v2\/product_cat?post=53447"},{"taxonomy":"product_tag","embeddable":true,"href":"https:\/\/donaulife-new.ogrisdigital.at\/da\/wp-json\/wp\/v2\/product_tag?post=53447"}],"curies":[{"name":"wp","href":"https:\/\/api.w.org\/{rel}","templated":true}]}}