{"id":53446,"date":"2021-12-07T15:04:11","date_gmt":"2021-12-07T15:04:11","guid":{"rendered":"https:\/\/donaulife-new.ogrisdigital.at\/produkt\/heisenberg-glasbong-matrix-50-cm\/"},"modified":"2025-01-15T07:10:10","modified_gmt":"2025-01-15T07:10:10","slug":"heisenberg-glasbong-matrix-50-cm","status":"publish","type":"product","link":"https:\/\/donaulife-new.ogrisdigital.at\/da\/heisenberg-glasbong-matrix-50-cm\/","title":{"rendered":"HEISENBERG Glasbong &#8216;Matrix&#8217; | 50 cm"},"content":{"rendered":"<h2>Heisenberg Beakerbong mit Matrix Percolator<\/h2>\n<div id=\"description\" class=\"data item content\" role=\"tabpanel\" data-role=\"content\" aria-labelledby=\"tab-label-description\" aria-hidden=\"false\">\n<div class=\"product attribute description\">\n<div class=\"value\">\n<p>Der Beaker Bubble Matrix geh\u00f6rt zur Gruppe der Bongs, bei denen das Chillum im Inneren der Bong befestigt ist. Bei diesem Modell geht das Chillum in einen Matrix Percolator \u00fcber. Dieser sorgt f\u00fcr einen kr\u00e4ftigen Wirbel und bringt dir ein unglaublich mildes und angenehmes Rauchvergn\u00fcgen, f\u00fcr das Heisenberg bekannt ist.<\/p>\n<p>Mit ihrem gro\u00dfen Durchmesser und ihrer H\u00f6he bietet die Beaker viel Platz f\u00fcr viel Rauch und ist daher eher f\u00fcr erfahrene Raucher geeignet.<\/p>\n<\/div>\n<\/div>\n<\/div>\n<div>\n<h3>\u00dcber Heisenberg:<\/h3>\n<div>\n<p>Heisenberg \u2013 nicht nur durch Breaking Bad ein Ph\u00e4nomen. Die Marke Heisenberg ist unter anderem durch ihre Glasbongs bekannt geworden. Keine Bong der Heisenberg Serie ist wie die andere. Hier werden verschiedene Gestaltungselemente geboten, wie beispielsweise poppige Farben oder mit Glow in the dark Funktion, Pl\u00e4tzen zum Einsetzen von LED Beleuchtung und anderen Extras.<\/p>\n<p>Bei dem interessanten Sortiment an Glasbongs, ist mit Sicherheit auch was f\u00fcr dich dabei!<\/p>\n<\/div>\n<\/div>\n","protected":false},"excerpt":{"rendered":"<p>Heisenberg Beakerbong mit Matrix Percolator Der Beaker Bubble Matrix geh\u00f6rt zur Gruppe der Bongs, bei denen das Chillum im Inneren<\/p>\n","protected":false},"featured_media":33774,"comment_status":"open","ping_status":"open","template":"","meta":{"_acf_changed":false},"product_cat":[2514,2459,3404,2515,2635,2577,2506,2463],"product_tag":[3405,2466],"acf":[],"_links":{"self":[{"href":"https:\/\/donaulife-new.ogrisdigital.at\/da\/wp-json\/wp\/v2\/product\/53446"}],"collection":[{"href":"https:\/\/donaulife-new.ogrisdigital.at\/da\/wp-json\/wp\/v2\/product"}],"about":[{"href":"https:\/\/donaulife-new.ogrisdigital.at\/da\/wp-json\/wp\/v2\/types\/product"}],"replies":[{"embeddable":true,"href":"https:\/\/donaulife-new.ogrisdigital.at\/da\/wp-json\/wp\/v2\/comments?post=53446"}],"wp:featuredmedia":[{"embeddable":true,"href":"https:\/\/donaulife-new.ogrisdigital.at\/da\/wp-json\/wp\/v2\/media\/33774"}],"wp:attachment":[{"href":"https:\/\/donaulife-new.ogrisdigital.at\/da\/wp-json\/wp\/v2\/media?parent=53446"}],"wp:term":[{"taxonomy":"product_cat","embeddable":true,"href":"https:\/\/donaulife-new.ogrisdigital.at\/da\/wp-json\/wp\/v2\/product_cat?post=53446"},{"taxonomy":"product_tag","embeddable":true,"href":"https:\/\/donaulife-new.ogrisdigital.at\/da\/wp-json\/wp\/v2\/product_tag?post=53446"}],"curies":[{"name":"wp","href":"https:\/\/api.w.org\/{rel}","templated":true}]}}