{"id":53432,"date":"2021-12-07T09:39:58","date_gmt":"2021-12-07T09:39:58","guid":{"rendered":"https:\/\/donaulife-new.ogrisdigital.at\/produkt\/piecemaker-kube-silikonbong-19-cm\/"},"modified":"2024-07-01T00:55:29","modified_gmt":"2024-07-01T00:55:29","slug":"piecemaker-kube-silikonbong-19-cm","status":"publish","type":"product","link":"https:\/\/donaulife-new.ogrisdigital.at\/da\/piecemaker-kube-silikonbong-19-cm\/","title":{"rendered":"PIECEMAKER &#8216;Kube&#8217; Silikonbong | 19 cm"},"content":{"rendered":"<h2>Piecemaker Silikonbong Dab Kube<\/h2>\n<p>Dieser unschuldig aussehende W\u00fcrfel aus Silikon hat es ganz sch\u00f6n in sich: &#8216;Kube&#8217; von\u00a0<strong>PieceMaker\u2122<\/strong>ist n\u00e4mlich eine praktische, leichte, gut transportable und fast unzerst\u00f6rbare Dab-Rig, also eine Wasserpfeife zum Blubbern von Konzentraten wie Wax oder \u00d6l.<\/p>\n<p>Entfernt man die Bodenplatte aus rostfreiem Edelstahl, findet man im W\u00fcrfelinneren einen exklusiven, quadratischen \u00d6lbanger aus bestem Quarzglas und\u00a0<strong>PieceMaker\u2122<\/strong>\u00a0Logo.<\/p>\n<p>Dann ein Zugrohr und einen L-f\u00f6rmigen Perkolator-Adapter, der durch die\u00a0<strong>PieceMaker\u2122<\/strong>\u00a0eigene Hex-TEK\u2122 &#8216;high perc technology&#8217; das Wasser ordentlich zum Blubbern bringt. Beides selbstverst\u00e4ndlich auch aus lebensmittelechtem, \u00e4u\u00dferst hitzebest\u00e4ndigem Silikon.<\/p>\n<p>Das Zugrohr setzt man auf die gr\u00f6\u00dfte \u00d6ffnung im W\u00fcrfel, wo ein Spritzschutz integriert ist. Dann gibt es noch einen Dabber und ein Silikond\u00f6schen f\u00fcr die Konzentrate. Praktischerweise kann man das Konzentratd\u00f6schen in Reichweite zum Banger in die daf\u00fcr gedachte Vertiefung auf dem W\u00fcrfel platzieren. Auch f\u00fcr den Dabber gibt es eine entsprechende Aufbewahrungsm\u00f6glichkeit.<\/p>\n<p>So hat man alles sicher verstaut beisammen und kann los legen, getreu\u00a0<strong>PieceMaker\u2122<\/strong>\u00a0Motto: #BYOT &#8211; &#8216;Blaze Your Own Trail&#8217;.<\/p>\n<h3><span style=\"font-size: 20.16px;\">\u00dcber Black Leaf:<\/span><\/h3>\n<div>\n<p>In Weed We Trust ? Smoking\u00a0<em>Paraphernalia<\/em> seit 1988: Bongs, Pfeifen, Vaporizer, Grinder, Dabbing Zubeh\u00f6r, Paper &amp; Filter, Lifestyle Produkte. Es gibt viele Innovative Produkte der Marke die auch die ein oder andere Weltneuheit erschaffen haben. Im Shop bieten wir von allen Produkten die beste Auswahl.<\/p>\n<\/div>\n","protected":false},"excerpt":{"rendered":"<p>Piecemaker Silikonbong Dab Kube Dieser unschuldig aussehende W\u00fcrfel aus Silikon hat es ganz sch\u00f6n in sich: &#8216;Kube&#8217; von\u00a0PieceMaker\u2122ist n\u00e4mlich eine<\/p>\n","protected":false},"featured_media":33683,"comment_status":"open","ping_status":"open","template":"","meta":{"_acf_changed":false},"product_cat":[2886,2459,2507,2546,2515,2506,2463,2887],"product_tag":[3490],"acf":[],"_links":{"self":[{"href":"https:\/\/donaulife-new.ogrisdigital.at\/da\/wp-json\/wp\/v2\/product\/53432"}],"collection":[{"href":"https:\/\/donaulife-new.ogrisdigital.at\/da\/wp-json\/wp\/v2\/product"}],"about":[{"href":"https:\/\/donaulife-new.ogrisdigital.at\/da\/wp-json\/wp\/v2\/types\/product"}],"replies":[{"embeddable":true,"href":"https:\/\/donaulife-new.ogrisdigital.at\/da\/wp-json\/wp\/v2\/comments?post=53432"}],"wp:featuredmedia":[{"embeddable":true,"href":"https:\/\/donaulife-new.ogrisdigital.at\/da\/wp-json\/wp\/v2\/media\/33683"}],"wp:attachment":[{"href":"https:\/\/donaulife-new.ogrisdigital.at\/da\/wp-json\/wp\/v2\/media?parent=53432"}],"wp:term":[{"taxonomy":"product_cat","embeddable":true,"href":"https:\/\/donaulife-new.ogrisdigital.at\/da\/wp-json\/wp\/v2\/product_cat?post=53432"},{"taxonomy":"product_tag","embeddable":true,"href":"https:\/\/donaulife-new.ogrisdigital.at\/da\/wp-json\/wp\/v2\/product_tag?post=53432"}],"curies":[{"name":"wp","href":"https:\/\/api.w.org\/{rel}","templated":true}]}}