{"id":53414,"date":"2021-12-02T09:24:24","date_gmt":"2021-12-02T09:24:24","guid":{"rendered":"https:\/\/donaulife-new.ogrisdigital.at\/produkt\/vibes-ks-cones-rice-3-stueck\/"},"modified":"2024-07-01T00:55:16","modified_gmt":"2024-07-01T00:55:16","slug":"vibes-ks-cones-rice-3-stueck","status":"publish","type":"product","link":"https:\/\/donaulife-new.ogrisdigital.at\/da\/vibes-ks-cones-rice-3-stueck\/","title":{"rendered":"VIBES KS Cones Rice | 3 St\u00fcck"},"content":{"rendered":"<h2 class=\"title\">Vibes Cones 3x Kingsize<\/h2>\n<div>\n<p>Immer bereit f\u00fcr die n\u00e4chste Session mit der Vibes Cones Box &#8211; King Size. In die King Size Cones passt ca. 1 Gramm Material. Jede Schachtel enth\u00e4lt 30 Packungen mit je 3 St\u00fcck Cones, also insgesamt 90 King Size Vibes Cones.<\/p>\n<h3>Vibes King Size Rice Cones<\/h3>\n<p>Die Vibes Rice Cones sind ein Muss f\u00fcr alle, die auf lange Sessions stehen. Reispapier brennt langsamer ab als Hanfpapier, wodurch man auch l\u00e4ngere Sessions abhalten kann. Das Aroma von getrockneten Kr\u00e4utern wird mit diesen Cones aufbl\u00fchen. Das spezielle Design garantiert gleichm\u00e4\u00dfige Z\u00fcge und die King Size L\u00e4nge sorgt f\u00fcr noch l\u00e4ngere Smokes.<\/p>\n<h3>\u00dcber Vibes:<\/h3>\n<\/div>\n<p>Vibes &#8211; eine Kollektion von Premium-Rolling Papers &#8211; wird in Frankreich angebaut und hergestellt. Vibes wird in der Dominikanischen Republik geschnitten und gekittet und ist in einer Vielzahl von Mischungen und Gr\u00f6\u00dfen erh\u00e4ltlich; diese Papers sind mit Wasserzeichen versehenen und werden nach den h\u00f6chsten Qualit\u00e4tsstandards hergestellt. Vibes wurde entwickelt, um die Reinheit und Potenz deines Materials zu bewahren, und hat das ultimative Raucherlebnis f\u00fcr Kenner geschaffen.<\/p>\n","protected":false},"excerpt":{"rendered":"<p>Vibes Cones 3x Kingsize Immer bereit f\u00fcr die n\u00e4chste Session mit der Vibes Cones Box &#8211; King Size. In die<\/p>\n","protected":false},"featured_media":33568,"comment_status":"open","ping_status":"open","template":"","meta":{"_acf_changed":false},"product_cat":[3145,2489,2451,2452,2724],"product_tag":[3483],"acf":[],"_links":{"self":[{"href":"https:\/\/donaulife-new.ogrisdigital.at\/da\/wp-json\/wp\/v2\/product\/53414"}],"collection":[{"href":"https:\/\/donaulife-new.ogrisdigital.at\/da\/wp-json\/wp\/v2\/product"}],"about":[{"href":"https:\/\/donaulife-new.ogrisdigital.at\/da\/wp-json\/wp\/v2\/types\/product"}],"replies":[{"embeddable":true,"href":"https:\/\/donaulife-new.ogrisdigital.at\/da\/wp-json\/wp\/v2\/comments?post=53414"}],"wp:featuredmedia":[{"embeddable":true,"href":"https:\/\/donaulife-new.ogrisdigital.at\/da\/wp-json\/wp\/v2\/media\/33568"}],"wp:attachment":[{"href":"https:\/\/donaulife-new.ogrisdigital.at\/da\/wp-json\/wp\/v2\/media?parent=53414"}],"wp:term":[{"taxonomy":"product_cat","embeddable":true,"href":"https:\/\/donaulife-new.ogrisdigital.at\/da\/wp-json\/wp\/v2\/product_cat?post=53414"},{"taxonomy":"product_tag","embeddable":true,"href":"https:\/\/donaulife-new.ogrisdigital.at\/da\/wp-json\/wp\/v2\/product_tag?post=53414"}],"curies":[{"name":"wp","href":"https:\/\/api.w.org\/{rel}","templated":true}]}}