{"id":53400,"date":"2021-11-26T12:29:42","date_gmt":"2021-11-26T12:29:42","guid":{"rendered":"https:\/\/donaulife-new.ogrisdigital.at\/produkt\/blaze-glass-kofferbong-affenkoenig-50-cm\/"},"modified":"2024-07-01T00:55:07","modified_gmt":"2024-07-01T00:55:07","slug":"blaze-glass-kofferbong-affenkoenig-50-cm","status":"publish","type":"product","link":"https:\/\/donaulife-new.ogrisdigital.at\/da\/blaze-glass-kofferbong-affenkoenig-50-cm\/","title":{"rendered":"BLAZE GLASS Kofferbong &#8216;Affenk\u00f6nig&#8217; | 50 cm"},"content":{"rendered":"<div>\n<h2>Blaze Glass Percolatorbong im Affen Design<\/h2>\n<p>Wie &#8216;Hanuman&#8217;, die hinduistische Gottheit in Affengestalt, wird diese Glasbong von\u00a0<strong>Black Leaf\u00ae<\/strong>\u00a0stets ein treuer Diener sein und zuverl\u00e4ssig die fettesten Highs servieren. Die robuste Wandst\u00e4rke von 7mm verleiht der Zylinderbong viel Stabilit\u00e4t und Standsicherheit, so dass &#8216;Hanuman&#8217; seine Aufgabe sehr lange erf\u00fcllen kann.<\/p>\n<p>Der farbige Adapter sorgt mit seinen Diffusorschlitzen f\u00fcr viele Luft- und Wasserwirbel, die den Rauch gut runterk\u00fchlen. Weitere Abk\u00fchlung und Filterung erf\u00e4hrt der Rauch durch den Baumperkolator. Noch mehr K\u00fchlung gew\u00fcnscht? Kein Problem, in die ger\u00e4umige Icekammer passen jede Menge Eisw\u00fcrfel.<\/p>\n<p>Der Kr\u00e4uterkopf hat einen gr\u00f6\u00dferen Durchlass, daher empfehlen wir die Verwendung eines Siebchens. Ein Kickloch f\u00fcr den finalen Hit gibt es auch. Verpackt ist die Prachtbong in einem stabilen Koffer. So kann man sie sicher \u00fcberall mit hinnehmen. Erg\u00e4nzend enth\u00e4lt der Koffer auch noch einen Grinder und ein Rolltablett, beides mit \u2018Hanuman\u2018-Design. Und f\u00fcr die leichte Bongreinigung bringt &#8216;Hanuman&#8217; auch direkt die passenden Stopfen f\u00fcr Kickloch, Schliff und Mundst\u00fcck mit. Ein \u2018Hanuman\u2018-Poster macht das tolle Kofferset komplett.<\/p>\n<p>Der Legende nach flog &#8216;Hanuman&#8217; mal zum Himalaya und riss einen ganzen Berg voller heilender Kr\u00e4uter aus, um damit die Verletzten auf einem Schlachtfeld zu verarzten &#8211; daher ist &#8216;Hanuman&#8217; unser Mann! Und ziert der Heilkr\u00e4uterstory wegen diese sch\u00f6ne Glasbong, allerdings in der coolen und witzigen\u00a0<strong>Black Leaf\u00ae<\/strong>\u00a0Version! Diese ist selbstverst\u00e4ndlich der kreativen Feder unseres K\u00fcnstlers Sly entsprungen.<\/p>\n<\/div>\n<div>\n<h3>\u00dcber Black Leaf:<\/h3>\n<div>\n<p>In Weed We Trust ? Smoking\u00a0<em>Paraphernalia<\/em>\u00a0seit 1988: Bongs, Pfeifen, Vaporizer, Grinder, Dabbing Zubeh\u00f6r, Paper &amp; Filter, Lifestyle Produkte. Es gibt viele Innovative Produkte der Marke die auch die ein oder andere Weltneuheit erschaffen haben. Im Shop bieten wir von allen Produkten die beste Auswahl.<\/p>\n<\/div>\n<\/div>\n","protected":false},"excerpt":{"rendered":"<p>Blaze Glass Percolatorbong im Affen Design Wie &#8216;Hanuman&#8217;, die hinduistische Gottheit in Affengestalt, wird diese Glasbong von\u00a0Black Leaf\u00ae\u00a0stets ein treuer<\/p>\n","protected":false},"featured_media":33475,"comment_status":"open","ping_status":"open","template":"","meta":{"_acf_changed":false},"product_cat":[2514,2545,2459,2510,2566,2523,2515,2635,2577,2506,2463],"product_tag":[2547],"acf":[],"_links":{"self":[{"href":"https:\/\/donaulife-new.ogrisdigital.at\/da\/wp-json\/wp\/v2\/product\/53400"}],"collection":[{"href":"https:\/\/donaulife-new.ogrisdigital.at\/da\/wp-json\/wp\/v2\/product"}],"about":[{"href":"https:\/\/donaulife-new.ogrisdigital.at\/da\/wp-json\/wp\/v2\/types\/product"}],"replies":[{"embeddable":true,"href":"https:\/\/donaulife-new.ogrisdigital.at\/da\/wp-json\/wp\/v2\/comments?post=53400"}],"wp:featuredmedia":[{"embeddable":true,"href":"https:\/\/donaulife-new.ogrisdigital.at\/da\/wp-json\/wp\/v2\/media\/33475"}],"wp:attachment":[{"href":"https:\/\/donaulife-new.ogrisdigital.at\/da\/wp-json\/wp\/v2\/media?parent=53400"}],"wp:term":[{"taxonomy":"product_cat","embeddable":true,"href":"https:\/\/donaulife-new.ogrisdigital.at\/da\/wp-json\/wp\/v2\/product_cat?post=53400"},{"taxonomy":"product_tag","embeddable":true,"href":"https:\/\/donaulife-new.ogrisdigital.at\/da\/wp-json\/wp\/v2\/product_tag?post=53400"}],"curies":[{"name":"wp","href":"https:\/\/api.w.org\/{rel}","templated":true}]}}