{"id":53293,"date":"2021-08-09T12:10:52","date_gmt":"2021-08-09T12:10:52","guid":{"rendered":"https:\/\/donaulife-new.ogrisdigital.at\/produkt\/blaze-glass-diffusorchillum-little-bob-105-cm-188145mm\/"},"modified":"2024-07-01T00:53:55","modified_gmt":"2024-07-01T00:53:55","slug":"blaze-glass-diffusorchillum-little-bob-105-cm-188145mm","status":"publish","type":"product","link":"https:\/\/donaulife-new.ogrisdigital.at\/da\/blaze-glass-diffusorchillum-little-bob-105-cm-188145mm\/","title":{"rendered":"BLAZE GLASS Diffusorchillum &#8216;Little Bob&#8217; | 18,8>14,5mm"},"content":{"rendered":"<h2>Blaze Glass Chillum mit Diffusorschlitzen<\/h2>\n<p>Ein spezielles 18,8 mm Chillum f\u00fcr Blaze Bongs mit passendem Schliff. Das Chillum \u00fcbersetzt auf 14,5 mm und ist mit dem silbernen Blaze Schriftzug versehen. Am unteren Ende befinden sich 4&#215;4 Diffusorl\u00f6cher.<\/p>\n<div>\n<div><span style=\"font-size: 20.16px;\">\u00dcber Blaze Glass:<\/span><\/div>\n<div>\n<div>\n<p>Blaze-Glass-Bongs sind aus spannungsfreiem 3.1-Borosilikatglas (vergleichbar mit Duranglas) h\u00f6chster G\u00fcteklasse gefertigt. Mindestens 5 mm Wandst\u00e4rke machen eine Wasserpfeife robust.<br \/>\nWir verwenden extrem passgenaue Normschliffe in 14,5 bzw. 18,8 mm. Je nach Bong-Geometrie kommen normale Schliffe, verst\u00e4rkte Schliffe und bi-stabile Schliffe (doppelte Wand) in unseren Produkten zum Einsatz.<\/p>\n<\/div>\n<\/div>\n<\/div>\n<div><\/div>\n","protected":false},"excerpt":{"rendered":"<p>Blaze Glass Chillum mit Diffusorschlitzen Ein spezielles 18,8 mm Chillum f\u00fcr Blaze Bongs mit passendem Schliff. Das Chillum \u00fcbersetzt auf<\/p>\n","protected":false},"featured_media":24415,"comment_status":"closed","ping_status":"open","template":"","meta":{"_acf_changed":false},"product_cat":[2599,2459,2530,2460],"product_tag":[2547],"acf":[],"_links":{"self":[{"href":"https:\/\/donaulife-new.ogrisdigital.at\/da\/wp-json\/wp\/v2\/product\/53293"}],"collection":[{"href":"https:\/\/donaulife-new.ogrisdigital.at\/da\/wp-json\/wp\/v2\/product"}],"about":[{"href":"https:\/\/donaulife-new.ogrisdigital.at\/da\/wp-json\/wp\/v2\/types\/product"}],"replies":[{"embeddable":true,"href":"https:\/\/donaulife-new.ogrisdigital.at\/da\/wp-json\/wp\/v2\/comments?post=53293"}],"wp:featuredmedia":[{"embeddable":true,"href":"https:\/\/donaulife-new.ogrisdigital.at\/da\/wp-json\/wp\/v2\/media\/24415"}],"wp:attachment":[{"href":"https:\/\/donaulife-new.ogrisdigital.at\/da\/wp-json\/wp\/v2\/media?parent=53293"}],"wp:term":[{"taxonomy":"product_cat","embeddable":true,"href":"https:\/\/donaulife-new.ogrisdigital.at\/da\/wp-json\/wp\/v2\/product_cat?post=53293"},{"taxonomy":"product_tag","embeddable":true,"href":"https:\/\/donaulife-new.ogrisdigital.at\/da\/wp-json\/wp\/v2\/product_tag?post=53293"}],"curies":[{"name":"wp","href":"https:\/\/api.w.org\/{rel}","templated":true}]}}