{"id":53291,"date":"2021-08-09T11:20:55","date_gmt":"2021-08-09T11:20:55","guid":{"rendered":"https:\/\/donaulife-new.ogrisdigital.at\/produkt\/magicalbutter-21up-butter-tray\/"},"modified":"2024-07-01T00:53:54","modified_gmt":"2024-07-01T00:53:54","slug":"magicalbutter-21up-butter-tray","status":"publish","type":"product","link":"https:\/\/donaulife-new.ogrisdigital.at\/da\/magicalbutter-21up-butter-tray\/","title":{"rendered":"MAGICAL BUTTER 21UP Butter Tray"},"content":{"rendered":"<h1 class=\"title\">MagicalButter 21UP Butter Tray<\/h1>\n<div>\n<p>Das weltweit erste Silikonblech mit einem Medibles Siegel. Das flexible Anti-Haft-Silikon bietet eine Premium Form f\u00fcr Backwaren, Gummi-Bonbons und andere S\u00fc\u00dfwaren.<\/p>\n<p>Einfach zu reinigen, sp\u00fclmaschinenfest, flecken- und geruchsbest\u00e4ndig. Super robustes, langlebiges Silikon. Das 21UP-Siegel (nur \u00fcber 21 Jahren) sorgt f\u00fcr die Sicherheit von Eltern und Kindern. Die 21UP-Initiative hilft, Kinder zu sch\u00fctzen. Einzelne Bonbons, wenn sie einmal aus der Verpackung genommen wurden, k\u00f6nnen genauso schwer als &#8220;nur f\u00fcr Erwachsene&#8221; zu erkennen sein, wie ein ges\u00fc\u00dfter Cocktail.<\/p>\n<\/div>\n<div>\n<p><iframe title=\"MAGICAL Butter Trays with Lids\" width=\"500\" height=\"281\" src=\"https:\/\/www.youtube.com\/embed\/gI_aWv2fTng?feature=oembed\" frameborder=\"0\" allow=\"accelerometer; autoplay; clipboard-write; encrypted-media; gyroscope; picture-in-picture; web-share\" referrerpolicy=\"strict-origin-when-cross-origin\" allowfullscreen><\/iframe><\/p>\n<\/div>\n","protected":false},"excerpt":{"rendered":"<p>MagicalButter 21UP Butter Tray Das weltweit erste Silikonblech mit einem Medibles Siegel. Das flexible Anti-Haft-Silikon bietet eine Premium Form f\u00fcr<\/p>\n","protected":false},"featured_media":32814,"comment_status":"open","ping_status":"open","template":"","meta":{"_acf_changed":false},"product_cat":[2489,2451,3487,3488],"product_tag":[3489],"acf":[],"_links":{"self":[{"href":"https:\/\/donaulife-new.ogrisdigital.at\/da\/wp-json\/wp\/v2\/product\/53291"}],"collection":[{"href":"https:\/\/donaulife-new.ogrisdigital.at\/da\/wp-json\/wp\/v2\/product"}],"about":[{"href":"https:\/\/donaulife-new.ogrisdigital.at\/da\/wp-json\/wp\/v2\/types\/product"}],"replies":[{"embeddable":true,"href":"https:\/\/donaulife-new.ogrisdigital.at\/da\/wp-json\/wp\/v2\/comments?post=53291"}],"wp:featuredmedia":[{"embeddable":true,"href":"https:\/\/donaulife-new.ogrisdigital.at\/da\/wp-json\/wp\/v2\/media\/32814"}],"wp:attachment":[{"href":"https:\/\/donaulife-new.ogrisdigital.at\/da\/wp-json\/wp\/v2\/media?parent=53291"}],"wp:term":[{"taxonomy":"product_cat","embeddable":true,"href":"https:\/\/donaulife-new.ogrisdigital.at\/da\/wp-json\/wp\/v2\/product_cat?post=53291"},{"taxonomy":"product_tag","embeddable":true,"href":"https:\/\/donaulife-new.ogrisdigital.at\/da\/wp-json\/wp\/v2\/product_tag?post=53291"}],"curies":[{"name":"wp","href":"https:\/\/api.w.org\/{rel}","templated":true}]}}