{"id":53290,"date":"2021-08-09T10:45:57","date_gmt":"2021-08-09T10:45:57","guid":{"rendered":"https:\/\/donaulife-new.ogrisdigital.at\/produkt\/magicalbutter-decarbox-decarboxylierungsbox\/"},"modified":"2024-07-01T00:53:54","modified_gmt":"2024-07-01T00:53:54","slug":"magicalbutter-decarbox-decarboxylierungsbox","status":"publish","type":"product","link":"https:\/\/donaulife-new.ogrisdigital.at\/da\/magicalbutter-decarbox-decarboxylierungsbox\/","title":{"rendered":"MAGICAL BUTTER Decarbox | Decarboxylierungsbox"},"content":{"rendered":"<h1 class=\"title\">MagicalButter Decarboxylierungsbox &amp; Thermometer Combo<\/h1>\n<div>\n<p>Die MagicalButter DecarBox-Thermometer Combo erm\u00f6glicht eine einfache Decarboxylierung ihres trockenen Krauts vor dem Aufkochen. Eine lebensmittelfeste Silikonh\u00fclle verhindert den Verlust von trockenen Kr\u00e4utern und gew\u00e4hrleistet eine vollst\u00e4ndige Decarboxylierung.<\/p>\n<p>Ein integrierter digitaler Thermometer hilft dabei, den Ofen w\u00e4hrend des Backens genau zu kalibrieren, w\u00e4hrend man mit der externen digitalen Stay-Cool-Anzeige die Temperatur der DecarBox \u00fcberwachen kann, ohne den Ofen \u00f6ffnen zu m\u00fcssen.<\/p>\n<h2>MagicalButter Decarbox Features<\/h2>\n<ul>\n<li>Integrierter Pr\u00e4zisions-Thermometer<\/li>\n<li>Stay-Cool Digital-Display<\/li>\n<li>Lebensmittelfestes Silikon<\/li>\n<li>Ofensichere Bauweise<\/li>\n<li>Originalherstellerprodukt<\/li>\n<\/ul>\n<p><iframe title=\"The MAGICAL DecarBox Thermometer Combo Pack\" width=\"500\" height=\"281\" src=\"https:\/\/www.youtube.com\/embed\/W__VF1coex4?feature=oembed\" frameborder=\"0\" allow=\"accelerometer; autoplay; clipboard-write; encrypted-media; gyroscope; picture-in-picture; web-share\" referrerpolicy=\"strict-origin-when-cross-origin\" allowfullscreen><\/iframe><\/p>\n<\/div>\n","protected":false},"excerpt":{"rendered":"<p>MagicalButter Decarboxylierungsbox &amp; Thermometer Combo Die MagicalButter DecarBox-Thermometer Combo erm\u00f6glicht eine einfache Decarboxylierung ihres trockenen Krauts vor dem Aufkochen. Eine<\/p>\n","protected":false},"featured_media":32817,"comment_status":"open","ping_status":"open","template":"","meta":{"_acf_changed":false},"product_cat":[2489,2451,3487,3488],"product_tag":[3489],"acf":[],"_links":{"self":[{"href":"https:\/\/donaulife-new.ogrisdigital.at\/da\/wp-json\/wp\/v2\/product\/53290"}],"collection":[{"href":"https:\/\/donaulife-new.ogrisdigital.at\/da\/wp-json\/wp\/v2\/product"}],"about":[{"href":"https:\/\/donaulife-new.ogrisdigital.at\/da\/wp-json\/wp\/v2\/types\/product"}],"replies":[{"embeddable":true,"href":"https:\/\/donaulife-new.ogrisdigital.at\/da\/wp-json\/wp\/v2\/comments?post=53290"}],"wp:featuredmedia":[{"embeddable":true,"href":"https:\/\/donaulife-new.ogrisdigital.at\/da\/wp-json\/wp\/v2\/media\/32817"}],"wp:attachment":[{"href":"https:\/\/donaulife-new.ogrisdigital.at\/da\/wp-json\/wp\/v2\/media?parent=53290"}],"wp:term":[{"taxonomy":"product_cat","embeddable":true,"href":"https:\/\/donaulife-new.ogrisdigital.at\/da\/wp-json\/wp\/v2\/product_cat?post=53290"},{"taxonomy":"product_tag","embeddable":true,"href":"https:\/\/donaulife-new.ogrisdigital.at\/da\/wp-json\/wp\/v2\/product_tag?post=53290"}],"curies":[{"name":"wp","href":"https:\/\/api.w.org\/{rel}","templated":true}]}}