{"id":53284,"date":"2021-08-04T14:07:44","date_gmt":"2021-08-04T14:07:44","guid":{"rendered":"https:\/\/donaulife-new.ogrisdigital.at\/produkt\/grannys-weed-kingsize-slim-papers-32-blatt\/"},"modified":"2024-07-01T00:53:49","modified_gmt":"2024-07-01T00:53:49","slug":"grannys-weed-kingsize-slim-papers-32-blatt","status":"publish","type":"product","link":"https:\/\/donaulife-new.ogrisdigital.at\/da\/grannys-weed-kingsize-slim-papers-32-blatt\/","title":{"rendered":"GRANNY\u00b4S WEED Kingsize Slim Papers  | 36 Blatt"},"content":{"rendered":"<h2>Granny\u00b4s Weed Kingsize slim Papers<\/h2>\n<p>Granny&#8217;s Long Papers Slim in optimierter Version aus Hanf mit 32 Bl\u00e4ttchen. Ungebleichtes braunes Hanf Papier, sowie Hanf Tips sorgen f\u00fcr die nat\u00fcrliche Braunf\u00e4rbung der GRANNY&#8217;S Long Papers. Die Long Papers liegen gut in der Hand und lassen sich einfach verarbeiten.<\/p>\n<p>Blattgr\u00f6\u00dfe: 110 mm x 45 mm (slim)<\/p>\n<h3>\u00dcber GRANNY\u00b4s WEED:<\/h3>\n<p>Moin, wir sind Constantin und Pablo von GRANNY\u2019S WEED! Wir haben dieses Start-Up gegr\u00fcndet, weil wir mit unserer Marke die Entkriminalisierung von Hanf in Deutschland f\u00f6rdern und auf den medizinischen Nutzen aufmerksam machen wollen.<\/p>\n<p>Auch wenn wir bisher nur ein Start-Up sind, m\u00f6chten wir etwas Gutes tun. Wir werden langfristig 5% unseres Gewinns an Organisationen, die sich f\u00fcr die Legalisierung von Hanf in Europa einsetzen, spenden. Auch Organisationen, welche dessen medizinischen Nutzen f\u00f6rdern und vorantreiben, gilt es zu unterst\u00fctzen.<\/p>\n<p>Unsere Produkte werden mit gro\u00dfm\u00fctterlicher F\u00fcrsorge hergestellt und verpackt. Wir arbeiten stets an neuen Produktideen, um euch den positiven Gebrauch und Nutzen von Hanf n\u00e4her zu bringen. Hanf geh\u00f6rt zu den nachhaltigsten Pflanzen, die unsere Erde zu bieten hat.<\/p>\n<p>Wir von GRANNY\u2019S WEED m\u00f6chten euch immer auf dem Laufenden halten. Schaut gerne \u00f6fters hier vorbei oder folgt uns auf Instagram um nichts zu verpassen! Bei Fragen und Anregungen kontaktiert uns gerne!<\/p>\n<p>Stay tuned and enjoy life! ???<\/p>\n<p>&nbsp;<\/p>\n","protected":false},"excerpt":{"rendered":"<p>Granny\u00b4s Weed Kingsize slim Papers Granny&#8217;s Long Papers Slim in optimierter Version aus Hanf mit 32 Bl\u00e4ttchen. Ungebleichtes braunes Hanf<\/p>\n","protected":false},"featured_media":32798,"comment_status":"open","ping_status":"open","template":"","meta":{"_acf_changed":false},"product_cat":[2489,3238,2451,2453,2452],"product_tag":[3239],"acf":[],"_links":{"self":[{"href":"https:\/\/donaulife-new.ogrisdigital.at\/da\/wp-json\/wp\/v2\/product\/53284"}],"collection":[{"href":"https:\/\/donaulife-new.ogrisdigital.at\/da\/wp-json\/wp\/v2\/product"}],"about":[{"href":"https:\/\/donaulife-new.ogrisdigital.at\/da\/wp-json\/wp\/v2\/types\/product"}],"replies":[{"embeddable":true,"href":"https:\/\/donaulife-new.ogrisdigital.at\/da\/wp-json\/wp\/v2\/comments?post=53284"}],"wp:featuredmedia":[{"embeddable":true,"href":"https:\/\/donaulife-new.ogrisdigital.at\/da\/wp-json\/wp\/v2\/media\/32798"}],"wp:attachment":[{"href":"https:\/\/donaulife-new.ogrisdigital.at\/da\/wp-json\/wp\/v2\/media?parent=53284"}],"wp:term":[{"taxonomy":"product_cat","embeddable":true,"href":"https:\/\/donaulife-new.ogrisdigital.at\/da\/wp-json\/wp\/v2\/product_cat?post=53284"},{"taxonomy":"product_tag","embeddable":true,"href":"https:\/\/donaulife-new.ogrisdigital.at\/da\/wp-json\/wp\/v2\/product_tag?post=53284"}],"curies":[{"name":"wp","href":"https:\/\/api.w.org\/{rel}","templated":true}]}}