{"id":53274,"date":"2021-07-13T13:21:13","date_gmt":"2021-07-13T13:21:13","guid":{"rendered":"https:\/\/donaulife-new.ogrisdigital.at\/produkt\/jcase-reverse-tweezers-edelstahl-15-cm\/"},"modified":"2025-01-15T07:10:30","modified_gmt":"2025-01-15T07:10:30","slug":"jcase-reverse-tweezers-edelstahl-15-cm","status":"publish","type":"product","link":"https:\/\/donaulife-new.ogrisdigital.at\/da\/jcase-reverse-tweezers-edelstahl-15-cm\/","title":{"rendered":"JCASE Reverse Tweezers Edelstahl | 15 cm"},"content":{"rendered":"<h2>Jcase Pinzette mit Silicon Spitzen<\/h2>\n<p><strong><span class=\"a-list-item\">REVERSE TWEEZERS<\/span><\/strong><\/p>\n<p><span class=\"a-list-item\">Die Dabbing Pinzette \u00f6ffnet sich auf Druck und ist somit perfekt geeignet hei\u00dfe Inserts einzulegen oder zu entfernen.<\/span><\/p>\n<p><strong><span class=\"a-list-item\">SILICONE TIPS<\/span><\/strong><\/p>\n<p><span class=\"a-list-item\">Beide Spitzen der Pinzette verf\u00fcgen \u00fcber abnehmbare Silikon Hauben die f\u00fcr perfekten halt sorgen und empfindliche Oberfl\u00e4chen schonen.<\/span><\/p>\n<p><strong><span class=\"a-list-item\">MATERIAL<\/span><\/strong><\/p>\n<p><span class=\"a-list-item\">Aufgrund der qualitativ hochwertigen Verarbeitung und des rostfreien Edelstahls ist die Pinzette pflegeleicht und sp\u00fclmaschinengeeignet.<\/span><\/p>\n<p><strong><span class=\"a-list-item\">HITZEBEST\u00c4NDIG<\/span><\/strong><\/p>\n<p><span class=\"a-list-item\">Die antihaft Silikonspitzen sind hitzebest\u00e4ndig bis 230\u00b0C.<\/span><\/p>\n<p><strong><span class=\"a-list-item\">ZUFRIEDENHEITSGARANTIE<\/span><\/strong><\/p>\n<p><span class=\"a-list-item\">Wir m\u00f6chten, dass unsere Kunden zu 100% zufrieden sind. Deshalb erstatten wir Ihnen bei Unzufriedenheit den vollen Kaufpreis.<\/span><\/p>\n","protected":false},"excerpt":{"rendered":"<p>Jcase Pinzette mit Silicon Spitzen REVERSE TWEEZERS Die Dabbing Pinzette \u00f6ffnet sich auf Druck und ist somit perfekt geeignet hei\u00dfe<\/p>\n","protected":false},"featured_media":32752,"comment_status":"open","ping_status":"closed","template":"","meta":{"_acf_changed":false},"product_cat":[2549],"product_tag":[3256],"acf":[],"_links":{"self":[{"href":"https:\/\/donaulife-new.ogrisdigital.at\/da\/wp-json\/wp\/v2\/product\/53274"}],"collection":[{"href":"https:\/\/donaulife-new.ogrisdigital.at\/da\/wp-json\/wp\/v2\/product"}],"about":[{"href":"https:\/\/donaulife-new.ogrisdigital.at\/da\/wp-json\/wp\/v2\/types\/product"}],"replies":[{"embeddable":true,"href":"https:\/\/donaulife-new.ogrisdigital.at\/da\/wp-json\/wp\/v2\/comments?post=53274"}],"wp:featuredmedia":[{"embeddable":true,"href":"https:\/\/donaulife-new.ogrisdigital.at\/da\/wp-json\/wp\/v2\/media\/32752"}],"wp:attachment":[{"href":"https:\/\/donaulife-new.ogrisdigital.at\/da\/wp-json\/wp\/v2\/media?parent=53274"}],"wp:term":[{"taxonomy":"product_cat","embeddable":true,"href":"https:\/\/donaulife-new.ogrisdigital.at\/da\/wp-json\/wp\/v2\/product_cat?post=53274"},{"taxonomy":"product_tag","embeddable":true,"href":"https:\/\/donaulife-new.ogrisdigital.at\/da\/wp-json\/wp\/v2\/product_tag?post=53274"}],"curies":[{"name":"wp","href":"https:\/\/api.w.org\/{rel}","templated":true}]}}