{"id":53254,"date":"2021-06-24T09:13:01","date_gmt":"2021-06-24T09:13:01","guid":{"rendered":"https:\/\/donaulife-new.ogrisdigital.at\/produkt\/d-lux-zylinderbong-blaumann-36cm\/"},"modified":"2025-01-15T07:10:37","modified_gmt":"2025-01-15T07:10:37","slug":"d-lux-zylinderbong-blaumann-36cm","status":"publish","type":"product","link":"https:\/\/donaulife-new.ogrisdigital.at\/da\/d-lux-zylinderbong-blaumann-36cm\/","title":{"rendered":"D-LUX Zylinderbong &#8216;Blaumann&#8217; | 36 cm"},"content":{"rendered":"<h2>D-Lux Zylinderbong mit Eiskerben<\/h2>\n<p>Mit dem &#8220;Blaumann&#8221; bist du bestens ausgestattet, um in der n\u00e4chsten Smokesession dicke Rauchschwaden zu erschaffen. Das sch\u00f6ne St\u00fcck Glaskunst ist ca. 36 cm hoch und hat einen Durchmesser von 10 cm am Rundfu\u00df. Dieser sorgt auserdem f\u00fcr die n\u00f6tige Stabilit\u00e4t und ist mit blauen Aktzenten versehen. Deine wertvollen Kr\u00e4uter werden in einem 14,5 mm Bongkopf platziert. Danach wird der Rauch durch den Schlitzdiffusor am Chillum (welches eine L\u00e4nge von 10 cm hat.) gezogen und dadurch ordentlich gefiltert,verwirbelt und abgek\u00fchlt. So kannst du ihn abschlie\u00dfend durch Mundst\u00fcck genie\u00dfen. Wenn du m\u00f6chtest kannst du auch einfach Eisw\u00fcrfel in die Bong einf\u00fcllen und somit die Hit&#8217;s nochmal ordentlich runterk\u00fchlen. Den Bonghals ziert das &#8216;D-Lux&#8217; Logo. Also worauf wartest du noch schnapp dir einen &#8220;Blauman&#8221; und let&#8217;s go!<\/p>\n<h2>\u00dcber D-LUX<\/h2>\n<p>Das &#8216;LUX&#8217; in &#8216;D-LUX&#8217; steht f\u00fcr den Luxus und Comfort der durch das smoken dieser sch\u00f6nen Glaswaren entsteht. Egal ob kleinen, feinen Bubbler oder eine monsterm\u00e4\u00dfiges Bong f\u00fcr Riesenhit&#8217;s mit &#8216;D-LUX&#8217; bist du f\u00fcr deine n\u00e4chste Smokesession bestens gewappnet.<\/p>\n","protected":false},"excerpt":{"rendered":"<p>D-Lux Zylinderbong mit Eiskerben Mit dem &#8220;Blaumann&#8221; bist du bestens ausgestattet, um in der n\u00e4chsten Smokesession dicke Rauchschwaden zu erschaffen.<\/p>\n","protected":false},"featured_media":32605,"comment_status":"open","ping_status":"open","template":"","meta":{"_acf_changed":false},"product_cat":[2514,2459,2980,2510,2507,2523,2506,2463,2520,2551],"product_tag":[],"acf":[],"_links":{"self":[{"href":"https:\/\/donaulife-new.ogrisdigital.at\/da\/wp-json\/wp\/v2\/product\/53254"}],"collection":[{"href":"https:\/\/donaulife-new.ogrisdigital.at\/da\/wp-json\/wp\/v2\/product"}],"about":[{"href":"https:\/\/donaulife-new.ogrisdigital.at\/da\/wp-json\/wp\/v2\/types\/product"}],"replies":[{"embeddable":true,"href":"https:\/\/donaulife-new.ogrisdigital.at\/da\/wp-json\/wp\/v2\/comments?post=53254"}],"wp:featuredmedia":[{"embeddable":true,"href":"https:\/\/donaulife-new.ogrisdigital.at\/da\/wp-json\/wp\/v2\/media\/32605"}],"wp:attachment":[{"href":"https:\/\/donaulife-new.ogrisdigital.at\/da\/wp-json\/wp\/v2\/media?parent=53254"}],"wp:term":[{"taxonomy":"product_cat","embeddable":true,"href":"https:\/\/donaulife-new.ogrisdigital.at\/da\/wp-json\/wp\/v2\/product_cat?post=53254"},{"taxonomy":"product_tag","embeddable":true,"href":"https:\/\/donaulife-new.ogrisdigital.at\/da\/wp-json\/wp\/v2\/product_tag?post=53254"}],"curies":[{"name":"wp","href":"https:\/\/api.w.org\/{rel}","templated":true}]}}