{"id":53230,"date":"2021-06-15T14:59:04","date_gmt":"2021-06-15T14:59:04","guid":{"rendered":"https:\/\/donaulife-new.ogrisdigital.at\/produkt\/best-buds-metall-grinder-pinapple-express-o-50-mm\/"},"modified":"2024-07-01T00:53:08","modified_gmt":"2024-07-01T00:53:08","slug":"best-buds-metall-grinder-pinapple-express-o-50-mm","status":"publish","type":"product","link":"https:\/\/donaulife-new.ogrisdigital.at\/da\/best-buds-metall-grinder-pinapple-express-o-50-mm\/","title":{"rendered":"BEST BUDS Metall Grinder &#8216;Pinapple Express&#8217; | \u00d8 50 mm"},"content":{"rendered":"<h2>Best Buds Metall Grinder im Pinapple Express Design<\/h2>\n<div>Unser eleganter, schwarzer Metallgrinder ist ein Must-Have f\u00fcr dein Equipment zu Hause.<\/div>\n<div><\/div>\n<div>Er besteht aus 4 Teilen, dem Deckel welcher mit einem Magnetverschluss mit den Z\u00e4hnen verbunden ist. Die messerscharfen Z\u00e4hne sind nicht geklebt, sondern sind aus gefr\u00e4stem Metall gefertigt und bieten daher optimale Zerkleinerung. Das gemahlene Produkt davon findest du im Siebfach. Zus\u00e4tzlich verf\u00fcgt der Grinder \u00fcber einen Pollinator, welcher die Pollen zuverl\u00e4ssig auff\u00e4ngt. Der Durchmesser betr\u00e4gt 5 cm.<\/div>\n<ul>\n<li>4- teiliger Grinder bestehend aus Deckel, Z\u00e4hne, Sieb &amp; Pollinator<\/li>\n<li>Magnetverschluss<\/li>\n<li>Geriffelter Rand f\u00fcr perfekten Grip<\/li>\n<li>Durchmesser: 5 mm<\/li>\n<\/ul>\n<h3>\u00dcber Best Buds:<\/h3>\n<p>Die Marke Best Buds kommt aus den Niederlanden und steht f\u00fcr ein junge und Hippe Zielgruppe. Die Marke hat es sich zur Aufgabe gemacht coole Designs zu einem erschwinglichen Preis anzubieten. Dabei reicht das Sortiment von Rolling Trays \u00fcber Grinder bis hin zu Aufbewahrungs- oder Vergr\u00f6\u00dferungsgl\u00e4sern.<\/p>\n","protected":false},"excerpt":{"rendered":"<p>Best Buds Metall Grinder im Pinapple Express Design Unser eleganter, schwarzer Metallgrinder ist ein Must-Have f\u00fcr dein Equipment zu Hause.<\/p>\n","protected":false},"featured_media":32453,"comment_status":"open","ping_status":"open","template":"","meta":{"_acf_changed":false},"product_cat":[2481,2480,2451,2483],"product_tag":[2964],"acf":[],"_links":{"self":[{"href":"https:\/\/donaulife-new.ogrisdigital.at\/da\/wp-json\/wp\/v2\/product\/53230"}],"collection":[{"href":"https:\/\/donaulife-new.ogrisdigital.at\/da\/wp-json\/wp\/v2\/product"}],"about":[{"href":"https:\/\/donaulife-new.ogrisdigital.at\/da\/wp-json\/wp\/v2\/types\/product"}],"replies":[{"embeddable":true,"href":"https:\/\/donaulife-new.ogrisdigital.at\/da\/wp-json\/wp\/v2\/comments?post=53230"}],"wp:featuredmedia":[{"embeddable":true,"href":"https:\/\/donaulife-new.ogrisdigital.at\/da\/wp-json\/wp\/v2\/media\/32453"}],"wp:attachment":[{"href":"https:\/\/donaulife-new.ogrisdigital.at\/da\/wp-json\/wp\/v2\/media?parent=53230"}],"wp:term":[{"taxonomy":"product_cat","embeddable":true,"href":"https:\/\/donaulife-new.ogrisdigital.at\/da\/wp-json\/wp\/v2\/product_cat?post=53230"},{"taxonomy":"product_tag","embeddable":true,"href":"https:\/\/donaulife-new.ogrisdigital.at\/da\/wp-json\/wp\/v2\/product_tag?post=53230"}],"curies":[{"name":"wp","href":"https:\/\/api.w.org\/{rel}","templated":true}]}}