{"id":53141,"date":"2021-05-06T07:24:07","date_gmt":"2021-05-06T07:24:07","guid":{"rendered":"https:\/\/donaulife-new.ogrisdigital.at\/produkt\/heisenberg-beakerbong-mighty-mug-45-cm\/"},"modified":"2025-01-15T07:10:51","modified_gmt":"2025-01-15T07:10:51","slug":"heisenberg-beakerbong-mighty-mug-45-cm","status":"publish","type":"product","link":"https:\/\/donaulife-new.ogrisdigital.at\/da\/heisenberg-beakerbong-mighty-mug-45-cm\/","title":{"rendered":"HEISENBERG Beakerbong &#8216;Mighty-Mug&#8217; | 45 cm"},"content":{"rendered":"<h2>Heisenberg Beakerbong mit 7 mm Wandst\u00e4rke<\/h2>\n<div id=\"description\" class=\"data item content\" role=\"tabpanel\" data-role=\"content\" aria-labelledby=\"tab-label-description\" aria-hidden=\"false\">\n<div class=\"product attribute description\">\n<div class=\"value\">\n<p>Eine Beakerbong in gewohnter Heisenberg Qualit\u00e4t! \ud83d\ude09\u00a0 Das gute St\u00fcck hat eine H\u00f6he 45 cm und ist mit einem 18er Kopf ausgestattet. Das Chillum ist ca 12,5 cm lang. Der Durchmesser betr\u00e4gt 50 mm am Kolben 120 mm am Mundst\u00fcck. Die Wandst\u00e4rke betr\u00e4gt 7 mm. Den Hals ziert der &#8216;HNBG&#8217; Schriftzug in gelb. Der Boden,die Eiskerben und das Mundst\u00fcck sind mit gr\u00fcnen Farbaktzenten versehen. Das gro\u00dfe Rauchvolumen schie\u00dft ohne Umwege nach oben und haut schnell unge\u00fcbte Raucher aus den Latschen. Du kannst Eisw\u00fcrfel auf die daf\u00fcr eingebauten Eiskerben geben um den Rauch zus\u00e4tzlich zu k\u00fchlen.<\/p>\n<\/div>\n<\/div>\n<\/div>\n<div>\n<h3>\u00dcber Heisenberg:<\/h3>\n<div>\n<p>Heisenberg \u2013 nicht nur durch Breaking Bad ein Ph\u00e4nomen. Die Marke Heisenberg ist unter anderem durch ihre Glasbongs bekannt geworden. Keine Bong der Heisenberg Serie ist wie die andere. Hier werden verschiedene Gestaltungselemente geboten, wie beispielsweise poppige Farben oder mit Glow in the dark Funktion, Pl\u00e4tzen zum Einsetzen von LED Beleuchtung und anderen Extras.<\/p>\n<p>Bei dem interessanten Sortiment an Glasbongs, ist mit Sicherheit auch was f\u00fcr dich dabei!<\/p>\n<\/div>\n<\/div>\n","protected":false},"excerpt":{"rendered":"<p>Heisenberg Beakerbong mit 7 mm Wandst\u00e4rke Eine Beakerbong in gewohnter Heisenberg Qualit\u00e4t! \ud83d\ude09\u00a0 Das gute St\u00fcck hat eine H\u00f6he 45<\/p>\n","protected":false},"featured_media":31986,"comment_status":"open","ping_status":"open","template":"","meta":{"_acf_changed":false},"product_cat":[2514,2459,3404,2523,2515,2635,2506,2463],"product_tag":[3405,2466],"acf":[],"_links":{"self":[{"href":"https:\/\/donaulife-new.ogrisdigital.at\/da\/wp-json\/wp\/v2\/product\/53141"}],"collection":[{"href":"https:\/\/donaulife-new.ogrisdigital.at\/da\/wp-json\/wp\/v2\/product"}],"about":[{"href":"https:\/\/donaulife-new.ogrisdigital.at\/da\/wp-json\/wp\/v2\/types\/product"}],"replies":[{"embeddable":true,"href":"https:\/\/donaulife-new.ogrisdigital.at\/da\/wp-json\/wp\/v2\/comments?post=53141"}],"wp:featuredmedia":[{"embeddable":true,"href":"https:\/\/donaulife-new.ogrisdigital.at\/da\/wp-json\/wp\/v2\/media\/31986"}],"wp:attachment":[{"href":"https:\/\/donaulife-new.ogrisdigital.at\/da\/wp-json\/wp\/v2\/media?parent=53141"}],"wp:term":[{"taxonomy":"product_cat","embeddable":true,"href":"https:\/\/donaulife-new.ogrisdigital.at\/da\/wp-json\/wp\/v2\/product_cat?post=53141"},{"taxonomy":"product_tag","embeddable":true,"href":"https:\/\/donaulife-new.ogrisdigital.at\/da\/wp-json\/wp\/v2\/product_tag?post=53141"}],"curies":[{"name":"wp","href":"https:\/\/api.w.org\/{rel}","templated":true}]}}