{"id":53118,"date":"2021-05-04T09:47:38","date_gmt":"2021-05-04T09:47:38","guid":{"rendered":"https:\/\/donaulife-new.ogrisdigital.at\/produkt\/insomnia-carball-aktivkohleadapter-145-188-mm\/"},"modified":"2024-07-01T00:52:06","modified_gmt":"2024-07-01T00:52:06","slug":"insomnia-carball-aktivkohleadapter-145-188-mm","status":"publish","type":"product","link":"https:\/\/donaulife-new.ogrisdigital.at\/da\/insomnia-carball-aktivkohleadapter-145-188-mm\/","title":{"rendered":"INSOMNIA Aktivkohleadapter | 14,5\/18,8 mm"},"content":{"rendered":"<h2>Insomnia Aktivkohleadapter zum Einf\u00fcllen<\/h2>\n<p>Jeder der gerne \u00f6fter mal Bong raucht, sollte ernsthaft in Erwegung ziehen dies mit Aktivkohle zu tun. Das macht die Hits nicht nur sanfter sondern schont auch deine Lunge. Zuerst mit Aktivkohle f\u00fcllen danach auf den Schliff der Bong stecken und schon kanns losgehen mit dem schadstoff\u00e4rmeren Bongrauchen. Speziell bei Tabak Mischern unerl\u00e4sslich!<\/p>\n<h3>\u00dcber Insomnia:<\/h3>\n<p>Schalflos? Bestimmt nicht mit den Modellen von Insomnia. Die Glaswaren des Herstellers kommen mit coolen Sandgestrahlten Designs daher, mit oder ohne Eisfach aber garantiert immer g\u00fcnstig und zuverl\u00e4ssig.<\/p>\n<p>&nbsp;<\/p>\n","protected":false},"excerpt":{"rendered":"<p>Insomnia Aktivkohleadapter zum Einf\u00fcllen Jeder der gerne \u00f6fter mal Bong raucht, sollte ernsthaft in Erwegung ziehen dies mit Aktivkohle zu<\/p>\n","protected":false},"featured_media":31876,"comment_status":"open","ping_status":"open","template":"","meta":{"_acf_changed":false},"product_cat":[2785,2459,2467,2463,2460],"product_tag":[2466],"acf":[],"_links":{"self":[{"href":"https:\/\/donaulife-new.ogrisdigital.at\/da\/wp-json\/wp\/v2\/product\/53118"}],"collection":[{"href":"https:\/\/donaulife-new.ogrisdigital.at\/da\/wp-json\/wp\/v2\/product"}],"about":[{"href":"https:\/\/donaulife-new.ogrisdigital.at\/da\/wp-json\/wp\/v2\/types\/product"}],"replies":[{"embeddable":true,"href":"https:\/\/donaulife-new.ogrisdigital.at\/da\/wp-json\/wp\/v2\/comments?post=53118"}],"wp:featuredmedia":[{"embeddable":true,"href":"https:\/\/donaulife-new.ogrisdigital.at\/da\/wp-json\/wp\/v2\/media\/31876"}],"wp:attachment":[{"href":"https:\/\/donaulife-new.ogrisdigital.at\/da\/wp-json\/wp\/v2\/media?parent=53118"}],"wp:term":[{"taxonomy":"product_cat","embeddable":true,"href":"https:\/\/donaulife-new.ogrisdigital.at\/da\/wp-json\/wp\/v2\/product_cat?post=53118"},{"taxonomy":"product_tag","embeddable":true,"href":"https:\/\/donaulife-new.ogrisdigital.at\/da\/wp-json\/wp\/v2\/product_tag?post=53118"}],"curies":[{"name":"wp","href":"https:\/\/api.w.org\/{rel}","templated":true}]}}