{"id":53074,"date":"2021-04-28T08:21:39","date_gmt":"2021-04-28T08:21:39","guid":{"rendered":"https:\/\/donaulife-new.ogrisdigital.at\/produkt\/black-leaf-flutschkopf-rasta-wirbel-188-mm\/"},"modified":"2024-04-30T13:17:17","modified_gmt":"2024-04-30T13:17:17","slug":"black-leaf-flutschkopf-rasta-wirbel-188-mm","status":"publish","type":"product","link":"https:\/\/donaulife-new.ogrisdigital.at\/da\/black-leaf-flutschkopf-rasta-wirbel-188-mm\/","title":{"rendered":"BLACK LEAF Flutschkopf &#8216;Rasta Wirbel&#8217; | 18,8 mm"},"content":{"rendered":"<h2>Black Leaf Flutschkopf mit eingebauten Glassieb<\/h2>\n<p>Auffallend sch\u00f6nes, kunstvoll handgefertigtes Kr\u00e4uterk\u00f6pfchen aus dem Hause Black Leaf gefertigt mit mehrfarbigem Borosilikatglas. Der Kopf hat einen 18,8 mm Schliff. Ein Siebchen ist bereits integriert. Au\u00dferdem hat der Glaskopf einen Griff sowie einen Rollstopper in Form einer Glaskugel, der einen niedlichen Pilz enth\u00e4lt. Das Black Leaf-Logo ist \u00fcbrigens ganz dezent auf dem Schliff graviert. Ein echter Hingucker finden wir \ud83d\ude09<\/p>\n<h3><span style=\"font-size: 20.16px;\">\u00dcber Black Leaf:<\/span><\/h3>\n<div>\n<p>In Weed We Trust ? Smoking\u00a0<em>Paraphernalia<\/em> seit 1988: Bongs, Pfeifen, Vaporizer, Grinder, Dabbing Zubeh\u00f6r, Paper &amp; Filter, Lifestyle Produkte. Es gibt viele Innovative Produkte der Marke die auch die ein oder andere Weltneuheit erschaffen haben. Im Shop bieten wir von allen Produkten die beste Auswahl.<\/p>\n<\/div>\n","protected":false},"excerpt":{"rendered":"<p>Black Leaf Flutschkopf mit eingebauten Glassieb Auffallend sch\u00f6nes, kunstvoll handgefertigtes Kr\u00e4uterk\u00f6pfchen aus dem Hause Black Leaf gefertigt mit mehrfarbigem Borosilikatglas.<\/p>\n","protected":false},"featured_media":31640,"comment_status":"open","ping_status":"open","template":"","meta":{"_acf_changed":false},"product_cat":[2462,2548,2459,2461,2463,2460],"product_tag":[2521],"acf":[],"_links":{"self":[{"href":"https:\/\/donaulife-new.ogrisdigital.at\/da\/wp-json\/wp\/v2\/product\/53074"}],"collection":[{"href":"https:\/\/donaulife-new.ogrisdigital.at\/da\/wp-json\/wp\/v2\/product"}],"about":[{"href":"https:\/\/donaulife-new.ogrisdigital.at\/da\/wp-json\/wp\/v2\/types\/product"}],"replies":[{"embeddable":true,"href":"https:\/\/donaulife-new.ogrisdigital.at\/da\/wp-json\/wp\/v2\/comments?post=53074"}],"wp:featuredmedia":[{"embeddable":true,"href":"https:\/\/donaulife-new.ogrisdigital.at\/da\/wp-json\/wp\/v2\/media\/31640"}],"wp:attachment":[{"href":"https:\/\/donaulife-new.ogrisdigital.at\/da\/wp-json\/wp\/v2\/media?parent=53074"}],"wp:term":[{"taxonomy":"product_cat","embeddable":true,"href":"https:\/\/donaulife-new.ogrisdigital.at\/da\/wp-json\/wp\/v2\/product_cat?post=53074"},{"taxonomy":"product_tag","embeddable":true,"href":"https:\/\/donaulife-new.ogrisdigital.at\/da\/wp-json\/wp\/v2\/product_tag?post=53074"}],"curies":[{"name":"wp","href":"https:\/\/api.w.org\/{rel}","templated":true}]}}