{"id":53057,"date":"2021-04-26T09:25:34","date_gmt":"2021-04-26T09:25:34","guid":{"rendered":"https:\/\/donaulife-new.ogrisdigital.at\/produkt\/boost-bongkopf-wirbel-188-mm\/"},"modified":"2024-07-01T00:51:28","modified_gmt":"2024-07-01T00:51:28","slug":"boost-bongkopf-wirbel-188-mm","status":"publish","type":"product","link":"https:\/\/donaulife-new.ogrisdigital.at\/da\/boost-bongkopf-wirbel-188-mm\/","title":{"rendered":"BOOST Bongkopf &#8216;Wirbel&#8217; | 18,8 mm"},"content":{"rendered":"<h2>Boost Siebkopf mit 18,8 mm Schliff in verschiedenen Farben<\/h2>\n<p>Dieser Bongkopf hergestellt von Boost besteht aus hochwertigem und hitzebest\u00e4ndigen Borosilikatglas und ist in verschiedenen Farben mit einem Schliff von 18,8 mm erh\u00e4ltlich. Das Highlight der Bowls sind auf jeden Fall die verwirbelten Farbakzente die es in verschieden Varianten gibt. Zwischen Schliff und Bowl befindest sich eingraviert das Boost Logo.<\/p>\n<h3>\u00dcber Boost:<\/h3>\n<p>Die Bongschmiede von Boost zeigt das gute Qualit\u00e4t nicht immer extrem teuer sein muss. Von einfachen geraden Bongs bis hin zu Percolator Bongs und au\u00dfergew\u00f6hlichen Formen bietet Boost f\u00fcr jeden Geschmack die richtige Glasvase. Auch beim Zubeh\u00f6r bietet der Hersteller hochwertige Bong K\u00f6pfe, Vork\u00fchler sowie Diffusor Chillums die mit vielen Modellen kompatibel sind. Wer noch stabilere Glaswaren sucht sollte auf den Zusatz Boost PRO achten. Diese sind dicker und meist mit weiteren Gimmicks wie zum Beispiel einem Eisfach ausgestattet.<\/p>\n","protected":false},"excerpt":{"rendered":"<p>Boost Siebkopf mit 18,8 mm Schliff in verschiedenen Farben Dieser Bongkopf hergestellt von Boost besteht aus hochwertigem und hitzebest\u00e4ndigen Borosilikatglas<\/p>\n","protected":false},"featured_media":31560,"comment_status":"open","ping_status":"open","template":"","meta":{"_acf_changed":false},"product_cat":[2462,2459,2461,2706,2463,2460],"product_tag":[2707],"acf":[],"_links":{"self":[{"href":"https:\/\/donaulife-new.ogrisdigital.at\/da\/wp-json\/wp\/v2\/product\/53057"}],"collection":[{"href":"https:\/\/donaulife-new.ogrisdigital.at\/da\/wp-json\/wp\/v2\/product"}],"about":[{"href":"https:\/\/donaulife-new.ogrisdigital.at\/da\/wp-json\/wp\/v2\/types\/product"}],"replies":[{"embeddable":true,"href":"https:\/\/donaulife-new.ogrisdigital.at\/da\/wp-json\/wp\/v2\/comments?post=53057"}],"wp:featuredmedia":[{"embeddable":true,"href":"https:\/\/donaulife-new.ogrisdigital.at\/da\/wp-json\/wp\/v2\/media\/31560"}],"wp:attachment":[{"href":"https:\/\/donaulife-new.ogrisdigital.at\/da\/wp-json\/wp\/v2\/media?parent=53057"}],"wp:term":[{"taxonomy":"product_cat","embeddable":true,"href":"https:\/\/donaulife-new.ogrisdigital.at\/da\/wp-json\/wp\/v2\/product_cat?post=53057"},{"taxonomy":"product_tag","embeddable":true,"href":"https:\/\/donaulife-new.ogrisdigital.at\/da\/wp-json\/wp\/v2\/product_tag?post=53057"}],"curies":[{"name":"wp","href":"https:\/\/api.w.org\/{rel}","templated":true}]}}