{"id":52978,"date":"2021-04-16T10:00:03","date_gmt":"2021-04-16T10:00:03","guid":{"rendered":"https:\/\/donaulife-new.ogrisdigital.at\/produkt\/heisenberg-vorkuehler-walter-jr-mit-schlitzdiffusor-18-8-mm\/"},"modified":"2024-07-01T00:50:48","modified_gmt":"2024-07-01T00:50:48","slug":"heisenberg-vorkuehler-walter-jr-mit-schlitzdiffusor-18-8-mm","status":"publish","type":"product","link":"https:\/\/donaulife-new.ogrisdigital.at\/da\/heisenberg-vorkuehler-walter-jr-mit-schlitzdiffusor-18-8-mm\/","title":{"rendered":"HEISENBERG Vork\u00fchler &#8216;Walter Jr.&#8217; mit Schlitzdiffusor | 18.8 mm"},"content":{"rendered":"<h2>Heisenberg Bongvork\u00fchler in verschiedenen Farben<\/h2>\n<p>Dieser Heisenberg Vork\u00fchler ist mit einem Schlitzdiffusor ausgestattet. Dadurch werden nicht nur im ersten Durchgang die Schadstoffe gut ausgewaschen, sondern auch der Rauch angenehm vorgek\u00fchlt. H\u00f6he und Durchmesser betragen 23 und 5 cm. Der Vork\u00fchler ist mit auf einen 18,8 mm Schliff gekuppelt, der Kopf ist ebenfalls ein 18,8 mm Schliff.<\/p>\n<p>&nbsp;<\/p>\n<div>\n<h3>\u00dcber Heisenberg:<\/h3>\n<div>\n<p>Heisenberg \u2013 nicht nur durch Breaking Bad ein Ph\u00e4nomen. Die Marke Heisenberg ist unter anderem durch ihre Glasbongs bekannt geworden. Keine Bong der Heisenberg Serie ist wie die andere. Hier werden verschiedene Gestaltungselemente geboten, wie beispielsweise poppige Farben oder mit Glow in the dark Funktion, Pl\u00e4tzen zum Einsetzen von LED Beleuchtung und anderen Extras.<\/p>\n<p>Bei dem interessanten Sortiment an Glasbongs, ist mit Sicherheit auch was f\u00fcr dich dabei!<\/p>\n<\/div>\n<\/div>\n","protected":false},"excerpt":{"rendered":"<p>Heisenberg Bongvork\u00fchler in verschiedenen Farben Dieser Heisenberg Vork\u00fchler ist mit einem Schlitzdiffusor ausgestattet. Dadurch werden nicht nur im ersten Durchgang<\/p>\n","protected":false},"featured_media":31174,"comment_status":"open","ping_status":"open","template":"","meta":{"_acf_changed":false},"product_cat":[2459,3404,2463,2582,2460],"product_tag":[3405,2466],"acf":[],"_links":{"self":[{"href":"https:\/\/donaulife-new.ogrisdigital.at\/da\/wp-json\/wp\/v2\/product\/52978"}],"collection":[{"href":"https:\/\/donaulife-new.ogrisdigital.at\/da\/wp-json\/wp\/v2\/product"}],"about":[{"href":"https:\/\/donaulife-new.ogrisdigital.at\/da\/wp-json\/wp\/v2\/types\/product"}],"replies":[{"embeddable":true,"href":"https:\/\/donaulife-new.ogrisdigital.at\/da\/wp-json\/wp\/v2\/comments?post=52978"}],"wp:featuredmedia":[{"embeddable":true,"href":"https:\/\/donaulife-new.ogrisdigital.at\/da\/wp-json\/wp\/v2\/media\/31174"}],"wp:attachment":[{"href":"https:\/\/donaulife-new.ogrisdigital.at\/da\/wp-json\/wp\/v2\/media?parent=52978"}],"wp:term":[{"taxonomy":"product_cat","embeddable":true,"href":"https:\/\/donaulife-new.ogrisdigital.at\/da\/wp-json\/wp\/v2\/product_cat?post=52978"},{"taxonomy":"product_tag","embeddable":true,"href":"https:\/\/donaulife-new.ogrisdigital.at\/da\/wp-json\/wp\/v2\/product_tag?post=52978"}],"curies":[{"name":"wp","href":"https:\/\/api.w.org\/{rel}","templated":true}]}}