{"id":52965,"date":"2021-04-16T08:04:23","date_gmt":"2021-04-16T08:04:23","guid":{"rendered":"https:\/\/donaulife-new.ogrisdigital.at\/produkt\/heisenberg-bubbler-triple-double-bubble-265-cm\/"},"modified":"2025-01-15T07:11:06","modified_gmt":"2025-01-15T07:11:06","slug":"heisenberg-bubbler-triple-double-bubble-265-cm","status":"publish","type":"product","link":"https:\/\/donaulife-new.ogrisdigital.at\/da\/heisenberg-bubbler-triple-double-bubble-265-cm\/","title":{"rendered":"HEISENBERG Bubbler &#8216;Triple Double Bubble&#8217; | 26,5 cm"},"content":{"rendered":"<h2>Heisenberg Glasbubbler mit 3 Percolatoren<\/h2>\n<div id=\"description\" class=\"data item content\" role=\"tabpanel\" data-role=\"content\" aria-labelledby=\"tab-label-description\" aria-hidden=\"false\">\n<div class=\"product attribute description\">\n<div class=\"value\">\n<p>Dieser sch\u00f6ner Bubbler bringt Qualit\u00e4t auf kleinen Raum. Das besondere? Zwei Perkolatoren in zwei K\u00fchlkammern+ Zirkulator Chillum mit einer L\u00e4nge von 18cm ! In der vorderen K\u00fchlkammer befindet sich ein 29.2mm Schliff mit einem Diffusor-Chillum, geschliffen von 29.2mm auf 18.8mm und einem mitgeliefertem 18.8mm Kopf. Um den Rauch noch angenehmer und milder zu verwirbeln, wurde in der zweiten Kammer ein weiterer Perkolator installiert. Dieser sorgt daf\u00fcr, dass der Rauch in Perfektion komprimiert und genossen werden kann. Durch die ergonomische Form liegt die Double Bubble von Heisenberg sehr gut in der Hand und ist durch ihre relativ dicke Wandung extrem stabil!<\/p>\n<p>Ein goldenes &#8216;HNBG&#8217; ziert die erste K\u00fchlkammer.<\/p>\n<\/div>\n<\/div>\n<\/div>\n<div>\n<h3>\u00dcber Heisenberg:<\/h3>\n<div>\n<p>Heisenberg \u2013 nicht nur durch Breaking Bad ein Ph\u00e4nomen. Die Marke Heisenberg ist unter anderem durch ihre Glasbongs bekannt geworden. Keine Bong der Heisenberg Serie ist wie die andere. Hier werden verschiedene Gestaltungselemente geboten, wie beispielsweise poppige Farben oder mit Glow in the dark Funktion, Pl\u00e4tzen zum Einsetzen von LED Beleuchtung und anderen Extras.<\/p>\n<p>Bei dem interessanten Sortiment an Glasbongs, ist mit Sicherheit auch was f\u00fcr dich dabei!<\/p>\n<\/div>\n<\/div>\n","protected":false},"excerpt":{"rendered":"<p>Heisenberg Glasbubbler mit 3 Percolatoren Dieser sch\u00f6ner Bubbler bringt Qualit\u00e4t auf kleinen Raum. Das besondere? Zwei Perkolatoren in zwei K\u00fchlkammern+<\/p>\n","protected":false},"featured_media":31093,"comment_status":"open","ping_status":"open","template":"","meta":{"_acf_changed":false},"product_cat":[2514,2459,2513,3404,2577,2506,2463,2520],"product_tag":[3405,2466],"acf":[],"_links":{"self":[{"href":"https:\/\/donaulife-new.ogrisdigital.at\/da\/wp-json\/wp\/v2\/product\/52965"}],"collection":[{"href":"https:\/\/donaulife-new.ogrisdigital.at\/da\/wp-json\/wp\/v2\/product"}],"about":[{"href":"https:\/\/donaulife-new.ogrisdigital.at\/da\/wp-json\/wp\/v2\/types\/product"}],"replies":[{"embeddable":true,"href":"https:\/\/donaulife-new.ogrisdigital.at\/da\/wp-json\/wp\/v2\/comments?post=52965"}],"wp:featuredmedia":[{"embeddable":true,"href":"https:\/\/donaulife-new.ogrisdigital.at\/da\/wp-json\/wp\/v2\/media\/31093"}],"wp:attachment":[{"href":"https:\/\/donaulife-new.ogrisdigital.at\/da\/wp-json\/wp\/v2\/media?parent=52965"}],"wp:term":[{"taxonomy":"product_cat","embeddable":true,"href":"https:\/\/donaulife-new.ogrisdigital.at\/da\/wp-json\/wp\/v2\/product_cat?post=52965"},{"taxonomy":"product_tag","embeddable":true,"href":"https:\/\/donaulife-new.ogrisdigital.at\/da\/wp-json\/wp\/v2\/product_tag?post=52965"}],"curies":[{"name":"wp","href":"https:\/\/api.w.org\/{rel}","templated":true}]}}