{"id":52936,"date":"2021-04-13T09:16:47","date_gmt":"2021-04-13T09:16:47","guid":{"rendered":"https:\/\/donaulife-new.ogrisdigital.at\/produkt\/k-haring-bubbler-people-165-cm\/"},"modified":"2024-07-01T00:50:18","modified_gmt":"2024-07-01T00:50:18","slug":"k-haring-bubbler-people-165-cm","status":"publish","type":"product","link":"https:\/\/donaulife-new.ogrisdigital.at\/da\/k-haring-bubbler-people-165-cm\/","title":{"rendered":"K. HARING Bubbler &#8216;people&#8217; | 16,5 cm"},"content":{"rendered":"<h2>Keith Haring Bubbler in schwarz-wei\u00df<\/h2>\n<div>\n<p>Inspiriert durch die grenzenlose Kreativit\u00e4t des ber\u00fchmten K\u00fcnstlers Keith Haring, verbindet der K.Haring Bubbler Stra\u00dfenkunst und Raucherkultur. Der Bubbler ist aus dickem Borosilikatglas geblasen und verf\u00fcgt \u00fcber einen Duschkopf-Perkolator mit acht Schlitzen welcher eine fortschrittliche Wasserfiltration f\u00fcr k\u00fchlen, gereinigten Rauch bietet. Dieser glockenf\u00f6rmige Bubbler liegt angenehm in der Hand und ist durch seine Form \u00e4u\u00dferst stabil.<\/p>\n<p>Handapplizierte Designs an Hals und Basis bilden die Grundlage f\u00fcr Harings starke, fl\u00fcssige Linien und emotionale Kraft. Dieses zeitlose Meisterwerk wird mit der Unterschrift des K\u00fcnstlers abgeschlossen.<\/p>\n<p>Der Bubbler ist in einer haltbaren Box verpackt, die mit Harings Signatur und dynamischen Bildern angereichert ist. Druckschaumeins\u00e4tze und dicke Au\u00dfenw\u00e4nde sorgen f\u00fcr eine sichere Aufbewahrung.<\/p>\n<\/div>\n<div><strong>Abmessungen:<\/strong><\/div>\n<div><\/div>\n<div><span style=\"color: #555555; font-size: 14.4px;\">14.7 x 14.7 x 16.5 cm<\/span><\/div>\n<p><strong>Eigenschaften:<\/strong><\/p>\n<div>\n<ul>\n<li>Borosilikatglas<\/li>\n<li>8-schlitziger Duschkopf-Perkolator<\/li>\n<li>Ikonische Keith Haring Kunst<\/li>\n<li>Handapplizierte, hitzebest\u00e4ndige Designs<\/li>\n<li>Glockenf\u00f6rmige Konstruktion<\/li>\n<li>hohe F\u00fcllkapazit\u00e4t<\/li>\n<li>Ergonomische Form<\/li>\n<li>Breite &amp; stabile Basis<\/li>\n<\/ul>\n<\/div>\n<h3>\u00dcber Keith Haring:<\/h3>\n<div>Keith Allen Haring war ein US-amerikanischer K\u00fcnstler, dessen Malstil anhand klarer Linien und Fl\u00e4chigkeit erkennbar ist. Einige Methoden seiner Malerei entnahm er der Graffiti-Szene. Haring gilt als Vertreter der Pop Art der 1980er Jahre. Jetzt lebt die Kunst auch in den Wohnzimmern weiter als Bubbler oder high class Pipes.<\/div>\n","protected":false},"excerpt":{"rendered":"<p>Keith Haring Bubbler in schwarz-wei\u00df Inspiriert durch die grenzenlose Kreativit\u00e4t des ber\u00fchmten K\u00fcnstlers Keith Haring, verbindet der K.Haring Bubbler Stra\u00dfenkunst<\/p>\n","protected":false},"featured_media":30842,"comment_status":"open","ping_status":"open","template":"","meta":{"_acf_changed":false},"product_cat":[2514,2489,2459,2513,3402,2506,2463,2520],"product_tag":[],"acf":[],"_links":{"self":[{"href":"https:\/\/donaulife-new.ogrisdigital.at\/da\/wp-json\/wp\/v2\/product\/52936"}],"collection":[{"href":"https:\/\/donaulife-new.ogrisdigital.at\/da\/wp-json\/wp\/v2\/product"}],"about":[{"href":"https:\/\/donaulife-new.ogrisdigital.at\/da\/wp-json\/wp\/v2\/types\/product"}],"replies":[{"embeddable":true,"href":"https:\/\/donaulife-new.ogrisdigital.at\/da\/wp-json\/wp\/v2\/comments?post=52936"}],"wp:featuredmedia":[{"embeddable":true,"href":"https:\/\/donaulife-new.ogrisdigital.at\/da\/wp-json\/wp\/v2\/media\/30842"}],"wp:attachment":[{"href":"https:\/\/donaulife-new.ogrisdigital.at\/da\/wp-json\/wp\/v2\/media?parent=52936"}],"wp:term":[{"taxonomy":"product_cat","embeddable":true,"href":"https:\/\/donaulife-new.ogrisdigital.at\/da\/wp-json\/wp\/v2\/product_cat?post=52936"},{"taxonomy":"product_tag","embeddable":true,"href":"https:\/\/donaulife-new.ogrisdigital.at\/da\/wp-json\/wp\/v2\/product_tag?post=52936"}],"curies":[{"name":"wp","href":"https:\/\/api.w.org\/{rel}","templated":true}]}}