{"id":52934,"date":"2021-04-12T14:25:28","date_gmt":"2021-04-12T14:25:28","guid":{"rendered":"https:\/\/donaulife-new.ogrisdigital.at\/produkt\/marley-natural-premium-grinder-wallnuss\/"},"modified":"2024-02-08T12:22:17","modified_gmt":"2024-02-08T12:22:17","slug":"marley-natural-premium-grinder-wallnuss","status":"publish","type":"product","link":"https:\/\/donaulife-new.ogrisdigital.at\/da\/marley-natural-premium-grinder-wallnuss\/","title":{"rendered":"MARLEY NATURAL Premium Grinder Wallnuss"},"content":{"rendered":"<h1 class=\"title\">Marley Natural Holz Grinder mit Sichtfenster<\/h1>\n<div>\n<p>Dieser 4-teilige Grinder von Marley Natural verbindet Sch\u00f6nheit und N\u00fctzlichkeit durch die Verwendung von nachhaltigem schwarzen Walnussholz und hochwertigen eloxierten Aluminiumkomponenten. Das magnetische Oberteil und seine 27 speziell angefertigten Z\u00e4hne k\u00f6nnen kontinuierlich gedreht werden, um Volumen und Textur zu erzeugen, oder hin und her gedreht werden, um einen feineren Schliff zu erzielen. Durch ein klares, bruchsicheres Polycarbonat-Fenster sieht man den Fortschritt und der Pollen sammelt sich unten in einem abnehmbaren magnetischen Beh\u00e4lter mit einem Edelstahlschaber. Und er ist gro\u00df genug, um eine THC-ausgehungerte Party zu ern\u00e4hren.<\/p>\n<\/div>\n<div><strong>Abmessungen<\/strong><\/div>\n<div><\/div>\n<div>Durchmesser: 8 cm<br \/>\nH\u00f6he: 7 cm<\/div>\n<h3>\u00dcber Marley Natural:<\/h3>\n<div>Marley Natural\u2122 ist eine Premium-Produktlinie, die mit Bewusstsein, Authentizit\u00e4t und echtem Respekt f\u00fcr die Vorteile der Natur hergestellt wird. Unsere Accessoires stammen alle aus verantwortungsvollen Quellen und sind von Integrit\u00e4t gepr\u00e4gt.<\/div>\n<div>Jedes unserer Angebote ist ein direktes Spiegelbild des Marley-Ethos, das die G\u00fcte der Natur mit dem Glauben an das positive Potenzial der Kr\u00e4uter verbindet. Als Agenten des Wandels f\u00f6rdern wir Positivit\u00e4t, Verbundenheit und pers\u00f6nliche Transformation. Und als Bef\u00fcrworter des Fortschritts bieten wir eine au\u00dfergew\u00f6hnliche Lifestyle-Linie, die von Jamaikas pulsierender Energie inspiriert ist. Wir sind stolz darauf, die offizielle Cannabis-Marke von Bob Marley zu sein.<\/div>\n","protected":false},"excerpt":{"rendered":"<p>Marley Natural Holz Grinder mit Sichtfenster Dieser 4-teilige Grinder von Marley Natural verbindet Sch\u00f6nheit und N\u00fctzlichkeit durch die Verwendung von<\/p>\n","protected":false},"featured_media":30820,"comment_status":"open","ping_status":"open","template":"","meta":{"_acf_changed":false},"product_cat":[2481,2480,2451,2704],"product_tag":[3343],"acf":[],"_links":{"self":[{"href":"https:\/\/donaulife-new.ogrisdigital.at\/da\/wp-json\/wp\/v2\/product\/52934"}],"collection":[{"href":"https:\/\/donaulife-new.ogrisdigital.at\/da\/wp-json\/wp\/v2\/product"}],"about":[{"href":"https:\/\/donaulife-new.ogrisdigital.at\/da\/wp-json\/wp\/v2\/types\/product"}],"replies":[{"embeddable":true,"href":"https:\/\/donaulife-new.ogrisdigital.at\/da\/wp-json\/wp\/v2\/comments?post=52934"}],"wp:featuredmedia":[{"embeddable":true,"href":"https:\/\/donaulife-new.ogrisdigital.at\/da\/wp-json\/wp\/v2\/media\/30820"}],"wp:attachment":[{"href":"https:\/\/donaulife-new.ogrisdigital.at\/da\/wp-json\/wp\/v2\/media?parent=52934"}],"wp:term":[{"taxonomy":"product_cat","embeddable":true,"href":"https:\/\/donaulife-new.ogrisdigital.at\/da\/wp-json\/wp\/v2\/product_cat?post=52934"},{"taxonomy":"product_tag","embeddable":true,"href":"https:\/\/donaulife-new.ogrisdigital.at\/da\/wp-json\/wp\/v2\/product_tag?post=52934"}],"curies":[{"name":"wp","href":"https:\/\/api.w.org\/{rel}","templated":true}]}}