{"id":52917,"date":"2021-04-07T11:00:51","date_gmt":"2021-04-07T11:00:51","guid":{"rendered":"https:\/\/donaulife-new.ogrisdigital.at\/produkt\/weedjar-glasdose-mit-korkverschluss-135-ml\/"},"modified":"2024-07-01T00:50:09","modified_gmt":"2024-07-01T00:50:09","slug":"weedjar-glasdose-mit-korkverschluss-135-ml","status":"publish","type":"product","link":"https:\/\/donaulife-new.ogrisdigital.at\/da\/weedjar-glasdose-mit-korkverschluss-135-ml\/","title":{"rendered":"WEEDJAR Glasdose mit Korkverschluss | 135 ml"},"content":{"rendered":"<h2>Weed Jar Glasdose mit Korkverschlu\u00df<\/h2>\n<p><strong>SANDGESTRAHLTES MOTIV<\/strong>\u00a0&#8211; Das sandgestrahlte Motiv auf dem Glas l\u00e4sst diesen Beh\u00e4lter zu etwas ganz besonderen werden!<\/p>\n<p><strong>MIT VERSCHLUSSKORKEN &#8211;\u00a0<\/strong>Der Inhalt l\u00e4sst sich mithilfe eines gut sitzenden Korkens verschlie\u00dfen. So k\u00f6nnen in den Beh\u00e4lter weder fremde Aromen eintreten, noch k\u00f6nnen die Aromen deiner Gew\u00fcrze und Kr\u00e4uter austreten.<\/p>\n<p><strong>PERFEKT F\u00dcR K\u00c4UTER UND GEW\u00dcRZE\u00a0<\/strong>&#8211; Das Glas l\u00e4sst sich luftdicht verschlie\u00dfen und ist somit perfekt f\u00fcr das Lagern von Kr\u00e4utern, Gew\u00fcrzen oder anderen Lebensmitteln geeignet.<\/p>\n<p><strong>SOLIDES &amp; MODERNES DESIGN\u00a0<\/strong>&#8211; Das Glas dieses Beh\u00e4lters ist aufgrund der Wanddicke besonders solide in Kombination mit dem glatten und runden Design, schmeichelt dieser Beh\u00e4lter jeder Hand.<\/p>\n<h3>\u00dcber Weed Jar:<\/h3>\n<div class=\"elementor-element elementor-element-96e4633 elementor-widget elementor-widget-text-editor\" data-id=\"96e4633\" data-element_type=\"widget\" data-widget_type=\"text-editor.default\">\n<div class=\"elementor-widget-container\">\n<div class=\"elementor-text-editor elementor-clearfix\">\n<p>Perfekte Aufbewahrung in kleinen Glasbeh\u00e4ltern und mit Kork verschlossen. Nat\u00fcrlicher kann man seine hochwertigen Kr\u00e4uter wohl nicht aufbewahren. Geniale Motive gibts noch dazu.<\/p>\n<p>&nbsp;<\/p>\n<\/div>\n<\/div>\n<\/div>\n","protected":false},"excerpt":{"rendered":"<p>Weed Jar Glasdose mit Korkverschlu\u00df SANDGESTRAHLTES MOTIV\u00a0&#8211; Das sandgestrahlte Motiv auf dem Glas l\u00e4sst diesen Beh\u00e4lter zu etwas ganz besonderen<\/p>\n","protected":false},"featured_media":30752,"comment_status":"open","ping_status":"closed","template":"","meta":{"_acf_changed":false},"product_cat":[2607,2566,3142,2451],"product_tag":[],"acf":[],"_links":{"self":[{"href":"https:\/\/donaulife-new.ogrisdigital.at\/da\/wp-json\/wp\/v2\/product\/52917"}],"collection":[{"href":"https:\/\/donaulife-new.ogrisdigital.at\/da\/wp-json\/wp\/v2\/product"}],"about":[{"href":"https:\/\/donaulife-new.ogrisdigital.at\/da\/wp-json\/wp\/v2\/types\/product"}],"replies":[{"embeddable":true,"href":"https:\/\/donaulife-new.ogrisdigital.at\/da\/wp-json\/wp\/v2\/comments?post=52917"}],"wp:featuredmedia":[{"embeddable":true,"href":"https:\/\/donaulife-new.ogrisdigital.at\/da\/wp-json\/wp\/v2\/media\/30752"}],"wp:attachment":[{"href":"https:\/\/donaulife-new.ogrisdigital.at\/da\/wp-json\/wp\/v2\/media?parent=52917"}],"wp:term":[{"taxonomy":"product_cat","embeddable":true,"href":"https:\/\/donaulife-new.ogrisdigital.at\/da\/wp-json\/wp\/v2\/product_cat?post=52917"},{"taxonomy":"product_tag","embeddable":true,"href":"https:\/\/donaulife-new.ogrisdigital.at\/da\/wp-json\/wp\/v2\/product_tag?post=52917"}],"curies":[{"name":"wp","href":"https:\/\/api.w.org\/{rel}","templated":true}]}}