{"id":52903,"date":"2021-04-07T09:12:14","date_gmt":"2021-04-07T09:12:14","guid":{"rendered":"https:\/\/donaulife-new.ogrisdigital.at\/produkt\/plastic-fantastic-versteckdose-ballistol\/"},"modified":"2024-07-01T00:50:02","modified_gmt":"2024-07-01T00:50:02","slug":"plastic-fantastic-versteckdose-ballistol","status":"publish","type":"product","link":"https:\/\/donaulife-new.ogrisdigital.at\/da\/plastic-fantastic-versteckdose-ballistol\/","title":{"rendered":"PLASTIC FANTASTIC Versteckdose Ballistol"},"content":{"rendered":"<h2>Plastic Fantastic Versteckdose im Spraydosen Design<\/h2>\n<p>Auf den ersten Blick erwartet man eine normale Spraydose, doch nach n\u00e4herer Inspektion wirst du entdecken, dass es sich hierbei um ein Geheimversteck handelt. Die Dose ist eine superdiskrete L\u00f6sung um Geld, Schmuck, USB-Sticks, Schl\u00fcssel und andere Dinge nicht gefunden werden sollen zu verstecken. Eine Dose kann in etwa mit 400ml Inhalt gef\u00fcllt werden. Die Dosen sind tats\u00e4chlich recycelte Spray Dosen die nun einem neuen Zweck zugef\u00fchrt werden \ud83d\ude09<\/p>\n<h3>\u00dcber Plastic Fantastic:<\/h3>\n<p>Plastic Fantastic macht die besten Dosensafes der Welt und bietet eine Variation an verschiedenen Dosen sodass f\u00fcr jeden was dabei ist. Egal ob Getr\u00e4nkedose, Universal\u00f6l oder Dosenravioli. Die Konservenverstecke bieten immer einen sicheren Space f\u00fcr deine wertvollen Gegenst\u00e4nde.<\/p>\n<p>&nbsp;<\/p>\n","protected":false},"excerpt":{"rendered":"<p>Plastic Fantastic Versteckdose im Spraydosen Design Auf den ersten Blick erwartet man eine normale Spraydose, doch nach n\u00e4herer Inspektion wirst<\/p>\n","protected":false},"featured_media":30688,"comment_status":"open","ping_status":"closed","template":"","meta":{"_acf_changed":false},"product_cat":[2607,2451,2768],"product_tag":[2792],"acf":[],"_links":{"self":[{"href":"https:\/\/donaulife-new.ogrisdigital.at\/da\/wp-json\/wp\/v2\/product\/52903"}],"collection":[{"href":"https:\/\/donaulife-new.ogrisdigital.at\/da\/wp-json\/wp\/v2\/product"}],"about":[{"href":"https:\/\/donaulife-new.ogrisdigital.at\/da\/wp-json\/wp\/v2\/types\/product"}],"replies":[{"embeddable":true,"href":"https:\/\/donaulife-new.ogrisdigital.at\/da\/wp-json\/wp\/v2\/comments?post=52903"}],"wp:featuredmedia":[{"embeddable":true,"href":"https:\/\/donaulife-new.ogrisdigital.at\/da\/wp-json\/wp\/v2\/media\/30688"}],"wp:attachment":[{"href":"https:\/\/donaulife-new.ogrisdigital.at\/da\/wp-json\/wp\/v2\/media?parent=52903"}],"wp:term":[{"taxonomy":"product_cat","embeddable":true,"href":"https:\/\/donaulife-new.ogrisdigital.at\/da\/wp-json\/wp\/v2\/product_cat?post=52903"},{"taxonomy":"product_tag","embeddable":true,"href":"https:\/\/donaulife-new.ogrisdigital.at\/da\/wp-json\/wp\/v2\/product_tag?post=52903"}],"curies":[{"name":"wp","href":"https:\/\/api.w.org\/{rel}","templated":true}]}}