{"id":52896,"date":"2021-04-06T15:00:03","date_gmt":"2021-04-06T15:00:03","guid":{"rendered":"https:\/\/donaulife-new.ogrisdigital.at\/produkt\/dank420-focus-jar-mit-led-und-lupe-10-g\/"},"modified":"2024-07-01T00:49:56","modified_gmt":"2024-07-01T00:49:56","slug":"dank420-focus-jar-mit-led-und-lupe-10-g","status":"publish","type":"product","link":"https:\/\/donaulife-new.ogrisdigital.at\/da\/dank420-focus-jar-mit-led-und-lupe-10-g\/","title":{"rendered":"DANK420 Focus Jar mit LED und Lupe | 10 g"},"content":{"rendered":"<h2>Dank420 Focus Dose mit LED Beleuchtung<\/h2>\n<p>Dank, die Marke f\u00fcr Cannabis-Konservierungsprodukte, eine der meistgesch\u00e4tzten Marken in Kanada und den USA, pr\u00e4sentiert das Dank Magnifying LED Glass Jar. Ein Glasbeh\u00e4lter zur optimalen Aufbewahrung und Pr\u00e4sentation Ihrer besten Sorten und zu einem tollen Preis.<\/p>\n<p>Sammle und lager deine Bl\u00fcten, pr\u00e4sentiere Sie so dass jeder sie sehen kann, in einem luftdichten Beh\u00e4lter und beleuchtet von seinen drei leistungsstarken LED\u00b4s. Bewundere deine Knospen, wie du sie noch nie gesehen hast in 5-fach Vergr\u00f6\u00dferung. Ein Langlebiger Akku sowie ein micro USB Ladekabel ist enthalten.<\/p>\n<h3>\u00dcber Dank420:<\/h3>\n<div class=\"elementor-element elementor-element-96e4633 elementor-widget elementor-widget-text-editor\" data-id=\"96e4633\" data-element_type=\"widget\" data-widget_type=\"text-editor.default\">\n<div class=\"elementor-widget-container\">\n<div class=\"elementor-text-editor elementor-clearfix\">Dank, die Marke f\u00fcr Cannabis-Konservierungsprodukte, eine der meistgesch\u00e4tzten Marken in Kanada und den USA, pr\u00e4sentiert das Dank Magnifying LED Glass Jar. Ein Glasbeh\u00e4lter zur optimalen Aufbewahrung und Pr\u00e4sentation Ihrer besten Sorten und zu einem tollen Preis.<\/div>\n<\/div>\n<\/div>\n","protected":false},"excerpt":{"rendered":"<p>Dank420 Focus Dose mit LED Beleuchtung Dank, die Marke f\u00fcr Cannabis-Konservierungsprodukte, eine der meistgesch\u00e4tzten Marken in Kanada und den USA,<\/p>\n","protected":false},"featured_media":30643,"comment_status":"open","ping_status":"closed","template":"","meta":{"_acf_changed":false},"product_cat":[2607,2566,3142,2451,3337],"product_tag":[3387],"acf":[],"_links":{"self":[{"href":"https:\/\/donaulife-new.ogrisdigital.at\/da\/wp-json\/wp\/v2\/product\/52896"}],"collection":[{"href":"https:\/\/donaulife-new.ogrisdigital.at\/da\/wp-json\/wp\/v2\/product"}],"about":[{"href":"https:\/\/donaulife-new.ogrisdigital.at\/da\/wp-json\/wp\/v2\/types\/product"}],"replies":[{"embeddable":true,"href":"https:\/\/donaulife-new.ogrisdigital.at\/da\/wp-json\/wp\/v2\/comments?post=52896"}],"wp:featuredmedia":[{"embeddable":true,"href":"https:\/\/donaulife-new.ogrisdigital.at\/da\/wp-json\/wp\/v2\/media\/30643"}],"wp:attachment":[{"href":"https:\/\/donaulife-new.ogrisdigital.at\/da\/wp-json\/wp\/v2\/media?parent=52896"}],"wp:term":[{"taxonomy":"product_cat","embeddable":true,"href":"https:\/\/donaulife-new.ogrisdigital.at\/da\/wp-json\/wp\/v2\/product_cat?post=52896"},{"taxonomy":"product_tag","embeddable":true,"href":"https:\/\/donaulife-new.ogrisdigital.at\/da\/wp-json\/wp\/v2\/product_tag?post=52896"}],"curies":[{"name":"wp","href":"https:\/\/api.w.org\/{rel}","templated":true}]}}