{"id":52637,"date":"2021-03-17T11:48:00","date_gmt":"2021-03-17T11:48:00","guid":{"rendered":"https:\/\/donaulife-new.ogrisdigital.at\/produkt\/keramik-aschenbecher-schosshuendchen-o-14-cm\/"},"modified":"2024-07-01T00:48:08","modified_gmt":"2024-07-01T00:48:08","slug":"keramik-aschenbecher-schosshuendchen-o-14-cm","status":"publish","type":"product","link":"https:\/\/donaulife-new.ogrisdigital.at\/da\/keramik-aschenbecher-schosshuendchen-o-14-cm\/","title":{"rendered":"Keramik Aschenbecher &#8216;Scho\u00dfh\u00fcndchen&#8217; | \u00d8 14 cm"},"content":{"rendered":"<h2>Keramik Aschenbecher Scho\u00dfh\u00fcndchen mit Durchmesser \u00d8 14 cm<\/h2>\n<p>Stylischer und funktioneller Aschenbecher in Form eines Hundes. Der coole Dogo sitzt gem\u00fctlich mit seiner Brille da und wartet bis du ihm in den Mund \u00e4scherst. Sehr Elegant auch als Deko zu verwenden.<\/p>\n<p>Gibts in den Fabren rot, weiss und blau.<\/p>\n","protected":false},"excerpt":{"rendered":"<p>Keramik Aschenbecher Scho\u00dfh\u00fcndchen mit Durchmesser \u00d8 14 cm Stylischer und funktioneller Aschenbecher in Form eines Hundes. Der coole Dogo sitzt<\/p>\n","protected":false},"featured_media":29856,"comment_status":"open","ping_status":"open","template":"","meta":{"_acf_changed":false},"product_cat":[2744,2451],"product_tag":[],"acf":[],"_links":{"self":[{"href":"https:\/\/donaulife-new.ogrisdigital.at\/da\/wp-json\/wp\/v2\/product\/52637"}],"collection":[{"href":"https:\/\/donaulife-new.ogrisdigital.at\/da\/wp-json\/wp\/v2\/product"}],"about":[{"href":"https:\/\/donaulife-new.ogrisdigital.at\/da\/wp-json\/wp\/v2\/types\/product"}],"replies":[{"embeddable":true,"href":"https:\/\/donaulife-new.ogrisdigital.at\/da\/wp-json\/wp\/v2\/comments?post=52637"}],"wp:featuredmedia":[{"embeddable":true,"href":"https:\/\/donaulife-new.ogrisdigital.at\/da\/wp-json\/wp\/v2\/media\/29856"}],"wp:attachment":[{"href":"https:\/\/donaulife-new.ogrisdigital.at\/da\/wp-json\/wp\/v2\/media?parent=52637"}],"wp:term":[{"taxonomy":"product_cat","embeddable":true,"href":"https:\/\/donaulife-new.ogrisdigital.at\/da\/wp-json\/wp\/v2\/product_cat?post=52637"},{"taxonomy":"product_tag","embeddable":true,"href":"https:\/\/donaulife-new.ogrisdigital.at\/da\/wp-json\/wp\/v2\/product_tag?post=52637"}],"curies":[{"name":"wp","href":"https:\/\/api.w.org\/{rel}","templated":true}]}}