{"id":52600,"date":"2021-03-12T10:18:38","date_gmt":"2021-03-12T10:18:38","guid":{"rendered":"https:\/\/donaulife-new.ogrisdigital.at\/produkt\/blaze-glass-vorkuehler-frische-brise-mit-schlitzdiffusor-o-90-145-mm\/"},"modified":"2024-07-01T00:47:37","modified_gmt":"2024-07-01T00:47:37","slug":"blaze-glass-vorkuehler-frische-brise-mit-schlitzdiffusor-o-90-145-mm","status":"publish","type":"product","link":"https:\/\/donaulife-new.ogrisdigital.at\/da\/blaze-glass-vorkuehler-frische-brise-mit-schlitzdiffusor-o-90-145-mm\/","title":{"rendered":"BLAZE GLASS Vork\u00fchler &#8216;Frische Brise&#8217; mit Schlitzdiffusor 45\u00b0\/90\u00b0 | 14,5>14,5 mm"},"content":{"rendered":"<h2>Blaze Glass Vork\u00fchler mit Schlitzdiffusor<\/h2>\n<p>Dieser &#8216;Blaze Glass&#8217; Vork\u00fchler ist mit einem 10 Schlitz-Duschkopfdiffusor und einem zus\u00e4tzlichen Recycler ausger\u00fcstet. Dadurch werden nicht nur im ersten Durchgang die Schadstoffe gut ausgewaschen, sondern auch der Rauch angenehm vorgek\u00fchlt. Der zweite Durchgang (recycle) perfektioniert das Verfahren f\u00fcr h\u00f6chsten Rauchgenuss. Mit ca. 4mm Glasst\u00e4rke ein sehr robustes Bauteil in &#8216;Blaze Glass&#8217; Qualit\u00e4t!<\/p>\n<h3><span style=\"font-size: 20.16px;\">\u00dcber Blaze Glass:<\/span><\/h3>\n<div>\n<p>Blaze-Glass-Bongs sind aus spannungsfreiem 3.1-Borosilikatglas (vergleichbar mit Duranglas) h\u00f6chster G\u00fcteklasse gefertigt. Mindestens 5 mm Wandst\u00e4rke machen eine Wasserpfeife robust.<br \/>\nWir verwenden extrem passgenaue Normschliffe in 14,5 bzw. 18,8 mm. Je nach Bong-Geometrie kommen normale Schliffe, verst\u00e4rkte Schliffe und bi-stabile Schliffe (doppelte Wand) in unseren Produkten zum Einsatz.<\/p>\n<\/div>\n<p>&nbsp;<\/p>\n","protected":false},"excerpt":{"rendered":"<p>Blaze Glass Vork\u00fchler mit Schlitzdiffusor Dieser &#8216;Blaze Glass&#8217; Vork\u00fchler ist mit einem 10 Schlitz-Duschkopfdiffusor und einem zus\u00e4tzlichen Recycler ausger\u00fcstet. Dadurch<\/p>\n","protected":false},"featured_media":29590,"comment_status":"open","ping_status":"open","template":"","meta":{"_acf_changed":false},"product_cat":[2592,2545,2459,2463,2582,2460],"product_tag":[2547],"acf":[],"_links":{"self":[{"href":"https:\/\/donaulife-new.ogrisdigital.at\/da\/wp-json\/wp\/v2\/product\/52600"}],"collection":[{"href":"https:\/\/donaulife-new.ogrisdigital.at\/da\/wp-json\/wp\/v2\/product"}],"about":[{"href":"https:\/\/donaulife-new.ogrisdigital.at\/da\/wp-json\/wp\/v2\/types\/product"}],"replies":[{"embeddable":true,"href":"https:\/\/donaulife-new.ogrisdigital.at\/da\/wp-json\/wp\/v2\/comments?post=52600"}],"wp:featuredmedia":[{"embeddable":true,"href":"https:\/\/donaulife-new.ogrisdigital.at\/da\/wp-json\/wp\/v2\/media\/29590"}],"wp:attachment":[{"href":"https:\/\/donaulife-new.ogrisdigital.at\/da\/wp-json\/wp\/v2\/media?parent=52600"}],"wp:term":[{"taxonomy":"product_cat","embeddable":true,"href":"https:\/\/donaulife-new.ogrisdigital.at\/da\/wp-json\/wp\/v2\/product_cat?post=52600"},{"taxonomy":"product_tag","embeddable":true,"href":"https:\/\/donaulife-new.ogrisdigital.at\/da\/wp-json\/wp\/v2\/product_tag?post=52600"}],"curies":[{"name":"wp","href":"https:\/\/api.w.org\/{rel}","templated":true}]}}