{"id":52584,"date":"2021-03-11T08:42:44","date_gmt":"2021-03-11T08:42:44","guid":{"rendered":"https:\/\/donaulife-new.ogrisdigital.at\/produkt\/marley-natural-glasbong-schwarze-wallnuss-30-cm\/"},"modified":"2025-01-15T07:11:45","modified_gmt":"2025-01-15T07:11:45","slug":"marley-natural-glasbong-schwarze-wallnuss-30-cm","status":"publish","type":"product","link":"https:\/\/donaulife-new.ogrisdigital.at\/da\/marley-natural-glasbong-schwarze-wallnuss-30-cm\/","title":{"rendered":"MARLEY NATURAL Glasbong &#8216;Schwarze Wallnuss&#8217; | 30 cm"},"content":{"rendered":"<h2>Marley Natural Wallnuss Borosilikat-Glas Bong<\/h2>\n<div>Diese luxuri\u00f6se Glas-Wasserpfeife von Marley Natural ist\u00a0aus mundgeblasenem Borosilikat-Glas und nachhaltigem dunklen Walnussholz gefertigt. Der b\u00fcndige 5-Loch-Diffusor und die Eiskerben sorgen f\u00fcr ein k\u00fchles und geschmeidiges Rauchritual. Die abnehmbare Holzkammer ist mit dem Boden verbunden und erm\u00f6glicht eine bequeme Wartung Ihrer Pfeife.<\/div>\n<div><\/div>\n<div><strong>Abmessungen<\/strong><\/div>\n<div>Durchmesser: 12 cm<\/div>\n<div>Durchmesser Mundst\u00fcck: 5 cm<\/div>\n<div>H\u00f6he: 30 cm<\/div>\n<div>Chilluml\u00e4nge 13 cm<\/div>\n<h3>\u00dcber Marley Natural:<\/h3>\n<div>Marley Natural\u2122 ist eine Premium-Produktlinie, die mit Bewusstsein, Authentizit\u00e4t und echtem Respekt f\u00fcr die Vorteile der Natur hergestellt wird. Unsere Accessoires stammen alle aus verantwortungsvollen Quellen und sind von Integrit\u00e4t gepr\u00e4gt.<\/div>\n<div>Jedes unserer Angebote ist ein direktes Spiegelbild des Marley-Ethos, das die G\u00fcte der Natur mit dem Glauben an das positive Potenzial der Kr\u00e4uter verbindet. Als Agenten des Wandels f\u00f6rdern wir Positivit\u00e4t, Verbundenheit und pers\u00f6nliche Transformation. Und als Bef\u00fcrworter des Fortschritts bieten wir eine au\u00dfergew\u00f6hnliche Lifestyle-Linie, die von Jamaikas pulsierender Energie inspiriert ist. Wir sind stolz darauf, die offizielle Cannabis-Marke von Bob Marley zu sein.<\/div>\n","protected":false},"excerpt":{"rendered":"<p>Marley Natural Wallnuss Borosilikat-Glas Bong Diese luxuri\u00f6se Glas-Wasserpfeife von Marley Natural ist\u00a0aus mundgeblasenem Borosilikat-Glas und nachhaltigem dunklen Walnussholz gefertigt. Der<\/p>\n","protected":false},"featured_media":29512,"comment_status":"open","ping_status":"open","template":"","meta":{"_acf_changed":false},"product_cat":[2514,2489,2459,3342,2546,2523,2635,2506,2463],"product_tag":[3343],"acf":[],"_links":{"self":[{"href":"https:\/\/donaulife-new.ogrisdigital.at\/da\/wp-json\/wp\/v2\/product\/52584"}],"collection":[{"href":"https:\/\/donaulife-new.ogrisdigital.at\/da\/wp-json\/wp\/v2\/product"}],"about":[{"href":"https:\/\/donaulife-new.ogrisdigital.at\/da\/wp-json\/wp\/v2\/types\/product"}],"replies":[{"embeddable":true,"href":"https:\/\/donaulife-new.ogrisdigital.at\/da\/wp-json\/wp\/v2\/comments?post=52584"}],"wp:featuredmedia":[{"embeddable":true,"href":"https:\/\/donaulife-new.ogrisdigital.at\/da\/wp-json\/wp\/v2\/media\/29512"}],"wp:attachment":[{"href":"https:\/\/donaulife-new.ogrisdigital.at\/da\/wp-json\/wp\/v2\/media?parent=52584"}],"wp:term":[{"taxonomy":"product_cat","embeddable":true,"href":"https:\/\/donaulife-new.ogrisdigital.at\/da\/wp-json\/wp\/v2\/product_cat?post=52584"},{"taxonomy":"product_tag","embeddable":true,"href":"https:\/\/donaulife-new.ogrisdigital.at\/da\/wp-json\/wp\/v2\/product_tag?post=52584"}],"curies":[{"name":"wp","href":"https:\/\/api.w.org\/{rel}","templated":true}]}}