{"id":52531,"date":"2021-03-05T22:20:21","date_gmt":"2021-03-05T22:20:21","guid":{"rendered":"https:\/\/donaulife-new.ogrisdigital.at\/produkt\/stuendenglass-ersatz-kohleteller\/"},"modified":"2025-01-15T07:11:58","modified_gmt":"2025-01-15T07:11:58","slug":"stuendenglass-ersatz-kohleteller","status":"publish","type":"product","link":"https:\/\/donaulife-new.ogrisdigital.at\/da\/stuendenglass-ersatz-kohleteller\/","title":{"rendered":"ST\u00dcNDENGLASS Ersatz-Kohleteller"},"content":{"rendered":"<h1 class=\"title\">St\u00fcndenglass Gravity Hookah Kohleteller<\/h1>\n<div>\n<p>Ersatz-Kohleteller f\u00fcr die St\u00fcndenglass Gravity Hookah Wasserpfeife.<\/p>\n<\/div>\n<div>\n<h2>Lieferumfang<\/h2>\n<p>1x Hookah Kohleteller<\/p>\n<\/div>\n<p>&nbsp;<\/p>\n<div>\n<p>St\u00fcndenglass. Gravity Bong neu erfunden.<\/p>\n<\/div>\n<p>&nbsp;<\/p>\n","protected":false},"excerpt":{"rendered":"<p>St\u00fcndenglass Gravity Hookah Kohleteller Ersatz-Kohleteller f\u00fcr die St\u00fcndenglass Gravity Hookah Wasserpfeife. Lieferumfang 1x Hookah Kohleteller &nbsp; St\u00fcndenglass. Gravity Bong neu<\/p>\n","protected":false},"featured_media":28052,"comment_status":"open","ping_status":"open","template":"","meta":{"_acf_changed":false},"product_cat":[2459,2463,3285,2460],"product_tag":[3286],"acf":[],"_links":{"self":[{"href":"https:\/\/donaulife-new.ogrisdigital.at\/da\/wp-json\/wp\/v2\/product\/52531"}],"collection":[{"href":"https:\/\/donaulife-new.ogrisdigital.at\/da\/wp-json\/wp\/v2\/product"}],"about":[{"href":"https:\/\/donaulife-new.ogrisdigital.at\/da\/wp-json\/wp\/v2\/types\/product"}],"replies":[{"embeddable":true,"href":"https:\/\/donaulife-new.ogrisdigital.at\/da\/wp-json\/wp\/v2\/comments?post=52531"}],"wp:featuredmedia":[{"embeddable":true,"href":"https:\/\/donaulife-new.ogrisdigital.at\/da\/wp-json\/wp\/v2\/media\/28052"}],"wp:attachment":[{"href":"https:\/\/donaulife-new.ogrisdigital.at\/da\/wp-json\/wp\/v2\/media?parent=52531"}],"wp:term":[{"taxonomy":"product_cat","embeddable":true,"href":"https:\/\/donaulife-new.ogrisdigital.at\/da\/wp-json\/wp\/v2\/product_cat?post=52531"},{"taxonomy":"product_tag","embeddable":true,"href":"https:\/\/donaulife-new.ogrisdigital.at\/da\/wp-json\/wp\/v2\/product_tag?post=52531"}],"curies":[{"name":"wp","href":"https:\/\/api.w.org\/{rel}","templated":true}]}}